{"id":15977,"date":"2025-12-18T13:29:43","date_gmt":"2025-12-18T13:29:43","guid":{"rendered":"https:\/\/sabanadelamartours.com\/?post_type=product&#038;p=15977"},"modified":"2025-12-18T13:38:31","modified_gmt":"2025-12-18T13:38:31","slug":"airbnb-sabana-de-la-mar-kayak-tour-los-haitises","status":"publish","type":"product","link":"https:\/\/sabanadelamartours.com\/fr\/tournee\/airbnb-sabana-de-la-mar-kayak-tour-los-haitises\/","title":{"rendered":"Airbnb Sabana de la mar + Excursion en kayak Los Haitises"},"content":{"rendered":"<p>Excursion en bateau de 2 heures dans le parc national de Los Haitises et une chambre priv\u00e9e propre pour 1 nuit avec 2 lits doubles et toutes les n\u00e9cessit\u00e9s de base dont vous avez besoin, emplacement id\u00e9al, \u00e0 seulement 5 minutes en voiture du port de Sabana de la Mar. Vous serez proche du centre mais loin du bruit dans une zone calme et s\u00fbre. R\u00e9ception 24 heures sur 24 et cam\u00e9ras de s\u00e9curit\u00e9 dans toute la zone.<\/p>\n<p>L'espace<\/p>\n<p>La chambre est situ\u00e9e \u00e0 20 minutes en voiture du c\u00e9l\u00e8bre parc national Los Haitises \u00e0 Sabana de la Mar. Chaque ann\u00e9e, des milliers de personnes visitent Los Haitises. A 5 minutes en voiture du port de Sabana de la Mar. C'est le meilleur moyen de se rendre \u00e0 Samana (1 heure de ferry) ou de commencer une excursion... Observation des baleines, parc national Los Haitises, etc.<\/p>\n<p>Acc\u00e8s des invit\u00e9s<\/p>\n<p>-Parking gratuit dans la zone - 24 h avec cam\u00e9ras de s\u00e9curit\u00e9. -Zone tranquille. -Proche du centre. -Nous avons des offres sp\u00e9ciales pour nos clients pour des activit\u00e9s autour de l'h\u00f4tel.<\/p>\n<p>Lire la note !<\/p>\n<p>L'heure de d\u00e9part est fix\u00e9e \u00e0 12h00. Si vous souhaitez prolonger l'heure de d\u00e9part, des frais suppl\u00e9mentaires \u00e9quivalents \u00e0 30% du tarif de la chambre seront factur\u00e9s pour les prolongations jusqu'\u00e0 15 heures.<\/p>","protected":false},"excerpt":{"rendered":"<div data-track=\"overview\" data-v-83a2b402=\"\">\n<section id=\"activity-overview\" class=\"activity-overview\" data-component=\"overview\" data-v-83a2b402=\"\" data-v-f3236c42=\"\">\n<p class=\"activity-overview__content\" data-test-id=\"activity-overview-content\" data-v-f3236c42=\"\">Il s'agit d'un forfait avec chambre et excursion en bateau dans le parc national de Los Haitises. Transport inclus depuis Sabana de la mar. Mangroves, grottes et plus encore.<\/p>\n<\/section>\n<\/div>\n<div data-track=\"key-details\" data-v-83a2b402=\"\"><\/div>","protected":false},"featured_media":16160,"template":"","meta":[],"product_brand":[],"product_cat":[97],"product_tag":[101,102],"class_list":{"0":"post-15977","1":"product","2":"type-product","3":"status-publish","4":"has-post-thumbnail","6":"product_cat-dominican-republic","7":"product_tag-excursion","8":"product_tag-tour","10":"first","11":"instock","12":"shipping-taxable","13":"product-type-external"},"_links":{"self":[{"href":"https:\/\/sabanadelamartours.com\/fr\/wp-json\/wp\/v2\/product\/15977","targetHints":{"allow":["GET"]}}],"collection":[{"href":"https:\/\/sabanadelamartours.com\/fr\/wp-json\/wp\/v2\/product"}],"about":[{"href":"https:\/\/sabanadelamartours.com\/fr\/wp-json\/wp\/v2\/types\/product"}],"version-history":[{"count":0,"href":"https:\/\/sabanadelamartours.com\/fr\/wp-json\/wp\/v2\/product\/15977\/revisions"}],"wp:featuredmedia":[{"embeddable":true,"href":"https:\/\/sabanadelamartours.com\/fr\/wp-json\/wp\/v2\/media\/16160"}],"wp:attachment":[{"href":"https:\/\/sabanadelamartours.com\/fr\/wp-json\/wp\/v2\/media?parent=15977"}],"wp:term":[{"taxonomy":"product_brand","embeddable":true,"href":"https:\/\/sabanadelamartours.com\/fr\/wp-json\/wp\/v2\/product_brand?post=15977"},{"taxonomy":"product_cat","embeddable":true,"href":"https:\/\/sabanadelamartours.com\/fr\/wp-json\/wp\/v2\/product_cat?post=15977"},{"taxonomy":"product_tag","embeddable":true,"href":"https:\/\/sabanadelamartours.com\/fr\/wp-json\/wp\/v2\/product_tag?post=15977"}],"curies":[{"name":"wp","href":"https:\/\/api.w.org\/{rel}","templated":true}]}}