{"id":16089,"date":"2025-12-18T13:34:00","date_gmt":"2025-12-18T13:34:00","guid":{"rendered":"https:\/\/sabanadelamartours.com\/?post_type=product&#038;p=16089"},"modified":"2026-02-14T03:27:25","modified_gmt":"2026-02-14T03:27:25","slug":"visite-historique-de-saint-domingue-dans-la-ville-coloniale","status":"publish","type":"product","link":"https:\/\/sabanadelamartours.com\/fr\/tournee\/visite-historique-de-saint-domingue-dans-la-ville-coloniale\/","title":{"rendered":"Saint-Domingue : visite historique de la ville coloniale"},"content":{"rendered":"<p>Entrez dans la richesse culturelle et historique de Saint-Domingue avec cette visite de la zone coloniale. Accompagnez votre guide tout en explorant les monuments les plus importants et historiques de la ville coloniale, une zone qui a \u00e9t\u00e9 reconnue et pr\u00e9serv\u00e9e en tant que patrimoine mondial par l'UNESCO.<\/p>\n<p>Au cours de cette exp\u00e9rience, nous parcourrons minutieusement tous les points embl\u00e9matiques de la zone touristique de Saint-Domingue, en fournissant des informations d\u00e9taill\u00e9es et en prenant le temps n\u00e9cessaire pour le faire. Nous serons attentifs \u00e0 chaque petit d\u00e9tail et nous vous guiderons avec les plus hauts standards de professionnalisme et de qualit\u00e9 humaine qui nous caract\u00e9risent.<\/p>\n<div class=\"toggle-content__content toggle-content__content--expanded toggle-content__content--packable\" data-v-59485d64=\"\">\n<div data-test-id=\"activity-full-description-text\" data-v-5835c99c=\"\">Notre objectif est de pr\u00e9senter notre histoire et nos valeurs au monde entier, en offrant un service exceptionnel \u00e0 nos clients pour qu'ils se sentent sp\u00e9ciaux pour tous les Dominicains. Nous voulons que votre exp\u00e9rience soit inoubliable dans chacune de vos excursions.<\/div>\n<\/div>\n<div class=\"toggle-content__label-placeholder\" data-v-59485d64=\"\"><\/div>","protected":false},"excerpt":{"rendered":"<div data-track=\"overview\" data-v-83a2b402=\"\">\n<section id=\"activity-overview\" class=\"activity-overview\" data-component=\"overview\" data-v-83a2b402=\"\" data-v-f3236c42=\"\">\n<p class=\"activity-overview__content\" data-test-id=\"activity-overview-content\" data-v-f3236c42=\"\">Entrez dans la richesse culturelle et historique de Saint-Domingue avec cette visite de la zone coloniale. Accompagnez votre guide pendant que vous explorez les monuments les plus importants de la ville coloniale.<\/p>\n<\/section>\n<\/div>\n<div data-track=\"key-details\" data-v-83a2b402=\"\"><\/div>","protected":false},"featured_media":16303,"template":"","meta":[],"product_brand":[],"product_cat":[97],"product_tag":[101,102],"class_list":{"0":"post-16089","1":"product","2":"type-product","3":"status-publish","4":"has-post-thumbnail","6":"product_cat-dominican-republic","7":"product_tag-excursion","8":"product_tag-tour","10":"first","11":"instock","12":"shipping-taxable","13":"product-type-external"},"_links":{"self":[{"href":"https:\/\/sabanadelamartours.com\/fr\/wp-json\/wp\/v2\/product\/16089","targetHints":{"allow":["GET"]}}],"collection":[{"href":"https:\/\/sabanadelamartours.com\/fr\/wp-json\/wp\/v2\/product"}],"about":[{"href":"https:\/\/sabanadelamartours.com\/fr\/wp-json\/wp\/v2\/types\/product"}],"version-history":[{"count":1,"href":"https:\/\/sabanadelamartours.com\/fr\/wp-json\/wp\/v2\/product\/16089\/revisions"}],"predecessor-version":[{"id":19190,"href":"https:\/\/sabanadelamartours.com\/fr\/wp-json\/wp\/v2\/product\/16089\/revisions\/19190"}],"wp:featuredmedia":[{"embeddable":true,"href":"https:\/\/sabanadelamartours.com\/fr\/wp-json\/wp\/v2\/media\/16303"}],"wp:attachment":[{"href":"https:\/\/sabanadelamartours.com\/fr\/wp-json\/wp\/v2\/media?parent=16089"}],"wp:term":[{"taxonomy":"product_brand","embeddable":true,"href":"https:\/\/sabanadelamartours.com\/fr\/wp-json\/wp\/v2\/product_brand?post=16089"},{"taxonomy":"product_cat","embeddable":true,"href":"https:\/\/sabanadelamartours.com\/fr\/wp-json\/wp\/v2\/product_cat?post=16089"},{"taxonomy":"product_tag","embeddable":true,"href":"https:\/\/sabanadelamartours.com\/fr\/wp-json\/wp\/v2\/product_tag?post=16089"}],"curies":[{"name":"wp","href":"https:\/\/api.w.org\/{rel}","templated":true}]}}