{"id":16331,"date":"2025-12-18T13:46:21","date_gmt":"2025-12-18T13:46:21","guid":{"rendered":"https:\/\/sabanadelamartours.com\/?post_type=product&#038;p=16331"},"modified":"2026-01-09T05:43:46","modified_gmt":"2026-01-09T05:43:46","slug":"excursion-sur-lile-de-catalina-avec-plongee-en-apnee-et-dejeuner","status":"publish","type":"product","link":"https:\/\/sabanadelamartours.com\/fr\/tournee\/excursion-sur-lile-de-catalina-avec-plongee-en-apnee-et-dejeuner\/","title":{"rendered":"Visite de l'\u00eele de Catalina avec plong\u00e9e en apn\u00e9e et d\u00e9jeuner"},"content":{"rendered":"<p>We leave early in the morning from the hotels in Punta Cana and Bayahibe, in comfortable and air-conditioned buses, to reach the wonderful city of La Romana. Boarding upon arriving at the port in the Multihull, all the fun of our guides will take us to one of the most beautiful coral reefs in the Dominican Republic, there you can practice Diving and Snorkeling if you wish. Then we continue to Catalina Island to enjoy a refreshing swim, while whoever wants can also snorkel. We eat a delicious buffet lunch, while we drink some delicious drinks. In the afternoon return by Catamaran back to the Port of La Romana to return to the hotel.<\/p>","protected":false},"excerpt":{"rendered":"<div data-track=\"overview\" data-v-83a2b402=\"\">\n<section id=\"activity-overview\" class=\"activity-overview\" data-component=\"overview\" data-v-83a2b402=\"\" data-v-f3236c42=\"\">\n<p class=\"activity-overview__content\" data-test-id=\"activity-overview-content\" data-v-f3236c42=\"\">Nous partons aux premi\u00e8res heures du matin des h\u00f4tels de Punta Cana et de Bayahibe, dans des bus confortables et climatis\u00e9s, pour rejoindre la merveilleuse ville de La Romana.<\/p>\n<\/section>\n<\/div>\n<div data-track=\"key-details\" data-v-83a2b402=\"\"><\/div>","protected":false},"featured_media":16346,"template":"","meta":[],"product_brand":[],"product_cat":[97],"product_tag":[101,102],"class_list":{"0":"post-16331","1":"product","2":"type-product","3":"status-publish","4":"has-post-thumbnail","6":"product_cat-dominican-republic","7":"product_tag-excursion","8":"product_tag-tour","10":"first","11":"instock","12":"shipping-taxable","13":"product-type-external"},"_links":{"self":[{"href":"https:\/\/sabanadelamartours.com\/fr\/wp-json\/wp\/v2\/product\/16331","targetHints":{"allow":["GET"]}}],"collection":[{"href":"https:\/\/sabanadelamartours.com\/fr\/wp-json\/wp\/v2\/product"}],"about":[{"href":"https:\/\/sabanadelamartours.com\/fr\/wp-json\/wp\/v2\/types\/product"}],"version-history":[{"count":1,"href":"https:\/\/sabanadelamartours.com\/fr\/wp-json\/wp\/v2\/product\/16331\/revisions"}],"predecessor-version":[{"id":18725,"href":"https:\/\/sabanadelamartours.com\/fr\/wp-json\/wp\/v2\/product\/16331\/revisions\/18725"}],"wp:featuredmedia":[{"embeddable":true,"href":"https:\/\/sabanadelamartours.com\/fr\/wp-json\/wp\/v2\/media\/16346"}],"wp:attachment":[{"href":"https:\/\/sabanadelamartours.com\/fr\/wp-json\/wp\/v2\/media?parent=16331"}],"wp:term":[{"taxonomy":"product_brand","embeddable":true,"href":"https:\/\/sabanadelamartours.com\/fr\/wp-json\/wp\/v2\/product_brand?post=16331"},{"taxonomy":"product_cat","embeddable":true,"href":"https:\/\/sabanadelamartours.com\/fr\/wp-json\/wp\/v2\/product_cat?post=16331"},{"taxonomy":"product_tag","embeddable":true,"href":"https:\/\/sabanadelamartours.com\/fr\/wp-json\/wp\/v2\/product_tag?post=16331"}],"curies":[{"name":"wp","href":"https:\/\/api.w.org\/{rel}","templated":true}]}}