{"id":16344,"date":"2025-12-18T13:46:51","date_gmt":"2025-12-18T13:46:51","guid":{"rendered":"https:\/\/sabanadelamartours.com\/?post_type=product&#038;p=16344"},"modified":"2026-01-09T05:45:14","modified_gmt":"2026-01-09T05:45:14","slug":"bayahibe-cenotes-plongee-sous-marine-godive-bayahibe","status":"publish","type":"product","link":"https:\/\/sabanadelamartours.com\/fr\/tournee\/bayahibe-cenotes-plongee-sous-marine-godive-bayahibe\/","title":{"rendered":"Bayahibe - Plong\u00e9e sous-marine dans les c\u00e9notes - Godive Bayahibe"},"content":{"rendered":"<p>Notre transport viendra vous chercher \u00e0 votre h\u00f4tel. Nous r\u00e9cup\u00e9rerons votre \u00e9quipement de plong\u00e9e apr\u00e8s avoir sign\u00e9 les documents n\u00e9cessaires. Nous traverserons le parc de la jungle et admirerons les magnifiques cactus, la faune, la flore et les milliers de papillons. Notre \u00e9quipe transportera l'\u00e9quipement jusqu'au bord de l'eau. Apr\u00e8s le briefing, la plong\u00e9e commence dans le superbe cenote El Chicho avec ses formations de stalagtites, stalagmites, colonnes... Un incroyable jeu de lumi\u00e8re nous accompagnera tout au long de la plong\u00e9e. A la fin de l'exp\u00e9rience, une derni\u00e8re surprise vous attend \u00e0 notre v\u00e9hicule.<\/p>","protected":false},"excerpt":{"rendered":"<div data-track=\"overview\" data-v-83a2b402=\"\">\n<section id=\"activity-overview\" class=\"activity-overview\" data-component=\"overview\" data-v-83a2b402=\"\" data-v-f3236c42=\"\">\n<p class=\"activity-overview__content\" data-test-id=\"activity-overview-content\" data-v-f3236c42=\"\">Apr\u00e8s un trajet \u00e0 travers la jungle, exploration du magnifique cenote El Chicho. Incroyable jeu de lumi\u00e8re et de transparence de l'eau<\/p>\n<\/section>\n<\/div>\n<div data-track=\"key-details\" data-v-83a2b402=\"\"><\/div>","protected":false},"featured_media":16351,"template":"","meta":[],"product_brand":[],"product_cat":[97],"product_tag":[101,102],"class_list":{"0":"post-16344","1":"product","2":"type-product","3":"status-publish","4":"has-post-thumbnail","6":"product_cat-dominican-republic","7":"product_tag-excursion","8":"product_tag-tour","10":"first","11":"instock","12":"shipping-taxable","13":"product-type-external"},"_links":{"self":[{"href":"https:\/\/sabanadelamartours.com\/fr\/wp-json\/wp\/v2\/product\/16344","targetHints":{"allow":["GET"]}}],"collection":[{"href":"https:\/\/sabanadelamartours.com\/fr\/wp-json\/wp\/v2\/product"}],"about":[{"href":"https:\/\/sabanadelamartours.com\/fr\/wp-json\/wp\/v2\/types\/product"}],"version-history":[{"count":1,"href":"https:\/\/sabanadelamartours.com\/fr\/wp-json\/wp\/v2\/product\/16344\/revisions"}],"predecessor-version":[{"id":18726,"href":"https:\/\/sabanadelamartours.com\/fr\/wp-json\/wp\/v2\/product\/16344\/revisions\/18726"}],"wp:featuredmedia":[{"embeddable":true,"href":"https:\/\/sabanadelamartours.com\/fr\/wp-json\/wp\/v2\/media\/16351"}],"wp:attachment":[{"href":"https:\/\/sabanadelamartours.com\/fr\/wp-json\/wp\/v2\/media?parent=16344"}],"wp:term":[{"taxonomy":"product_brand","embeddable":true,"href":"https:\/\/sabanadelamartours.com\/fr\/wp-json\/wp\/v2\/product_brand?post=16344"},{"taxonomy":"product_cat","embeddable":true,"href":"https:\/\/sabanadelamartours.com\/fr\/wp-json\/wp\/v2\/product_cat?post=16344"},{"taxonomy":"product_tag","embeddable":true,"href":"https:\/\/sabanadelamartours.com\/fr\/wp-json\/wp\/v2\/product_tag?post=16344"}],"curies":[{"name":"wp","href":"https:\/\/api.w.org\/{rel}","templated":true}]}}