{"id":16560,"date":"2025-12-18T13:57:02","date_gmt":"2025-12-18T13:57:02","guid":{"rendered":"https:\/\/sabanadelamartours.com\/?post_type=product&#038;p=16560"},"modified":"2026-01-09T09:34:49","modified_gmt":"2026-01-09T09:34:49","slug":"-361","status":"publish","type":"product","link":"https:\/\/sabanadelamartours.com\/fr\/tournee\/-361\/","title":{"rendered":"Cayo Arena : Exp\u00e9rience VIP \u00e0 bord d'un catamaran de luxe"},"content":{"rendered":"<p>Cette excursion \u00e0 Cayo Arena offre un merveilleux circuit au d\u00e9part de Puerto Plata, dans des bus confortables et climatis\u00e9s, avec des chauffeurs exp\u00e9riment\u00e9s, accompagn\u00e9s de guides professionnels. Cette excursion offre de magnifiques paysages et des montagnes verdoyantes jusqu'\u00e0 Punta Rusia, un pittoresque village de p\u00eacheurs sur la c\u00f4te de Puerto Plata.<\/p>\n<p>L'excursion terrestre se termine \u00e0 la Playa Punta Rusia. De l\u00e0, vous embarquez \u00e0 bord d'un magnifique catamaran, afin d'appr\u00e9cier la flore et la faune de la voie d'eau et de visiter le parc national, en naviguant \u00e0 travers les mangroves, avec une vari\u00e9t\u00e9 de belles couleurs naturelles.<\/p>\n<div class=\"toggle-content__content toggle-content__content--expanded toggle-content__content--packable\" data-v-59485d64=\"\">\n<div data-test-id=\"activity-full-description-text\" data-v-5835c99c=\"\">Si vous avez de la chance, vous verrez le c\u00e9l\u00e8bre lamantin, \u00e9galement connu sous le nom de vache de mer. Apr\u00e8s 45 minutes, vous arrivez \u00e0 Cayo Arena. Vous aurez du temps libre pour faire de la plong\u00e9e avec masque et tuba, observer de nombreuses esp\u00e8ces de poissons de toutes les couleurs, prendre des photos et profiter d'une baignade rafra\u00eechissante dans une eau cristalline.<\/div>\n<\/div>\n<div class=\"toggle-content__label-placeholder\" data-v-59485d64=\"\"><\/div>","protected":false},"excerpt":{"rendered":"<div data-track=\"overview\" data-v-83a2b402=\"\">\n<section id=\"activity-overview\" class=\"activity-overview\" data-component=\"overview\" data-v-83a2b402=\"\" data-v-f3236c42=\"\">\n<p class=\"activity-overview__content\" data-test-id=\"activity-overview-content\" data-v-f3236c42=\"\">Naviguez \u00e0 bord d'un catamaran de luxe jusqu'\u00e0 l'\u00eele de Cayo Arena, un banc de sable envo\u00fbtant. D\u00e9gustez des canap\u00e9s servis par le personnel attentif, profitez d'un bar flottant pour vous rafra\u00eechir dans les eaux turquoise et nourrissez des milliers de poissons tropicaux. D\u00e9jeuner de homard inclus.<\/p>\n<\/section>\n<\/div>\n<div data-track=\"key-details\" data-v-83a2b402=\"\"><\/div>","protected":false},"featured_media":16588,"template":"","meta":[],"product_brand":[],"product_cat":[97],"product_tag":[101,102],"class_list":{"0":"post-16560","1":"product","2":"type-product","3":"status-publish","4":"has-post-thumbnail","6":"product_cat-dominican-republic","7":"product_tag-excursion","8":"product_tag-tour","10":"first","11":"instock","12":"shipping-taxable","13":"product-type-external"},"_links":{"self":[{"href":"https:\/\/sabanadelamartours.com\/fr\/wp-json\/wp\/v2\/product\/16560","targetHints":{"allow":["GET"]}}],"collection":[{"href":"https:\/\/sabanadelamartours.com\/fr\/wp-json\/wp\/v2\/product"}],"about":[{"href":"https:\/\/sabanadelamartours.com\/fr\/wp-json\/wp\/v2\/types\/product"}],"version-history":[{"count":1,"href":"https:\/\/sabanadelamartours.com\/fr\/wp-json\/wp\/v2\/product\/16560\/revisions"}],"predecessor-version":[{"id":18738,"href":"https:\/\/sabanadelamartours.com\/fr\/wp-json\/wp\/v2\/product\/16560\/revisions\/18738"}],"wp:featuredmedia":[{"embeddable":true,"href":"https:\/\/sabanadelamartours.com\/fr\/wp-json\/wp\/v2\/media\/16588"}],"wp:attachment":[{"href":"https:\/\/sabanadelamartours.com\/fr\/wp-json\/wp\/v2\/media?parent=16560"}],"wp:term":[{"taxonomy":"product_brand","embeddable":true,"href":"https:\/\/sabanadelamartours.com\/fr\/wp-json\/wp\/v2\/product_brand?post=16560"},{"taxonomy":"product_cat","embeddable":true,"href":"https:\/\/sabanadelamartours.com\/fr\/wp-json\/wp\/v2\/product_cat?post=16560"},{"taxonomy":"product_tag","embeddable":true,"href":"https:\/\/sabanadelamartours.com\/fr\/wp-json\/wp\/v2\/product_tag?post=16560"}],"curies":[{"name":"wp","href":"https:\/\/api.w.org\/{rel}","templated":true}]}}