{"id":16574,"date":"2025-12-18T13:57:37","date_gmt":"2025-12-18T13:57:37","guid":{"rendered":"https:\/\/sabanadelamartours.com\/?post_type=product&#038;p=16574"},"modified":"2026-01-07T11:00:46","modified_gmt":"2026-01-07T11:00:46","slug":"de-punta-cana-sanctuaire-observation-des-baleines-excursion-dune-journee-2","status":"publish","type":"product","link":"https:\/\/sabanadelamartours.com\/fr\/tournee\/de-punta-cana-sanctuaire-observation-des-baleines-excursion-dune-journee-2\/","title":{"rendered":"Au d\u00e9part de Punta Cana : Journ\u00e9e d'observation des baleines dans le sanctuaire"},"content":{"rendered":"<p>Profitez d'une croisi\u00e8re pittoresque et observez les baleines \u00e0 Cayo Levantado. Quittez Punta Cana et admirez les magnifiques vues de la c\u00f4te depuis le bateau, puis arr\u00eatez-vous sur l'\u00eele de Cayo Levantado pour le d\u00e9jeuner et l'exploration. L'excursion commence par un rendez-vous avec le guide \u00e0 votre h\u00f4tel ou \u00e0 votre logement \u00e0 Punta Cana vers 6 h 30, puis vous vous rendez au port de Sabana de La Mar. Montez \u00e0 bord du bateau et partez pour la partie de l'excursion consacr\u00e9e \u00e0 l'observation des baleines. Observez les baleines dans leur habitat naturel depuis le bateau et appr\u00e9ciez de voir ces magnifiques cr\u00e9atures de pr\u00e8s. Rep\u00e9rez des esp\u00e8ces marines comme les baleines \u00e0 bosse qui migrent chaque ann\u00e9e dans la r\u00e9gion. Voyagez jusqu'\u00e0 l'\u00eele de Cayo Levantado et arr\u00eatez-vous pour un d\u00e9jeuner dominicain typique avec des aliments locaux, et promenez-vous autour de l'\u00eele, jouez au volley-ball ou d\u00e9tendez-vous \u00e0 l'ombre. Retour \u00e0 Sabana de La Mar \u00e0 16h30, puis retour \u00e0 Punta Cana.<\/p>","protected":false},"excerpt":{"rendered":"<div data-track=\"overview\" data-v-83a2b402=\"\">\n<section id=\"activity-overview\" class=\"activity-overview\" data-component=\"overview\" data-v-83a2b402=\"\" data-v-f3236c42=\"\">\n<p class=\"activity-overview__content\" data-test-id=\"activity-overview-content\" data-v-f3236c42=\"\">Profitez d'une croisi\u00e8re pittoresque au d\u00e9part de Punta Cana pour observer les baleines de pr\u00e8s. Le bateau offre de magnifiques vues sur la c\u00f4te et s'arr\u00eate sur l'\u00eele de Cayo Levantado pour le d\u00e9jeuner et un peu de temps libre pour explorer.<\/p>\n<\/section>\n<\/div>\n<div data-track=\"key-details\" data-v-83a2b402=\"\"><\/div>","protected":false},"featured_media":16601,"template":"","meta":[],"product_brand":[],"product_cat":[97],"product_tag":[101,102],"class_list":{"0":"post-16574","1":"product","2":"type-product","3":"status-publish","4":"has-post-thumbnail","6":"product_cat-dominican-republic","7":"product_tag-excursion","8":"product_tag-tour","10":"first","11":"instock","12":"shipping-taxable","13":"product-type-external"},"_links":{"self":[{"href":"https:\/\/sabanadelamartours.com\/fr\/wp-json\/wp\/v2\/product\/16574","targetHints":{"allow":["GET"]}}],"collection":[{"href":"https:\/\/sabanadelamartours.com\/fr\/wp-json\/wp\/v2\/product"}],"about":[{"href":"https:\/\/sabanadelamartours.com\/fr\/wp-json\/wp\/v2\/types\/product"}],"version-history":[{"count":1,"href":"https:\/\/sabanadelamartours.com\/fr\/wp-json\/wp\/v2\/product\/16574\/revisions"}],"predecessor-version":[{"id":18602,"href":"https:\/\/sabanadelamartours.com\/fr\/wp-json\/wp\/v2\/product\/16574\/revisions\/18602"}],"wp:featuredmedia":[{"embeddable":true,"href":"https:\/\/sabanadelamartours.com\/fr\/wp-json\/wp\/v2\/media\/16601"}],"wp:attachment":[{"href":"https:\/\/sabanadelamartours.com\/fr\/wp-json\/wp\/v2\/media?parent=16574"}],"wp:term":[{"taxonomy":"product_brand","embeddable":true,"href":"https:\/\/sabanadelamartours.com\/fr\/wp-json\/wp\/v2\/product_brand?post=16574"},{"taxonomy":"product_cat","embeddable":true,"href":"https:\/\/sabanadelamartours.com\/fr\/wp-json\/wp\/v2\/product_cat?post=16574"},{"taxonomy":"product_tag","embeddable":true,"href":"https:\/\/sabanadelamartours.com\/fr\/wp-json\/wp\/v2\/product_tag?post=16574"}],"curies":[{"name":"wp","href":"https:\/\/api.w.org\/{rel}","templated":true}]}}