{"id":16700,"date":"2025-12-18T14:03:14","date_gmt":"2025-12-18T14:03:14","guid":{"rendered":"https:\/\/sabanadelamartours.com\/?post_type=product&#038;p=16700"},"modified":"2026-02-14T03:38:32","modified_gmt":"2026-02-14T03:38:32","slug":"atv-et-cheval-avec-grotte-bleue-punta-cana","status":"publish","type":"product","link":"https:\/\/sabanadelamartours.com\/fr\/tournee\/atv-et-cheval-avec-grotte-bleue-punta-cana\/","title":{"rendered":"VTT et \u00e9quitation avec Blue Cave :Punta Cana"},"content":{"rendered":"<p>Pr\u00e9parez-vous \u00e0 une journ\u00e9e pleine d'\u00e9motions et de d\u00e9couvertes gr\u00e2ce \u00e0 notre circuit combin\u00e9 exclusif. Conduisez un VTT \u00e0 travers des paysages spectaculaires, montez \u00e0 cheval le long de sentiers pittoresques, d\u00e9couvrez la vie locale dans une authentique maison typique et immergez-vous dans la beaut\u00e9 magique d'une grotte d'eau bleue cach\u00e9e. Ce circuit est le m\u00e9lange parfait d'adr\u00e9naline, de culture et de nature qui rendra votre aventure en R\u00e9publique dominicaine vraiment m\u00e9morable.<\/p>\n<p>Itin\u00e9raire de la visite :<\/p>\n<p>D\u00e9but du voyage :<\/p>\n<p>Votre journ\u00e9e commence par une prise en charge \u00e0 votre h\u00e9bergement et un accueil chaleureux de la part de nos guides experts. Apr\u00e8s une br\u00e8ve pr\u00e9sentation et la remise de l'\u00e9quipement, vous monterez \u00e0 bord d'un VTT pour commencer votre passionnant voyage.<\/p>\n<p>Aventure en VTT :<\/p>\n<p>Ressentez l'adr\u00e9naline en conduisant votre VTT le long de routes rurales et de sentiers cach\u00e9s. Profitez de vues panoramiques sur la v\u00e9g\u00e9tation luxuriante et les paysages tropicaux en empruntant des itin\u00e9raires passionnants qui offrent une v\u00e9ritable connexion avec la nature.<\/p>\n<p>\u00c9quitation :<\/p>\n<p>Apr\u00e8s les sensations du VTT, montez sur un noble cheval pour une promenade d\u00e9contract\u00e9e le long de routes charmantes. Cette partie du circuit vous permettra de profiter de la s\u00e9r\u00e9nit\u00e9 de la campagne et d'appr\u00e9cier la beaut\u00e9 naturelle \u00e0 un rythme tranquille, guid\u00e9 par nos cavaliers exp\u00e9riment\u00e9s.<\/p>\n<p>Visite d'une maison typique :<\/p>\n<p>Plongez dans la culture locale en visitant une maison typique. Vous aurez l'occasion de rencontrer les habitants, de d\u00e9couvrir leurs traditions et de go\u00fbter aux d\u00e9lices locaux pr\u00e9par\u00e9s avec amour. Cette \u00e9tape offre un aper\u00e7u authentique de la vie quotidienne et de l'hospitalit\u00e9 dominicaine.<\/p>\n<p>D\u00e9couverte de la grotte bleue :<\/p>\n<p>Le joyau cach\u00e9 de votre aventure est la grotte d'eau bleue. Apr\u00e8s une courte randonn\u00e9e, vous serez accueilli par les eaux turquoise de la grotte, un endroit magique qui vous invite \u00e0 nager et \u00e0 vous d\u00e9tendre dans son environnement rafra\u00eechissant. La beaut\u00e9 de ce coin cach\u00e9 vous laissera bouche b\u00e9e.<\/p>\n<p>Retour et adieu :<\/p>\n<div class=\"toggle-content__content toggle-content__content--expanded toggle-content__content--packable\" data-v-59485d64=\"\">\n<div data-test-id=\"activity-full-description-text\" data-v-5835c99c=\"\">Apr\u00e8s une journ\u00e9e riche en \u00e9motions, vous reviendrez \u00e0 votre point de d\u00e9part avec des souvenirs ind\u00e9l\u00e9biles d'une journ\u00e9e d'aventure, de culture et de beaut\u00e9 naturelle.<\/div>\n<\/div>\n<div class=\"toggle-content__label-placeholder\" data-v-59485d64=\"\"><\/div>","protected":false},"excerpt":{"rendered":"<div data-track=\"overview\" data-v-83a2b402=\"\">\n<section id=\"activity-overview\" class=\"activity-overview\" data-component=\"overview\" data-v-83a2b402=\"\" data-v-f3236c42=\"\">\n<p class=\"activity-overview__content\" data-test-id=\"activity-overview-content\" data-v-f3236c42=\"\">Embarquez pour une exp\u00e9rience unique, pleine d'adr\u00e9naline et de beaut\u00e9 naturelle, avec notre circuit combin\u00e9 VTT et cheval. Pr\u00e9parez-vous \u00e0 une journ\u00e9e passionnante qui vous fera d\u00e9couvrir des paysages \u00e0 couper le souffle.<\/p>\n<\/section>\n<\/div>\n<div data-track=\"key-details\" data-v-83a2b402=\"\"><\/div>","protected":false},"featured_media":16739,"template":"","meta":[],"product_brand":[],"product_cat":[97],"product_tag":[101,102],"class_list":{"0":"post-16700","1":"product","2":"type-product","3":"status-publish","4":"has-post-thumbnail","6":"product_cat-dominican-republic","7":"product_tag-excursion","8":"product_tag-tour","10":"first","11":"instock","12":"shipping-taxable","13":"product-type-external"},"_links":{"self":[{"href":"https:\/\/sabanadelamartours.com\/fr\/wp-json\/wp\/v2\/product\/16700","targetHints":{"allow":["GET"]}}],"collection":[{"href":"https:\/\/sabanadelamartours.com\/fr\/wp-json\/wp\/v2\/product"}],"about":[{"href":"https:\/\/sabanadelamartours.com\/fr\/wp-json\/wp\/v2\/types\/product"}],"version-history":[{"count":1,"href":"https:\/\/sabanadelamartours.com\/fr\/wp-json\/wp\/v2\/product\/16700\/revisions"}],"predecessor-version":[{"id":19211,"href":"https:\/\/sabanadelamartours.com\/fr\/wp-json\/wp\/v2\/product\/16700\/revisions\/19211"}],"wp:featuredmedia":[{"embeddable":true,"href":"https:\/\/sabanadelamartours.com\/fr\/wp-json\/wp\/v2\/media\/16739"}],"wp:attachment":[{"href":"https:\/\/sabanadelamartours.com\/fr\/wp-json\/wp\/v2\/media?parent=16700"}],"wp:term":[{"taxonomy":"product_brand","embeddable":true,"href":"https:\/\/sabanadelamartours.com\/fr\/wp-json\/wp\/v2\/product_brand?post=16700"},{"taxonomy":"product_cat","embeddable":true,"href":"https:\/\/sabanadelamartours.com\/fr\/wp-json\/wp\/v2\/product_cat?post=16700"},{"taxonomy":"product_tag","embeddable":true,"href":"https:\/\/sabanadelamartours.com\/fr\/wp-json\/wp\/v2\/product_tag?post=16700"}],"curies":[{"name":"wp","href":"https:\/\/api.w.org\/{rel}","templated":true}]}}