{"id":16877,"date":"2025-12-18T14:11:24","date_gmt":"2025-12-18T14:11:24","guid":{"rendered":"https:\/\/sabanadelamartours.com\/?post_type=product&#038;p=16877"},"modified":"2026-01-09T04:04:08","modified_gmt":"2026-01-09T04:04:08","slug":"excursion-dune-journee-en-bateau-sur-la-plage-de-bahia-de-las-aguilas-3","status":"publish","type":"product","link":"https:\/\/sabanadelamartours.com\/fr\/tournee\/excursion-dune-journee-en-bateau-sur-la-plage-de-bahia-de-las-aguilas-3\/","title":{"rendered":"Bah\u00eda de las Aguilas : excursion d'une journ\u00e9e \u00e0 la plage en bateau"},"content":{"rendered":"<p>Commencez votre journ\u00e9e par une prise en charge pratique \u00e0 votre h\u00e9bergement situ\u00e9 \u00e0 Barahona. Votre guide amical et professionnel vous y attendra et, apr\u00e8s une br\u00e8ve rencontre, vous prendrez une route pittoresque le long de la route c\u00f4ti\u00e8re avec des vues panoramiques \u00e0 couper le souffle.<\/p>\n<p>Vous passez par Los Patos, bien connu des locaux comme l'un des meilleurs endroits pour se baigner dans la r\u00e9gion. Poursuivez votre voyage jusqu'au petit port et au village de p\u00eacheurs de Cabo Rojo. Au port, votre bateau vous attend, pr\u00eat \u00e0 vous emmener en croisi\u00e8re \u00e0 la d\u00e9couverte de l'\u00eele.<\/p>\n<p>Profitez d'une promenade en bateau sur des eaux cristallines pendant 15 minutes, tout en admirant les vues pittoresques de l'\u00eele. Une fois la promenade en bateau termin\u00e9e, vous arriverez \u00e0 la Bah\u00eda de las Aguilas (baie de l'Aigle). Eagle Bay est une plage de 8 km de sable blanc situ\u00e9e dans un parc national. Vous y d\u00e9couvrirez un paysage c\u00f4tier exceptionnel, comme vous n'en avez jamais vu, avec des eaux cristallines aux nuances de turquoise et de bleu opale. Vous aurez \u00e9galement le temps de vous baigner, de faire de la plong\u00e9e avec masque et tuba ou d'explorer ce paradis \u00e9cologique intact. Le d\u00e9jeuner dans un restaurant r\u00e9put\u00e9 pour ses plats typiques est disponible en suppl\u00e9ment.<\/p>\n<div class=\"toggle-content__content toggle-content__content--expanded toggle-content__content--packable\" data-v-59485d64=\"\">\n<div data-test-id=\"activity-full-description-text\" data-v-5835c99c=\"\">\u00c0 la fin d'une journ\u00e9e pleine d'aventures, vous pourrez vous d\u00e9tendre en retournant \u00e0 votre h\u00e9bergement \u00e0 Barahona.<\/div>\n<\/div>\n<div class=\"toggle-content__label-placeholder\" data-v-59485d64=\"\"><\/div>","protected":false},"excerpt":{"rendered":"<div data-track=\"overview\" data-v-83a2b402=\"\">\n<section id=\"activity-overview\" class=\"activity-overview\" data-component=\"overview\" data-v-83a2b402=\"\" data-v-f3236c42=\"\">\n<p class=\"activity-overview__content\" data-test-id=\"activity-overview-content\" data-v-f3236c42=\"\">D\u00e9couvrez l'une des plus belles plages du monde - Bah\u00eda de las Aguilas ! Avec un guide professionnel, vous profiterez d'une journ\u00e9e de baignade au soleil et de vues paradisiaques sur l'\u00eele.<\/p>\n<\/section>\n<\/div>\n<div data-track=\"key-details\" data-v-83a2b402=\"\"><\/div>","protected":false},"featured_media":15496,"template":"","meta":[],"product_brand":[],"product_cat":[216],"product_tag":[101,102],"class_list":{"0":"post-16877","1":"product","2":"type-product","3":"status-publish","4":"has-post-thumbnail","6":"product_cat-dominican","7":"product_tag-excursion","8":"product_tag-tour","10":"first","11":"instock","12":"shipping-taxable","13":"product-type-external"},"_links":{"self":[{"href":"https:\/\/sabanadelamartours.com\/fr\/wp-json\/wp\/v2\/product\/16877","targetHints":{"allow":["GET"]}}],"collection":[{"href":"https:\/\/sabanadelamartours.com\/fr\/wp-json\/wp\/v2\/product"}],"about":[{"href":"https:\/\/sabanadelamartours.com\/fr\/wp-json\/wp\/v2\/types\/product"}],"version-history":[{"count":1,"href":"https:\/\/sabanadelamartours.com\/fr\/wp-json\/wp\/v2\/product\/16877\/revisions"}],"predecessor-version":[{"id":18682,"href":"https:\/\/sabanadelamartours.com\/fr\/wp-json\/wp\/v2\/product\/16877\/revisions\/18682"}],"wp:featuredmedia":[{"embeddable":true,"href":"https:\/\/sabanadelamartours.com\/fr\/wp-json\/wp\/v2\/media\/15496"}],"wp:attachment":[{"href":"https:\/\/sabanadelamartours.com\/fr\/wp-json\/wp\/v2\/media?parent=16877"}],"wp:term":[{"taxonomy":"product_brand","embeddable":true,"href":"https:\/\/sabanadelamartours.com\/fr\/wp-json\/wp\/v2\/product_brand?post=16877"},{"taxonomy":"product_cat","embeddable":true,"href":"https:\/\/sabanadelamartours.com\/fr\/wp-json\/wp\/v2\/product_cat?post=16877"},{"taxonomy":"product_tag","embeddable":true,"href":"https:\/\/sabanadelamartours.com\/fr\/wp-json\/wp\/v2\/product_tag?post=16877"}],"curies":[{"name":"wp","href":"https:\/\/api.w.org\/{rel}","templated":true}]}}