{"id":16935,"date":"2025-12-18T14:14:32","date_gmt":"2025-12-18T14:14:32","guid":{"rendered":"https:\/\/sabanadelamartours.com\/?post_type=product&#038;p=16935"},"modified":"2026-02-14T03:55:05","modified_gmt":"2026-02-14T03:55:05","slug":"dune-buggy-punta-cana-plage-macao-avec-cenote","status":"publish","type":"product","link":"https:\/\/sabanadelamartours.com\/fr\/tournee\/dune-buggy-punta-cana-plage-macao-avec-cenote\/","title":{"rendered":"Dune Buggy Punta Cana Beach Macao avec Cenote"},"content":{"rendered":"<p>Vivez l'aventure ultime avec notre excursion en buggy \u00e0 Macao Offroad Experience. D\u00e9couvrez les paysages de Punta Cana avec des guides experts, explorez le sable immacul\u00e9 de la plage de Macao et plongez dans le c\u00e9note \u201cCueva Ta\u00edna\u201d. \u00c0 la base du ranch, pr\u00e9parez-vous pour le voyage et visitez une maison typique pour une d\u00e9gustation de caf\u00e9. Embarquez pour une randonn\u00e9e palpitante \u00e0 travers des sentiers de boue et immergez-vous dans la culture dominicaine. Profitez du transport aller-retour, d'une baignade rafra\u00eechissante dans un c\u00e9note et des conseils d'un expert. D\u00e9part quotidien avec trois \u00e9quipes disponibles. Pr\u00e9parez-vous \u00e0 \u00eatre \u00e0 l'aise et apportez de l'argent pour faire des achats. Notez l'\u00e2ge et les d\u00e9tails de la prise en charge pour une exp\u00e9rience sans faille.<\/p>","protected":false},"excerpt":{"rendered":"<div data-track=\"overview\" data-v-83a2b402=\"\">\n<section id=\"activity-overview\" class=\"activity-overview\" data-component=\"overview\" data-v-83a2b402=\"\" data-v-f3236c42=\"\">\n<p class=\"activity-overview__content\" data-test-id=\"activity-overview-content\" data-v-f3236c42=\"\">D\u00e9couvrez les paysages pittoresques et la culture avec notre buggy. D\u00e9couvrez des sentiers de boue palpitants. Visite d'une maison typique, d'un c\u00e9note ta\u00efno et de la plage de Macao.<\/p>\n<\/section>\n<\/div>\n<div data-track=\"key-details\" data-v-83a2b402=\"\"><\/div>","protected":false},"featured_media":16991,"template":"","meta":[],"product_brand":[],"product_cat":[97],"product_tag":[101,102],"class_list":{"0":"post-16935","1":"product","2":"type-product","3":"status-publish","4":"has-post-thumbnail","6":"product_cat-dominican-republic","7":"product_tag-excursion","8":"product_tag-tour","10":"first","11":"instock","12":"sale","13":"shipping-taxable","14":"product-type-external"},"_links":{"self":[{"href":"https:\/\/sabanadelamartours.com\/fr\/wp-json\/wp\/v2\/product\/16935","targetHints":{"allow":["GET"]}}],"collection":[{"href":"https:\/\/sabanadelamartours.com\/fr\/wp-json\/wp\/v2\/product"}],"about":[{"href":"https:\/\/sabanadelamartours.com\/fr\/wp-json\/wp\/v2\/types\/product"}],"version-history":[{"count":1,"href":"https:\/\/sabanadelamartours.com\/fr\/wp-json\/wp\/v2\/product\/16935\/revisions"}],"predecessor-version":[{"id":19224,"href":"https:\/\/sabanadelamartours.com\/fr\/wp-json\/wp\/v2\/product\/16935\/revisions\/19224"}],"wp:featuredmedia":[{"embeddable":true,"href":"https:\/\/sabanadelamartours.com\/fr\/wp-json\/wp\/v2\/media\/16991"}],"wp:attachment":[{"href":"https:\/\/sabanadelamartours.com\/fr\/wp-json\/wp\/v2\/media?parent=16935"}],"wp:term":[{"taxonomy":"product_brand","embeddable":true,"href":"https:\/\/sabanadelamartours.com\/fr\/wp-json\/wp\/v2\/product_brand?post=16935"},{"taxonomy":"product_cat","embeddable":true,"href":"https:\/\/sabanadelamartours.com\/fr\/wp-json\/wp\/v2\/product_cat?post=16935"},{"taxonomy":"product_tag","embeddable":true,"href":"https:\/\/sabanadelamartours.com\/fr\/wp-json\/wp\/v2\/product_tag?post=16935"}],"curies":[{"name":"wp","href":"https:\/\/api.w.org\/{rel}","templated":true}]}}