{"id":16941,"date":"2025-12-18T14:15:07","date_gmt":"2025-12-18T14:15:07","guid":{"rendered":"https:\/\/sabanadelamartours.com\/?post_type=product&#038;p=16941"},"modified":"2026-01-09T13:11:35","modified_gmt":"2026-01-09T13:11:35","slug":"journee-culturelle-altos-de-chavon-experiences-higuey","status":"publish","type":"product","link":"https:\/\/sabanadelamartours.com\/fr\/tournee\/journee-culturelle-altos-de-chavon-experiences-higuey\/","title":{"rendered":"Altos de Chav\u00f3n : Journ\u00e9e culturelle Exp\u00e9riences de Higuey"},"content":{"rendered":"<p>Nous arriverons \u00e0 la ville de pierre et au mus\u00e9e d'Alto de Chavon, une ville construite sur une vue magnifique de la rivi\u00e8re Chavon, o\u00f9 nous irons \u00e0 son amphith\u00e9\u00e2tre avec une vue spectaculaire, et visiterons son mus\u00e9e. Nous passerons de Casa de Campo \u00e0 la ville d'Higuey o\u00f9 nous visiterons la basilique de l'Altagracia, m\u00e8re de tous les Dominicains, Ensuite, nous ferons un tour au march\u00e9 local pour prendre contact avec la culture dominicaine, puis nous nous rendrons \u00e0 la rivi\u00e8re Anamuya o\u00f9 nous prendrons un d\u00e9jeuner dominicain au bord de la rivi\u00e8re. Notre dernier arr\u00eat se fera dans une maison typique pour go\u00fbter et apprendre \u00e0 faire du chocolat et du caf\u00e9 avec une famille locale, une journ\u00e9e spectaculaire.<\/p>","protected":false},"excerpt":{"rendered":"<div data-track=\"overview\" data-v-83a2b402=\"\">\n<section id=\"activity-overview\" class=\"activity-overview\" data-component=\"overview\" data-v-83a2b402=\"\" data-v-f3236c42=\"\">\n<p class=\"activity-overview__content\" data-test-id=\"activity-overview-content\" data-v-f3236c42=\"\">Cette excursion est recommand\u00e9e pour sortir de la routine de la journ\u00e9e et avoir une combinaison parfaite de culture et de contact local en voyageant dans le pass\u00e9 parmi les champs de canne \u00e0 sucre pour une journ\u00e9e super excitante.<\/p>\n<\/section>\n<\/div>\n<div data-track=\"key-details\" data-v-83a2b402=\"\"><\/div>","protected":false},"featured_media":16992,"template":"","meta":[],"product_brand":[],"product_cat":[97],"product_tag":[101,102],"class_list":{"0":"post-16941","1":"product","2":"type-product","3":"status-publish","4":"has-post-thumbnail","6":"product_cat-dominican-republic","7":"product_tag-excursion","8":"product_tag-tour","10":"first","11":"instock","12":"shipping-taxable","13":"product-type-external"},"_links":{"self":[{"href":"https:\/\/sabanadelamartours.com\/fr\/wp-json\/wp\/v2\/product\/16941","targetHints":{"allow":["GET"]}}],"collection":[{"href":"https:\/\/sabanadelamartours.com\/fr\/wp-json\/wp\/v2\/product"}],"about":[{"href":"https:\/\/sabanadelamartours.com\/fr\/wp-json\/wp\/v2\/types\/product"}],"version-history":[{"count":1,"href":"https:\/\/sabanadelamartours.com\/fr\/wp-json\/wp\/v2\/product\/16941\/revisions"}],"predecessor-version":[{"id":18758,"href":"https:\/\/sabanadelamartours.com\/fr\/wp-json\/wp\/v2\/product\/16941\/revisions\/18758"}],"wp:featuredmedia":[{"embeddable":true,"href":"https:\/\/sabanadelamartours.com\/fr\/wp-json\/wp\/v2\/media\/16992"}],"wp:attachment":[{"href":"https:\/\/sabanadelamartours.com\/fr\/wp-json\/wp\/v2\/media?parent=16941"}],"wp:term":[{"taxonomy":"product_brand","embeddable":true,"href":"https:\/\/sabanadelamartours.com\/fr\/wp-json\/wp\/v2\/product_brand?post=16941"},{"taxonomy":"product_cat","embeddable":true,"href":"https:\/\/sabanadelamartours.com\/fr\/wp-json\/wp\/v2\/product_cat?post=16941"},{"taxonomy":"product_tag","embeddable":true,"href":"https:\/\/sabanadelamartours.com\/fr\/wp-json\/wp\/v2\/product_tag?post=16941"}],"curies":[{"name":"wp","href":"https:\/\/api.w.org\/{rel}","templated":true}]}}