{"id":17355,"date":"2025-12-18T14:33:19","date_gmt":"2025-12-18T14:33:19","guid":{"rendered":"https:\/\/sabanadelamartours.com\/?post_type=product&#038;p=17355"},"modified":"2026-01-09T14:41:41","modified_gmt":"2026-01-09T14:41:41","slug":"tour-en-buggy-et-parachute-ascensionnel","status":"publish","type":"product","link":"https:\/\/sabanadelamartours.com\/fr\/tournee\/tour-en-buggy-et-parachute-ascensionnel\/","title":{"rendered":"Excursion en buggy et exp\u00e9rience en parachute ascensionnel"},"content":{"rendered":"<p>es excursions sont excellentes pour profiter de la nature... pour toute la famille et les jeunes en s'amusant \u00c0 l'heure que vous aurez choisie, nous viendrons vous chercher \u00e0 votre h\u00f4tel de Punta Cana et nous vous emm\u00e8nerons dans les eaux chaudes de la mer des Cara\u00efbes pour une authentique aventure en parachute ascensionnel. \u00cates-vous pr\u00eat ?<\/p>\n<p>Nous viendrons vous chercher \u00e0 votre lieu de rendez-vous le matin entre 7h30 et 8h00, de sorte qu'\u00e0 14h00 vous serez \u00e0 votre h\u00f4tel avec les deux excursions termin\u00e9es.<\/p>\n<p>L'excursion en parachute ascensionnel peut pr\u00e9senter un l\u00e9ger retard si le vent n'est pas stable et ne permet pas de voler en toute s\u00e9curit\u00e9. Pour votre s\u00e9curit\u00e9, nous esp\u00e9rons toujours que le vent soit dans sa meilleure condition afin que votre excursion se d\u00e9roule avec toute la s\u00e9curit\u00e9 requise.<\/p>","protected":false},"excerpt":{"rendered":"<div data-track=\"overview\" data-v-83a2b402=\"\">\n<section id=\"activity-overview\" class=\"activity-overview\" data-component=\"overview\" data-v-83a2b402=\"\" data-v-f3236c42=\"\">\n<p class=\"activity-overview__content\" data-test-id=\"activity-overview-content\" data-v-f3236c42=\"\">Profitez de deux excursions en r\u00e9servant 1. un tour en buggy d'aventure, puis un tour en parachute ascensionnel \u00e0 60 m\u00e8tres de hauteur. une journ\u00e9e d'aventure.<\/p>\n<\/section>\n<\/div>\n<div data-track=\"key-details\" data-v-83a2b402=\"\"><\/div>","protected":false},"featured_media":17496,"template":"","meta":[],"product_brand":[],"product_cat":[97],"product_tag":[101,102],"class_list":{"0":"post-17355","1":"product","2":"type-product","3":"status-publish","4":"has-post-thumbnail","6":"product_cat-dominican-republic","7":"product_tag-excursion","8":"product_tag-tour","10":"first","11":"instock","12":"shipping-taxable","13":"product-type-external"},"_links":{"self":[{"href":"https:\/\/sabanadelamartours.com\/fr\/wp-json\/wp\/v2\/product\/17355","targetHints":{"allow":["GET"]}}],"collection":[{"href":"https:\/\/sabanadelamartours.com\/fr\/wp-json\/wp\/v2\/product"}],"about":[{"href":"https:\/\/sabanadelamartours.com\/fr\/wp-json\/wp\/v2\/types\/product"}],"version-history":[{"count":1,"href":"https:\/\/sabanadelamartours.com\/fr\/wp-json\/wp\/v2\/product\/17355\/revisions"}],"predecessor-version":[{"id":18779,"href":"https:\/\/sabanadelamartours.com\/fr\/wp-json\/wp\/v2\/product\/17355\/revisions\/18779"}],"wp:featuredmedia":[{"embeddable":true,"href":"https:\/\/sabanadelamartours.com\/fr\/wp-json\/wp\/v2\/media\/17496"}],"wp:attachment":[{"href":"https:\/\/sabanadelamartours.com\/fr\/wp-json\/wp\/v2\/media?parent=17355"}],"wp:term":[{"taxonomy":"product_brand","embeddable":true,"href":"https:\/\/sabanadelamartours.com\/fr\/wp-json\/wp\/v2\/product_brand?post=17355"},{"taxonomy":"product_cat","embeddable":true,"href":"https:\/\/sabanadelamartours.com\/fr\/wp-json\/wp\/v2\/product_cat?post=17355"},{"taxonomy":"product_tag","embeddable":true,"href":"https:\/\/sabanadelamartours.com\/fr\/wp-json\/wp\/v2\/product_tag?post=17355"}],"curies":[{"name":"wp","href":"https:\/\/api.w.org\/{rel}","templated":true}]}}