{"id":17361,"date":"2025-12-18T14:33:19","date_gmt":"2025-12-18T14:33:19","guid":{"rendered":"https:\/\/sabanadelamartours.com\/?post_type=product&#038;p=17361"},"modified":"2026-01-09T14:45:33","modified_gmt":"2026-01-09T14:45:33","slug":"republique-dominicaine-visite-de-3-heures-pour-les-amateurs-de-chocolat","status":"publish","type":"product","link":"https:\/\/sabanadelamartours.com\/fr\/tournee\/republique-dominicaine-visite-de-3-heures-pour-les-amateurs-de-chocolat\/","title":{"rendered":"R\u00e9publique dominicaine : Visite de 3 heures pour les amateurs de chocolat"},"content":{"rendered":"<p>Si vous \u00eates un amateur de chocolat, vous avez la possibilit\u00e9 de profiter de cette session \u00e9ducative approfondie sur le chocolat. Cette visite vous permet de b\u00e9n\u00e9ficier des avantages de la visite de la plantation et d'obtenir des informations suppl\u00e9mentaires de la part des experts en chocolat.<\/p>\n<p>Au cours de cette visite, les experts vous guideront \u00e0 travers chacune des \u00e9tapes n\u00e9cessaires \u00e0 la fabrication d'un cacao de qualit\u00e9. Cela commence par l'ensemencement, o\u00f9 vous pouvez semer votre propre plant de cacao, et se poursuit par l'apprentissage de la r\u00e9colte, de la coupe et de l'extraction des grains dans une cabosse de cacao. Poursuivez avec le processus post-r\u00e9colte : la fermentation et le s\u00e9chage, qui sont des facteurs d\u00e9terminants pour la qualit\u00e9 du chocolat. D\u00e9couvrez l'\u00e9cosyst\u00e8me de la R\u00e9publique dominicaine et ce qui lui permet de r\u00e9unir les conditions parfaites pour la culture d'un cacao de qualit\u00e9, qui se transforme en chocolats de la meilleure qualit\u00e9.<\/p>\n<p>Apr\u00e8s un excellent d\u00e9jeuner local, vous assistez \u00e0 une session o\u00f9 vous apprenez \u00e0 go\u00fbter le chocolat avec vos cinq sens. En outre, vous visitez une autre plantation, o\u00f9 vous pouvez observer le traitement automatis\u00e9 du cacao \u00e0 petite \u00e9chelle. Vous en apprendrez \u00e9galement davantage sur les processus de fermentation et de s\u00e9chage, ainsi que sur leur importance dans la cr\u00e9ation d'un chocolat de qualit\u00e9.<\/p>","protected":false},"excerpt":{"rendered":"<div data-track=\"overview\" data-v-83a2b402=\"\">\n<section id=\"activity-overview\" class=\"activity-overview\" data-component=\"overview\" data-v-83a2b402=\"\" data-v-f3236c42=\"\">\n<p class=\"activity-overview__content\" data-test-id=\"activity-overview-content\" data-v-f3236c42=\"\">Cette visite de 3 heures en R\u00e9publique dominicaine est con\u00e7ue pour les amateurs de chocolat qui souhaitent approfondir le processus de fabrication du cacao et du chocolat. Vous visiterez, d\u00e9jeunerez et ferez une d\u00e9gustation exclusive de chocolat.<\/p>\n<\/section>\n<\/div>\n<div data-track=\"key-details\" data-v-83a2b402=\"\"><\/div>","protected":false},"featured_media":17537,"template":"","meta":[],"product_brand":[],"product_cat":[97],"product_tag":[101,102],"class_list":{"0":"post-17361","1":"product","2":"type-product","3":"status-publish","4":"has-post-thumbnail","6":"product_cat-dominican-republic","7":"product_tag-excursion","8":"product_tag-tour","10":"first","11":"instock","12":"shipping-taxable","13":"product-type-external"},"_links":{"self":[{"href":"https:\/\/sabanadelamartours.com\/fr\/wp-json\/wp\/v2\/product\/17361","targetHints":{"allow":["GET"]}}],"collection":[{"href":"https:\/\/sabanadelamartours.com\/fr\/wp-json\/wp\/v2\/product"}],"about":[{"href":"https:\/\/sabanadelamartours.com\/fr\/wp-json\/wp\/v2\/types\/product"}],"version-history":[{"count":1,"href":"https:\/\/sabanadelamartours.com\/fr\/wp-json\/wp\/v2\/product\/17361\/revisions"}],"predecessor-version":[{"id":18783,"href":"https:\/\/sabanadelamartours.com\/fr\/wp-json\/wp\/v2\/product\/17361\/revisions\/18783"}],"wp:featuredmedia":[{"embeddable":true,"href":"https:\/\/sabanadelamartours.com\/fr\/wp-json\/wp\/v2\/media\/17537"}],"wp:attachment":[{"href":"https:\/\/sabanadelamartours.com\/fr\/wp-json\/wp\/v2\/media?parent=17361"}],"wp:term":[{"taxonomy":"product_brand","embeddable":true,"href":"https:\/\/sabanadelamartours.com\/fr\/wp-json\/wp\/v2\/product_brand?post=17361"},{"taxonomy":"product_cat","embeddable":true,"href":"https:\/\/sabanadelamartours.com\/fr\/wp-json\/wp\/v2\/product_cat?post=17361"},{"taxonomy":"product_tag","embeddable":true,"href":"https:\/\/sabanadelamartours.com\/fr\/wp-json\/wp\/v2\/product_tag?post=17361"}],"curies":[{"name":"wp","href":"https:\/\/api.w.org\/{rel}","templated":true}]}}