{"id":17362,"date":"2025-12-18T14:33:19","date_gmt":"2025-12-18T14:33:19","guid":{"rendered":"https:\/\/sabanadelamartours.com\/?post_type=product&#038;p=17362"},"modified":"2026-01-09T14:46:20","modified_gmt":"2026-01-09T14:46:20","slug":"buggy-des-dunes-breef-safari-grotte-de-la-riviere-et-plage-de-macao-2","status":"publish","type":"product","link":"https:\/\/sabanadelamartours.com\/fr\/tournee\/buggy-des-dunes-breef-safari-grotte-de-la-riviere-et-plage-de-macao-2\/","title":{"rendered":"Dune Buggie + Breef Safari + River Cave et Macao Beach"},"content":{"rendered":"<p>Une aventure passionnante et amusante o\u00f9 vous rencontrerez des buggies qui font partie de la culture dominicaine, comme le caf\u00e9, le cacao, le tabac \u00e0 priser et leur processus, ainsi que la visite de Macao et de sa magnifique plage aux eaux cristallines.<\/p>\n<p>Profitez d'une aventure passionnante en buggy o\u00f9 vous pourrez admirer les paysages \u00e9poustouflants de la plage de Macao et nager dans ses eaux \u00e9tonnantes. Ce sera une aventure inoubliable et folle d'une demi-journ\u00e9e qui se d\u00e9roulera sur les sentiers de la campagne dominicaine.<\/p>\n<div class=\"toggle-content__content toggle-content__content--expanded toggle-content__content--packable\" data-v-59485d64=\"\">\n<div data-test-id=\"activity-full-description-text\" data-v-5835c99c=\"\">Nous nous arr\u00eaterons \u00e9galement dans une maison dominicaine typique pour assister \u00e0 la fabrication du cacao et du caf\u00e9, tout en d\u00e9couvrant un nouveau monde de saveurs et d'odeurs. Nous continuerons ensuite \u00e0 rouler jusqu'\u00e0 une grotte souterraine \u00e0 l'eau cristalline o\u00f9 vous pourrez vous baigner. Une journ\u00e9e pleine de plaisir pour ceux qui cherchent une excursion pour voir la beaut\u00e9 naturelle de la R\u00e9publique dominicaine.<\/div>\n<\/div>\n<div class=\"toggle-content__label-placeholder\" data-v-59485d64=\"\"><\/div>","protected":false},"excerpt":{"rendered":"<div data-track=\"overview\" data-v-83a2b402=\"\">\n<section id=\"activity-overview\" class=\"activity-overview\" data-component=\"overview\" data-v-83a2b402=\"\" data-v-f3236c42=\"\">\n<p class=\"activity-overview__content\" data-test-id=\"activity-overview-content\" data-v-f3236c42=\"\">Montez \u00e0 bord d'un buggy et regardez le paysage luxuriant d\u00e9filer lors d'une excursion d'une demi-journ\u00e9e au d\u00e9part de Punta Cana. D\u00e9couvrez la production de caf\u00e9 dans une usine, profitez du soleil sur la plage de Macao et visitez une grotte souterraine.<\/p>\n<\/section>\n<\/div>\n<div data-track=\"key-details\" data-v-83a2b402=\"\"><\/div>","protected":false},"featured_media":17544,"template":"","meta":[],"product_brand":[],"product_cat":[97],"product_tag":[101,102],"class_list":{"0":"post-17362","1":"product","2":"type-product","3":"status-publish","4":"has-post-thumbnail","6":"product_cat-dominican-republic","7":"product_tag-excursion","8":"product_tag-tour","10":"first","11":"instock","12":"shipping-taxable","13":"product-type-external"},"_links":{"self":[{"href":"https:\/\/sabanadelamartours.com\/fr\/wp-json\/wp\/v2\/product\/17362","targetHints":{"allow":["GET"]}}],"collection":[{"href":"https:\/\/sabanadelamartours.com\/fr\/wp-json\/wp\/v2\/product"}],"about":[{"href":"https:\/\/sabanadelamartours.com\/fr\/wp-json\/wp\/v2\/types\/product"}],"version-history":[{"count":1,"href":"https:\/\/sabanadelamartours.com\/fr\/wp-json\/wp\/v2\/product\/17362\/revisions"}],"predecessor-version":[{"id":18784,"href":"https:\/\/sabanadelamartours.com\/fr\/wp-json\/wp\/v2\/product\/17362\/revisions\/18784"}],"wp:featuredmedia":[{"embeddable":true,"href":"https:\/\/sabanadelamartours.com\/fr\/wp-json\/wp\/v2\/media\/17544"}],"wp:attachment":[{"href":"https:\/\/sabanadelamartours.com\/fr\/wp-json\/wp\/v2\/media?parent=17362"}],"wp:term":[{"taxonomy":"product_brand","embeddable":true,"href":"https:\/\/sabanadelamartours.com\/fr\/wp-json\/wp\/v2\/product_brand?post=17362"},{"taxonomy":"product_cat","embeddable":true,"href":"https:\/\/sabanadelamartours.com\/fr\/wp-json\/wp\/v2\/product_cat?post=17362"},{"taxonomy":"product_tag","embeddable":true,"href":"https:\/\/sabanadelamartours.com\/fr\/wp-json\/wp\/v2\/product_tag?post=17362"}],"curies":[{"name":"wp","href":"https:\/\/api.w.org\/{rel}","templated":true}]}}