{"id":17388,"date":"2025-12-18T14:34:36","date_gmt":"2025-12-18T14:34:36","guid":{"rendered":"https:\/\/sabanadelamartours.com\/?post_type=product&#038;p=17388"},"modified":"2025-12-18T14:43:30","modified_gmt":"2025-12-18T14:43:30","slug":"bayahibe-initiation-a-la-plongee-sous-marine-godive-bayahibe","status":"publish","type":"product","link":"https:\/\/sabanadelamartours.com\/fr\/tournee\/bayahibe-initiation-a-la-plongee-sous-marine-godive-bayahibe\/","title":{"rendered":"Bayahibe : Initiation \u00e0 la plong\u00e9e sous-marine - Godive Bayahibe"},"content":{"rendered":"<p>Commencez votre journ\u00e9e par une prise en charge \u00e0 l'h\u00f4tel pour une excursion de plong\u00e9e passionnante. Vous commencerez votre excursion \u00e0 bord d'un catamaran. Notre \u00e9quipe vous guidera vers les meilleurs sites de plong\u00e9e et de snorkeling. Lors de vos escales, vous aurez l'occasion de vous d\u00e9tendre, de vous relaxer et de profiter du climat carib\u00e9en en pleine mer.<\/p>\n<p>L'exp\u00e9rience de la plong\u00e9e sous-marine comprend une plong\u00e9e d'une dur\u00e9e de 30 \u00e0 45 minutes.<\/p>\n<div class=\"toggle-content__content toggle-content__content--expanded toggle-content__content--packable\" data-v-59485d64=\"\">\n<div data-test-id=\"activity-full-description-text\" data-v-5835c99c=\"\">Une deuxi\u00e8me plong\u00e9e est possible moyennant un suppl\u00e9ment.<\/div>\n<\/div>\n<div class=\"toggle-content__label-placeholder\" data-v-59485d64=\"\"><\/div>","protected":false},"excerpt":{"rendered":"<div data-track=\"overview\" data-v-83a2b402=\"\">\n<section id=\"activity-overview\" class=\"activity-overview\" data-component=\"overview\" data-v-83a2b402=\"\" data-v-f3236c42=\"\">\n<p class=\"activity-overview__content\" data-test-id=\"activity-overview-content\" data-v-f3236c42=\"\">Au cours de cette activit\u00e9, vous aurez le plaisir de d\u00e9couvrir la beaut\u00e9 des fonds marins, les coraux, les poissons, les tortues, et une activit\u00e9 fantastique. Petit groupe de 2 \u00e0 4 personnes maximum lors de votre plong\u00e9e<\/p>\n<\/section>\n<\/div>\n<div data-track=\"key-details\" data-v-83a2b402=\"\"><\/div>","protected":false},"featured_media":17573,"template":"","meta":[],"product_brand":[],"product_cat":[97],"product_tag":[101,102],"class_list":{"0":"post-17388","1":"product","2":"type-product","3":"status-publish","4":"has-post-thumbnail","6":"product_cat-dominican-republic","7":"product_tag-excursion","8":"product_tag-tour","10":"first","11":"instock","12":"shipping-taxable","13":"product-type-external"},"_links":{"self":[{"href":"https:\/\/sabanadelamartours.com\/fr\/wp-json\/wp\/v2\/product\/17388","targetHints":{"allow":["GET"]}}],"collection":[{"href":"https:\/\/sabanadelamartours.com\/fr\/wp-json\/wp\/v2\/product"}],"about":[{"href":"https:\/\/sabanadelamartours.com\/fr\/wp-json\/wp\/v2\/types\/product"}],"version-history":[{"count":0,"href":"https:\/\/sabanadelamartours.com\/fr\/wp-json\/wp\/v2\/product\/17388\/revisions"}],"wp:featuredmedia":[{"embeddable":true,"href":"https:\/\/sabanadelamartours.com\/fr\/wp-json\/wp\/v2\/media\/17573"}],"wp:attachment":[{"href":"https:\/\/sabanadelamartours.com\/fr\/wp-json\/wp\/v2\/media?parent=17388"}],"wp:term":[{"taxonomy":"product_brand","embeddable":true,"href":"https:\/\/sabanadelamartours.com\/fr\/wp-json\/wp\/v2\/product_brand?post=17388"},{"taxonomy":"product_cat","embeddable":true,"href":"https:\/\/sabanadelamartours.com\/fr\/wp-json\/wp\/v2\/product_cat?post=17388"},{"taxonomy":"product_tag","embeddable":true,"href":"https:\/\/sabanadelamartours.com\/fr\/wp-json\/wp\/v2\/product_tag?post=17388"}],"curies":[{"name":"wp","href":"https:\/\/api.w.org\/{rel}","templated":true}]}}