{"id":17494,"date":"2025-12-18T14:39:55","date_gmt":"2025-12-18T14:39:55","guid":{"rendered":"https:\/\/sabanadelamartours.com\/?post_type=product&#038;p=17494"},"modified":"2026-01-09T14:53:30","modified_gmt":"2026-01-09T14:53:30","slug":"chef-prive-experience-culinaire-unique-a-punta-cana","status":"publish","type":"product","link":"https:\/\/sabanadelamartours.com\/fr\/tournee\/chef-prive-experience-culinaire-unique-a-punta-cana\/","title":{"rendered":"Chef priv\u00e9 : exp\u00e9rience culinaire unique \u00e0 Punta Cana"},"content":{"rendered":"<p>Vous recherchez l'exp\u00e9rience culinaire ultime pour rendre votre s\u00e9jour \u00e0 Punta Cana encore plus m\u00e9morable ? Que vous souhaitiez surprendre votre conjoint, c\u00e9l\u00e9brer une occasion sp\u00e9ciale ou simplement passer une soir\u00e9e inoubliable avec vos amis ou votre famille, notre exp\u00e9rience unique de chef priv\u00e9 est \u00e0 essayer absolument.<\/p>\n<p>Avec de nombreuses ann\u00e9es d'exp\u00e9rience \u00e0 notre actif et des centaines de clients \u00e9merveill\u00e9s dans certains des meilleurs h\u00f4tels\/restaurants de Punta Cana, c'est maintenant votre tour. Nous apporterons l'\u00e9l\u00e9gance et le glamour d'un restaurant 5 \u00e9toiles dans l'intimit\u00e9 et le confort de votre maison et nous vous aiderons \u00e0 cr\u00e9er des souvenirs inoubliables avec vos proches.<\/p>\n<p>Notre chef arrivera chez vous avec tous les ingr\u00e9dients n\u00e9cessaires pour pr\u00e9parer votre d\u00e9licieux repas. Vous pouvez participer \u00e0 la pr\u00e9paration du repas avec lui (il a toujours un tablier suppl\u00e9mentaire) ou simplement vous d\u00e9tendre et passer un bon moment avec vos invit\u00e9s, c'est vous qui d\u00e9cidez.<\/p>\n<p>Notre chef vous servira tous les repas et vous montrera les secrets de chaque plat d\u00e9licieux. Ne vous inqui\u00e9tez pas, il nettoiera \u00e9galement avant de partir pour une exp\u00e9rience sans stress.<\/p>\n<p>*Profitez d'un repas dominicain traditionnel de 4 plats pr\u00e9par\u00e9 par votre chef personnel. Commencez le festin avec des bollitos de yuca (boules frites farcies au fromage), suivis d'une ensalada de aguacate (salade d'avocats) classique, puis du traditionnel arroz con habichuelas y pollo (riz aux haricots et au poulet). Terminez la soir\u00e9e sur une note sucr\u00e9e avec un flan de leche (flan dominicain).<\/p>\n<p>Le repas entier peut \u00eatre accompagn\u00e9 d'une excellente bouteille de vin sur demande.<\/p>\n<p>PS - Un minimum de 2 personnes est requis pour cette exp\u00e9rience.<\/p>\n<p>Bon App\u00e9tit !<\/p>","protected":false},"excerpt":{"rendered":"<div data-track=\"overview\" data-v-83a2b402=\"\">\n<section id=\"activity-overview\" class=\"activity-overview\" data-component=\"overview\" data-v-83a2b402=\"\" data-v-f3236c42=\"\">\n<p class=\"activity-overview__content\" data-test-id=\"activity-overview-content\" data-v-f3236c42=\"\">Faites l'exp\u00e9rience du voyage culinaire ultime avec notre service de chef priv\u00e9. Parfait pour une soir\u00e9e romantique ou des occasions sp\u00e9ciales, notre chef exp\u00e9riment\u00e9 apporte le luxe d'un restaurant 5 \u00e9toiles \u00e0 votre domicile.<\/p>\n<\/section>\n<\/div>\n<div data-track=\"key-details\" data-v-83a2b402=\"\"><\/div>","protected":false},"featured_media":17673,"template":"","meta":[],"product_brand":[],"product_cat":[97],"product_tag":[101,102],"class_list":{"0":"post-17494","1":"product","2":"type-product","3":"status-publish","4":"has-post-thumbnail","6":"product_cat-dominican-republic","7":"product_tag-excursion","8":"product_tag-tour","10":"first","11":"instock","12":"shipping-taxable","13":"product-type-external"},"_links":{"self":[{"href":"https:\/\/sabanadelamartours.com\/fr\/wp-json\/wp\/v2\/product\/17494","targetHints":{"allow":["GET"]}}],"collection":[{"href":"https:\/\/sabanadelamartours.com\/fr\/wp-json\/wp\/v2\/product"}],"about":[{"href":"https:\/\/sabanadelamartours.com\/fr\/wp-json\/wp\/v2\/types\/product"}],"version-history":[{"count":1,"href":"https:\/\/sabanadelamartours.com\/fr\/wp-json\/wp\/v2\/product\/17494\/revisions"}],"predecessor-version":[{"id":18790,"href":"https:\/\/sabanadelamartours.com\/fr\/wp-json\/wp\/v2\/product\/17494\/revisions\/18790"}],"wp:featuredmedia":[{"embeddable":true,"href":"https:\/\/sabanadelamartours.com\/fr\/wp-json\/wp\/v2\/media\/17673"}],"wp:attachment":[{"href":"https:\/\/sabanadelamartours.com\/fr\/wp-json\/wp\/v2\/media?parent=17494"}],"wp:term":[{"taxonomy":"product_brand","embeddable":true,"href":"https:\/\/sabanadelamartours.com\/fr\/wp-json\/wp\/v2\/product_brand?post=17494"},{"taxonomy":"product_cat","embeddable":true,"href":"https:\/\/sabanadelamartours.com\/fr\/wp-json\/wp\/v2\/product_cat?post=17494"},{"taxonomy":"product_tag","embeddable":true,"href":"https:\/\/sabanadelamartours.com\/fr\/wp-json\/wp\/v2\/product_tag?post=17494"}],"curies":[{"name":"wp","href":"https:\/\/api.w.org\/{rel}","templated":true}]}}