{"id":17506,"date":"2025-12-18T14:40:20","date_gmt":"2025-12-18T14:40:20","guid":{"rendered":"https:\/\/sabanadelamartours.com\/?post_type=product&#038;p=17506"},"modified":"2026-02-14T02:18:32","modified_gmt":"2026-02-14T02:18:32","slug":"transfert-prive-aller-retour-de-laeroport-de-santo-domingo","status":"publish","type":"product","link":"https:\/\/sabanadelamartours.com\/fr\/tournee\/transfert-prive-aller-retour-de-laeroport-de-santo-domingo\/","title":{"rendered":"Santo Domingo : Transfert priv\u00e9 aller-retour \u00e0 l'a\u00e9roport"},"content":{"rendered":"<p>Start the vacation in style with a private air-conditioned transfer with uniformed driver. No need to hang-around wasting precious vacation time waiting for others.<\/p>\n<p>Book now to save the hassle and uncertainty of finding a reliable taxi on arrival. Comfortable award-winning private transfer to resorts, villas, condos in Boca Chica. The provider has been operating quality Dominican airport transfers for over 25 years.<\/p>","protected":false},"excerpt":{"rendered":"<div data-track=\"overview\" data-v-83a2b402=\"\">\n<section id=\"activity-overview\" class=\"activity-overview\" data-component=\"overview\" data-v-83a2b402=\"\" data-v-f3236c42=\"\">\n<p class=\"activity-overview__content\" data-test-id=\"activity-overview-content\" data-v-f3236c42=\"\">Vous n'aurez plus \u00e0 vous soucier de trouver un taxi local fiable lorsque vous arriverez \u00e0 Saint-Domingue. Avec ce service de transport, vous serez pris en charge \u00e0 partir de votre emplacement et emmen\u00e9 \u00e0 votre destination dans le confort.<\/p>\n<\/section>\n<\/div>\n<div data-track=\"key-details\" data-v-83a2b402=\"\"><\/div>","protected":false},"featured_media":17702,"template":"","meta":[],"product_brand":[],"product_cat":[97],"product_tag":[101,102],"class_list":{"0":"post-17506","1":"product","2":"type-product","3":"status-publish","4":"has-post-thumbnail","6":"product_cat-dominican-republic","7":"product_tag-excursion","8":"product_tag-tour","10":"first","11":"instock","12":"shipping-taxable","13":"product-type-external"},"_links":{"self":[{"href":"https:\/\/sabanadelamartours.com\/fr\/wp-json\/wp\/v2\/product\/17506","targetHints":{"allow":["GET"]}}],"collection":[{"href":"https:\/\/sabanadelamartours.com\/fr\/wp-json\/wp\/v2\/product"}],"about":[{"href":"https:\/\/sabanadelamartours.com\/fr\/wp-json\/wp\/v2\/types\/product"}],"version-history":[{"count":1,"href":"https:\/\/sabanadelamartours.com\/fr\/wp-json\/wp\/v2\/product\/17506\/revisions"}],"predecessor-version":[{"id":19146,"href":"https:\/\/sabanadelamartours.com\/fr\/wp-json\/wp\/v2\/product\/17506\/revisions\/19146"}],"wp:featuredmedia":[{"embeddable":true,"href":"https:\/\/sabanadelamartours.com\/fr\/wp-json\/wp\/v2\/media\/17702"}],"wp:attachment":[{"href":"https:\/\/sabanadelamartours.com\/fr\/wp-json\/wp\/v2\/media?parent=17506"}],"wp:term":[{"taxonomy":"product_brand","embeddable":true,"href":"https:\/\/sabanadelamartours.com\/fr\/wp-json\/wp\/v2\/product_brand?post=17506"},{"taxonomy":"product_cat","embeddable":true,"href":"https:\/\/sabanadelamartours.com\/fr\/wp-json\/wp\/v2\/product_cat?post=17506"},{"taxonomy":"product_tag","embeddable":true,"href":"https:\/\/sabanadelamartours.com\/fr\/wp-json\/wp\/v2\/product_tag?post=17506"}],"curies":[{"name":"wp","href":"https:\/\/api.w.org\/{rel}","templated":true}]}}