{"id":17579,"date":"2025-12-18T14:43:31","date_gmt":"2025-12-18T14:43:31","guid":{"rendered":"https:\/\/sabanadelamartours.com\/?post_type=product&#038;p=17579"},"modified":"2026-02-14T02:17:50","modified_gmt":"2026-02-14T02:17:50","slug":"aeroport-de-puerto-plata-a-cabarete","status":"publish","type":"product","link":"https:\/\/sabanadelamartours.com\/fr\/tournee\/aeroport-de-puerto-plata-a-cabarete\/","title":{"rendered":"De l'a\u00e9roport de Puerto Plata \u00e0 Cabarete"},"content":{"rendered":"<div class=\"toggle-content__content toggle-content__content--expanded toggle-content__content--packable\" data-v-59485d64=\"\">\n<div data-test-id=\"activity-full-description-text\" data-v-5835c99c=\"\">Bienvenue en R\u00e9publique dominicaine, le pays le plus populaire de l'Am\u00e9rique latine. Dans cette activit\u00e9, je vais vous attendre devant la sortie de la grande porte de l'a\u00e9roport et apr\u00e8s cela voir la rue et votre destination.Welcome to Dominican Republic the country of most popular in Latinoam\u00e9rica right here we have everything. Dans cette activit\u00e9, je vais vous attendre devant la sortie de la grande porte de l'a\u00e9roport et apr\u00e8s cela voir la rue et votre destination.Bienvenue \u00e0 la R\u00e9publique dominicaine le pays le plus populaire en Latinoam\u00e9rica ici nous avons tout. Dans cette activit\u00e9, je vais vous attendre \u00e0 la sortie de la grande porte de l'a\u00e9roport et apr\u00e8s voir la rue et votre destination.<\/div>\n<\/div>\n<div class=\"toggle-content__label-placeholder\" data-v-59485d64=\"\"><\/div>","protected":false},"excerpt":{"rendered":"<div data-track=\"overview\" data-v-83a2b402=\"\">\n<section id=\"activity-overview\" class=\"activity-overview\" data-component=\"overview\" data-v-83a2b402=\"\" data-v-f3236c42=\"\">\n<p class=\"activity-overview__content\" data-test-id=\"activity-overview-content\" data-v-f3236c42=\"\">S\u00e9curit\u00e9 Confort Propret\u00e9 des voitures<\/p>\n<\/section>\n<\/div>\n<div data-track=\"key-details\" data-v-83a2b402=\"\"><\/div>","protected":false},"featured_media":17762,"template":"","meta":[],"product_brand":[],"product_cat":[97],"product_tag":[101,102],"class_list":{"0":"post-17579","1":"product","2":"type-product","3":"status-publish","4":"has-post-thumbnail","6":"product_cat-dominican-republic","7":"product_tag-excursion","8":"product_tag-tour","10":"first","11":"instock","12":"shipping-taxable","13":"product-type-external"},"_links":{"self":[{"href":"https:\/\/sabanadelamartours.com\/fr\/wp-json\/wp\/v2\/product\/17579","targetHints":{"allow":["GET"]}}],"collection":[{"href":"https:\/\/sabanadelamartours.com\/fr\/wp-json\/wp\/v2\/product"}],"about":[{"href":"https:\/\/sabanadelamartours.com\/fr\/wp-json\/wp\/v2\/types\/product"}],"version-history":[{"count":1,"href":"https:\/\/sabanadelamartours.com\/fr\/wp-json\/wp\/v2\/product\/17579\/revisions"}],"predecessor-version":[{"id":19145,"href":"https:\/\/sabanadelamartours.com\/fr\/wp-json\/wp\/v2\/product\/17579\/revisions\/19145"}],"wp:featuredmedia":[{"embeddable":true,"href":"https:\/\/sabanadelamartours.com\/fr\/wp-json\/wp\/v2\/media\/17762"}],"wp:attachment":[{"href":"https:\/\/sabanadelamartours.com\/fr\/wp-json\/wp\/v2\/media?parent=17579"}],"wp:term":[{"taxonomy":"product_brand","embeddable":true,"href":"https:\/\/sabanadelamartours.com\/fr\/wp-json\/wp\/v2\/product_brand?post=17579"},{"taxonomy":"product_cat","embeddable":true,"href":"https:\/\/sabanadelamartours.com\/fr\/wp-json\/wp\/v2\/product_cat?post=17579"},{"taxonomy":"product_tag","embeddable":true,"href":"https:\/\/sabanadelamartours.com\/fr\/wp-json\/wp\/v2\/product_tag?post=17579"}],"curies":[{"name":"wp","href":"https:\/\/api.w.org\/{rel}","templated":true}]}}