{"id":17613,"date":"2025-12-18T14:44:41","date_gmt":"2025-12-18T14:44:41","guid":{"rendered":"https:\/\/sabanadelamartours.com\/?post_type=product&#038;p=17613"},"modified":"2026-02-14T02:17:14","modified_gmt":"2026-02-14T02:17:14","slug":"transferts-et-taxis-singeant-latterrissage-a-puerto-plata","status":"publish","type":"product","link":"https:\/\/sabanadelamartours.com\/fr\/tournee\/transferts-et-taxis-singeant-latterrissage-a-puerto-plata\/","title":{"rendered":"Transferts et taxis Monkey land \u00e0 Puerto Plata"},"content":{"rendered":"<p>Promenez-vous dans le jardin botanique color\u00e9 et identifiez les plantes m\u00e9dicinales, les fleurs et les arbres fruitiers originaires de la R\u00e9publique dominicaine.                Interagissez avec nos magnifiques singes \u00e9cureuils \u00e0 Monkeyland.                                                                                                      Observez les singes dans un environnement naturel qui offre des vues spectaculaires sur les montagnes.                                                                            \u00c0 la fin de cette visite agr\u00e9able et surprenante, en passant par notre boutique de souvenirs Monkeyland.                                                                                      Visite d'une plantation de caf\u00e9 et de cacao. Visitez une maison typique et voyez comment vivent les habitants. Promenez-vous dans le jardin botanique color\u00e9 et identifiez les plantes m\u00e9dicinales, les fleurs et les arbres fruitiers originaires de la R\u00e9publique dominicaine. Interagissez de pr\u00e8s avec nos magnifiques singes \u00e9cureuils \u00e0 Monkeyland. Observez les singes dans un environnement naturel qui offre des vues spectaculaires sur les montagnes. \u00c0 la fin de cette visite agr\u00e9able et surprenante, en passant par notre boutique de souvenirs Monkeyland. Visite d'une plantation de caf\u00e9 et de cacao. Visitez une maison typique et voyez comment vivent les habitants.<\/p>","protected":false},"excerpt":{"rendered":"<div data-track=\"overview\" data-v-83a2b402=\"\">\n<section id=\"activity-overview\" class=\"activity-overview\" data-component=\"overview\" data-v-83a2b402=\"\" data-v-f3236c42=\"\">\n<p class=\"activity-overview__content\" data-test-id=\"activity-overview-content\" data-v-f3236c42=\"\">Promenez-vous dans le jardin botanique color\u00e9 et identifiez les plantes m\u00e9dicinales, les fleurs et les arbres fruitiers originaires de la R\u00e9publique dominicaine.<\/p>\n<\/section>\n<\/div>\n<div data-track=\"key-details\" data-v-83a2b402=\"\"><\/div>","protected":false},"featured_media":17794,"template":"","meta":[],"product_brand":[],"product_cat":[97],"product_tag":[101,102],"class_list":{"0":"post-17613","1":"product","2":"type-product","3":"status-publish","4":"has-post-thumbnail","6":"product_cat-dominican-republic","7":"product_tag-excursion","8":"product_tag-tour","10":"first","11":"instock","12":"shipping-taxable","13":"product-type-external"},"_links":{"self":[{"href":"https:\/\/sabanadelamartours.com\/fr\/wp-json\/wp\/v2\/product\/17613","targetHints":{"allow":["GET"]}}],"collection":[{"href":"https:\/\/sabanadelamartours.com\/fr\/wp-json\/wp\/v2\/product"}],"about":[{"href":"https:\/\/sabanadelamartours.com\/fr\/wp-json\/wp\/v2\/types\/product"}],"version-history":[{"count":1,"href":"https:\/\/sabanadelamartours.com\/fr\/wp-json\/wp\/v2\/product\/17613\/revisions"}],"predecessor-version":[{"id":19144,"href":"https:\/\/sabanadelamartours.com\/fr\/wp-json\/wp\/v2\/product\/17613\/revisions\/19144"}],"wp:featuredmedia":[{"embeddable":true,"href":"https:\/\/sabanadelamartours.com\/fr\/wp-json\/wp\/v2\/media\/17794"}],"wp:attachment":[{"href":"https:\/\/sabanadelamartours.com\/fr\/wp-json\/wp\/v2\/media?parent=17613"}],"wp:term":[{"taxonomy":"product_brand","embeddable":true,"href":"https:\/\/sabanadelamartours.com\/fr\/wp-json\/wp\/v2\/product_brand?post=17613"},{"taxonomy":"product_cat","embeddable":true,"href":"https:\/\/sabanadelamartours.com\/fr\/wp-json\/wp\/v2\/product_cat?post=17613"},{"taxonomy":"product_tag","embeddable":true,"href":"https:\/\/sabanadelamartours.com\/fr\/wp-json\/wp\/v2\/product_tag?post=17613"}],"curies":[{"name":"wp","href":"https:\/\/api.w.org\/{rel}","templated":true}]}}