{"id":17650,"date":"2025-12-18T14:46:35","date_gmt":"2025-12-18T14:46:35","guid":{"rendered":"https:\/\/sabanadelamartours.com\/?post_type=product&#038;p=17650"},"modified":"2026-01-09T15:02:52","modified_gmt":"2026-01-09T15:02:52","slug":"santo-domingo-visite-privee-de-la-ville-a-pied","status":"publish","type":"product","link":"https:\/\/sabanadelamartours.com\/fr\/tournee\/santo-domingo-visite-privee-de-la-ville-a-pied\/","title":{"rendered":"Saint-Domingue : Visite priv\u00e9e de la ville \u00e0 pied"},"content":{"rendered":"<p>C'est ici qu'a \u00e9t\u00e9 construite la premi\u00e8re cath\u00e9drale, qu'a \u00e9t\u00e9 sanctifi\u00e9 le premier \u00e9v\u00eaque, qu'a r\u00e9sid\u00e9 le premier gouverneur et qu'a \u00e9t\u00e9 ouvert le premier h\u00f4pital. La ville poss\u00e8de de nombreux attributs culturels et sites architecturaux dignes d'int\u00e9r\u00eat, comme nulle part ailleurs sur l'\u00eele d'Hispaniola.<\/p>\n<div class=\"toggle-content__content toggle-content__content--expanded toggle-content__content--packable\" data-v-59485d64=\"\">\n<div data-test-id=\"activity-full-description-text\" data-v-5835c99c=\"\">The walking tour starts in the historic colonial part of the city, which is a recognized Unesco World Heritage Site. The trip is perfectly suited for all those wanting to learn more about the historical origins of the New World. During the stroll, visit the first Cathedral, the first univrsity, the fortress and the Palace of Justice. Enjoy a walk on Calle Las Damas, the first cobblestone street, and see the first hospital, the first shipyard and the first viceregal palace of the American Continent. Explore some of the most important museums, squares and landmarks and take this special opportunity to take some unique pictures.<\/div>\n<\/div>\n<div class=\"toggle-content__label-placeholder\" data-v-59485d64=\"\"><\/div>","protected":false},"excerpt":{"rendered":"<div data-track=\"overview\" data-v-83a2b402=\"\">\n<section id=\"activity-overview\" class=\"activity-overview\" data-component=\"overview\" data-v-83a2b402=\"\" data-v-f3236c42=\"\">\n<p class=\"activity-overview__content\" data-test-id=\"activity-overview-content\" data-v-f3236c42=\"\">D\u00e9couvrez les sites historiques de Saint-Domingue, la premi\u00e8re ville europ\u00e9enne des Am\u00e9riques. Visitez la Zona Colonial et ses attractions culturelles.<\/p>\n<\/section>\n<\/div>\n<div data-track=\"key-details\" data-v-83a2b402=\"\"><\/div>","protected":false},"featured_media":17821,"template":"","meta":[],"product_brand":[],"product_cat":[97],"product_tag":[101,102],"class_list":{"0":"post-17650","1":"product","2":"type-product","3":"status-publish","4":"has-post-thumbnail","6":"product_cat-dominican-republic","7":"product_tag-excursion","8":"product_tag-tour","10":"first","11":"instock","12":"shipping-taxable","13":"product-type-external"},"_links":{"self":[{"href":"https:\/\/sabanadelamartours.com\/fr\/wp-json\/wp\/v2\/product\/17650","targetHints":{"allow":["GET"]}}],"collection":[{"href":"https:\/\/sabanadelamartours.com\/fr\/wp-json\/wp\/v2\/product"}],"about":[{"href":"https:\/\/sabanadelamartours.com\/fr\/wp-json\/wp\/v2\/types\/product"}],"version-history":[{"count":1,"href":"https:\/\/sabanadelamartours.com\/fr\/wp-json\/wp\/v2\/product\/17650\/revisions"}],"predecessor-version":[{"id":18795,"href":"https:\/\/sabanadelamartours.com\/fr\/wp-json\/wp\/v2\/product\/17650\/revisions\/18795"}],"wp:featuredmedia":[{"embeddable":true,"href":"https:\/\/sabanadelamartours.com\/fr\/wp-json\/wp\/v2\/media\/17821"}],"wp:attachment":[{"href":"https:\/\/sabanadelamartours.com\/fr\/wp-json\/wp\/v2\/media?parent=17650"}],"wp:term":[{"taxonomy":"product_brand","embeddable":true,"href":"https:\/\/sabanadelamartours.com\/fr\/wp-json\/wp\/v2\/product_brand?post=17650"},{"taxonomy":"product_cat","embeddable":true,"href":"https:\/\/sabanadelamartours.com\/fr\/wp-json\/wp\/v2\/product_cat?post=17650"},{"taxonomy":"product_tag","embeddable":true,"href":"https:\/\/sabanadelamartours.com\/fr\/wp-json\/wp\/v2\/product_tag?post=17650"}],"curies":[{"name":"wp","href":"https:\/\/api.w.org\/{rel}","templated":true}]}}