{"id":17651,"date":"2025-12-18T14:46:35","date_gmt":"2025-12-18T14:46:35","guid":{"rendered":"https:\/\/sabanadelamartours.com\/?post_type=product&#038;p=17651"},"modified":"2025-12-18T14:54:23","modified_gmt":"2025-12-18T14:54:23","slug":"lile-paradisiaque-de-saona-depuis-punta-cana","status":"publish","type":"product","link":"https:\/\/sabanadelamartours.com\/fr\/tournee\/lile-paradisiaque-de-saona-depuis-punta-cana\/","title":{"rendered":"L'\u00eele de Saona depuis Punta Cana"},"content":{"rendered":"<p>Lorsque vous r\u00e9servez cette croisi\u00e8re d'une journ\u00e9e sur l'\u00eele de Saona, choisissez votre lieu de prise en charge \u00e0 Punta Cana. Votre croisi\u00e8re commence par une simple prise en charge \u00e0 l'endroit que vous avez choisi.<\/p>\n<p>Apr\u00e8s avoir embarqu\u00e9 dans votre v\u00e9hicule, vous vous dirigez vers la zone de d\u00e9part de votre bateau et montez \u00e0 bord d'un hors-bord ou d'un catamaran pour partir \u00e0 l'aventure.<\/p>\n<p>3 heures de loisirs sur cette \u00eele magnifique, vous pouvez vous d\u00e9tendre sur la plage, observer les beaut\u00e9s de la nature, d\u00e9jeuner, profiter de l'open bar.<\/p>\n<p>C'est le port o\u00f9 l'on prend le bateau pour se rendre sur l'\u00eele.<\/p>\n<div class=\"toggle-content__content toggle-content__content--expanded toggle-content__content--packable\" data-v-59485d64=\"\">\n<div data-test-id=\"activity-full-description-text\" data-v-5835c99c=\"\">D\u00e9couvrez l'\u00eele idyllique de Saona lors de cette excursion d'une journ\u00e9e depuis le continent en bateau rapide et en catamaran. Vous vous rendez sur l'\u00eele \u00e0 bord d'un bateau rapide, ce qui vous laisse tout le temps de vous d\u00e9tendre ou de pratiquer des sports nautiques. Retournez \u00e0 bord d'un voilier, en sirotant des boissons \u00e0 l'open bar et en dansant aux rythmes de l'\u00eele. La prise en charge et le retour \u00e0 l'h\u00f4tel permettent de faire facilement l'aller-retour. D\u00e9jeuner buffet traditionnel dominicain Open bar et bouteilles d'eau Droits d'entr\u00e9e \u00e0 l'\u00eele de Saona inclus Prise en charge et retour \u00e0 l'h\u00f4tel \u00e0 Punta Cana.<\/div>\n<\/div>\n<div class=\"toggle-content__label-placeholder\" data-v-59485d64=\"\"><\/div>\n<div data-v-59485d64=\"\">\n<hr \/>\n<h1><strong>Excursion sur l'\u00eele de Saona depuis Punta Cana - Itin\u00e9raire d'une journ\u00e9e (d\u00e9part \u00e0 7 heures)<\/strong><\/h1>\n<p>\u2705 <strong>Meilleure excursion sur l'\u00eele de Saona depuis Punta Cana<\/strong> | \u23f3 <strong>Aventure d'une journ\u00e9e<\/strong> | \ud83c\udf34 <strong>Le paradis vous attend !<\/strong><\/p>\n<h2><strong>7:00 AM - Prise en charge \u00e0 l'h\u00f4tel \u00e0 Punta Cana<\/strong><\/h2>\n<p>Votre voyage vers <strong>\u00cele de Saona<\/strong> commence par une prise en charge pratique \u00e0 l'h\u00f4tel depuis votre lieu de vill\u00e9giature \u00e0 Punta Cana, Bavaro ou Uvero Alto. Notre transport confortable et climatis\u00e9 vous conduira \u00e0 <strong>Bayahibe<\/strong>, L'h\u00f4tel est le point de d\u00e9part de votre aventure sur l'\u00eele.<\/p>\n<h2><strong>9:00 AM - Arriv\u00e9e \u00e0 Bayahibe et embarquement sur le speedboat\/catamaran<\/strong><\/h2>\n<p>\u00c0 l'arriv\u00e9e \u00e0 <strong>Plage de Bayahibe<\/strong>, vous embarquerez soit un <strong>hors-bord pour une promenade rapide<\/strong> ou un <strong>catamaran pour un voyage plus d\u00e9tendu<\/strong> avec de la musique, de la danse et des boissons.<\/p>\n<h2><strong>10:00 - Arr\u00eat \u00e0 la piscine naturelle (Las Palmillas)<\/strong><\/h2>\n<p>Une \u00e9tape incontournable ! Profitez de la c\u00e9l\u00e8bre <strong>Piscine naturelle<\/strong>, L'h\u00f4tel est situ\u00e9 dans un lagon peu profond et cristallin, qui regorge d'\u00e9toiles de mer. Vous aurez le temps de nager, de prendre des photos et de d\u00e9guster des boissons gratuites dans une eau qui vous arrive \u00e0 la taille.<\/p>\n<h2><strong>11:30 - Arriv\u00e9e \u00e0 l'\u00eele de Saona<\/strong><\/h2>\n<p>Bienvenue \u00e0 <strong>\u00cele de Saona<\/strong>, L'\u00eele d'Aarhus est un paradis tropical avec son sable blanc poudr\u00e9, ses eaux turquoise et ses palmiers qui se balancent. Profitez de votre temps :<\/p>\n<ul>\n<li>Se d\u00e9tendre sur la plage<\/li>\n<li>Nager dans les eaux chaudes des Cara\u00efbes<\/li>\n<li>Explorer la beaut\u00e9 naturelle de l'\u00eele<\/li>\n<li>Prendre des photos dignes d'Instagram<\/li>\n<\/ul>\n<h2><strong>12:30 - D\u00e9jeuner buffet dominicain et Open Bar<\/strong><\/h2>\n<p>Savourez un d\u00e9licieux <strong>d\u00e9jeuner dominicain sous forme de buffet<\/strong> avec le poulet grill\u00e9, les fruits de mer frais, le riz, les salades et les fruits tropicaux. Un <strong>open bar<\/strong> avec du rhum local, de la bi\u00e8re et des boissons non alcoolis\u00e9es est disponible tout au long du s\u00e9jour.<\/p>\n<h2><strong>14:30 - Temps libre sur l'\u00eele de Saona<\/strong><\/h2>\n<p>Apr\u00e8s le d\u00e9jeuner, vous pourrez profiter de <strong>temps libre<\/strong>-Bain de soleil, plong\u00e9e avec tuba ou promenade le long de la c\u00f4te.<\/p>\n<h2><strong>15:30 - Voyage de retour \u00e0 Bayahibe<\/strong><\/h2>\n<p>Conseil d'administration <strong>catamaran (ambiance de f\u00eate avec musique et boissons) ou hors-bord (trajet plus rapide)<\/strong> retour \u00e0 <strong>Bayahibe<\/strong>.<\/p>\n<h2><strong>17:00 - Retour aux h\u00f4tels de Punta Cana<\/strong><\/h2>\n<p>Apr\u00e8s une journ\u00e9e palpitante, notre transport vous ram\u00e8nera \u00e0 votre h\u00f4tel, aux alentours de <strong>19:00 HEURES<\/strong>.<\/p>\n<hr \/>\n<h2><strong>Pourquoi choisir notre excursion sur l'\u00eele de Saona au d\u00e9part de Punta Cana ?<\/strong><\/h2>\n<p>\u2705 <strong>Prise en charge et d\u00e9pose \u00e0 l'h\u00f4tel<\/strong> \ud83d\ude90<br \/>\n\u2705 <strong>Options de bateau rapide et de catamaran<\/strong> \u26f5<br \/>\n\u2705 <strong>Arr\u00eat aux piscines naturelles avec \u00e9toiles de mer<\/strong> \u2b50<br \/>\n\u2705 <strong>D\u00e9jeuner dominicain et boissons tout compris<\/strong> \ud83c\udf79<br \/>\n\u2705 <strong>Le meilleur rapport qualit\u00e9-prix pour une exp\u00e9rience inoubliable !<\/strong><\/p>\n<p>\ud83d\udcc5 <strong>R\u00e9servez d\u00e8s aujourd'hui votre excursion sur l'\u00eele de Saona !<\/strong> \ud83c\udf34<\/p>\n<hr \/>\n<p>&nbsp;<\/p>\n<\/div>","protected":false},"excerpt":{"rendered":"<div data-track=\"overview\" data-v-83a2b402=\"\">\n<section id=\"activity-overview\" class=\"activity-overview\" data-component=\"overview\" data-v-83a2b402=\"\" data-v-f3236c42=\"\"><strong>D\u00e9couvrez la meilleure excursion sur l'\u00eele de Saona au d\u00e9part de Punta Cana !<\/strong> \ud83c\udf34 Depart at <strong>7 AM<\/strong> avec prise en charge \u00e0 l'h\u00f4tel, profiter d'une <strong>promenade en catamaran ou en hors-bord<\/strong>, nager dans le <strong>Piscine naturelle avec \u00e9toiles de mer<\/strong>, et se d\u00e9tendre sur <strong>plages de sable blanc<\/strong> avec un <strong>D\u00e9jeuner dominicain et open bar tout compris<\/strong>. <strong>R\u00e9servez d\u00e8s maintenant !<\/strong> \ud83d\udea4\u2728<\/p>\n<p class=\"activity-overview__content\" data-test-id=\"activity-overview-content\" data-v-f3236c42=\"\">D\u00e9couvrez l'\u00eele idyllique de Saona lors de cette excursion d'une journ\u00e9e depuis le continent en bateau rapide et en catamaran. Vous rejoindrez l'\u00eele \u00e0 bord d'un bateau rapide, ce qui vous laissera tout le temps de fl\u00e2ner.<\/p>\n<\/section>\n<\/div>\n<div data-track=\"key-details\" data-v-83a2b402=\"\"><\/div>","protected":false},"featured_media":17830,"template":"","meta":[],"product_brand":[],"product_cat":[97,98],"product_tag":[101,102],"class_list":{"0":"post-17651","1":"product","2":"type-product","3":"status-publish","4":"has-post-thumbnail","6":"product_cat-dominican-republic","7":"product_cat-saona-island","8":"product_tag-excursion","9":"product_tag-tour","11":"first","12":"instock","13":"shipping-taxable","14":"product-type-external"},"_links":{"self":[{"href":"https:\/\/sabanadelamartours.com\/fr\/wp-json\/wp\/v2\/product\/17651","targetHints":{"allow":["GET"]}}],"collection":[{"href":"https:\/\/sabanadelamartours.com\/fr\/wp-json\/wp\/v2\/product"}],"about":[{"href":"https:\/\/sabanadelamartours.com\/fr\/wp-json\/wp\/v2\/types\/product"}],"version-history":[{"count":0,"href":"https:\/\/sabanadelamartours.com\/fr\/wp-json\/wp\/v2\/product\/17651\/revisions"}],"wp:featuredmedia":[{"embeddable":true,"href":"https:\/\/sabanadelamartours.com\/fr\/wp-json\/wp\/v2\/media\/17830"}],"wp:attachment":[{"href":"https:\/\/sabanadelamartours.com\/fr\/wp-json\/wp\/v2\/media?parent=17651"}],"wp:term":[{"taxonomy":"product_brand","embeddable":true,"href":"https:\/\/sabanadelamartours.com\/fr\/wp-json\/wp\/v2\/product_brand?post=17651"},{"taxonomy":"product_cat","embeddable":true,"href":"https:\/\/sabanadelamartours.com\/fr\/wp-json\/wp\/v2\/product_cat?post=17651"},{"taxonomy":"product_tag","embeddable":true,"href":"https:\/\/sabanadelamartours.com\/fr\/wp-json\/wp\/v2\/product_tag?post=17651"}],"curies":[{"name":"wp","href":"https:\/\/api.w.org\/{rel}","templated":true}]}}