{"id":17701,"date":"2025-12-18T14:48:19","date_gmt":"2025-12-18T14:48:19","guid":{"rendered":"https:\/\/sabanadelamartours.com\/?post_type=product&#038;p=17701"},"modified":"2026-01-09T05:35:44","modified_gmt":"2026-01-09T05:35:44","slug":"puerto-plata-ocean-world-adventure-park-swim-with-dolphins-2","status":"publish","type":"product","link":"https:\/\/sabanadelamartours.com\/fr\/tournee\/puerto-plata-ocean-world-adventure-park-swim-with-dolphins-2\/","title":{"rendered":"Puerto Plata : Parc d'aventures Ocean World Nager avec les dauphins"},"content":{"rendered":"<p>Swim up close and personal with 2 playful dolphins in this VIP adventure. Your experience begins with a brief lecture to learn about these wonderful sea creatures. Then hop on to receive a kiss, a hug and enjoy an amazing ride through the lagoon on top of a boogie board, amazing memories to last forever. During your visit snorkel in a coral reef aquarium, feed lovebirds and enjoy a handful of activities at no additional cost.<\/p>","protected":false},"excerpt":{"rendered":"<div data-track=\"overview\" data-v-83a2b402=\"\">\n<section id=\"activity-overview\" class=\"activity-overview\" data-component=\"overview\" data-v-83a2b402=\"\" data-v-f3236c42=\"\">\n<p class=\"activity-overview__content\" data-test-id=\"activity-overview-content\" data-v-f3236c42=\"\">Ayez la chance de jouer avec deux dauphins au parc d'aventure Ocean World \u00e0 Puerto Plata. Parcourez le lagon avec les dauphins, faites de la plong\u00e9e avec masque et tuba dans un r\u00e9cif tropical, observez les otaries et d\u00e9tendez-vous sur la plage des dauphins.<\/p>\n<\/section>\n<\/div>\n<div data-track=\"key-details\" data-v-83a2b402=\"\"><\/div>","protected":false},"featured_media":16207,"template":"","meta":[],"product_brand":[],"product_cat":[97],"product_tag":[101,102],"class_list":{"0":"post-17701","1":"product","2":"type-product","3":"status-publish","4":"has-post-thumbnail","6":"product_cat-dominican-republic","7":"product_tag-excursion","8":"product_tag-tour","10":"first","11":"instock","12":"shipping-taxable","13":"product-type-external"},"_links":{"self":[{"href":"https:\/\/sabanadelamartours.com\/fr\/wp-json\/wp\/v2\/product\/17701","targetHints":{"allow":["GET"]}}],"collection":[{"href":"https:\/\/sabanadelamartours.com\/fr\/wp-json\/wp\/v2\/product"}],"about":[{"href":"https:\/\/sabanadelamartours.com\/fr\/wp-json\/wp\/v2\/types\/product"}],"version-history":[{"count":1,"href":"https:\/\/sabanadelamartours.com\/fr\/wp-json\/wp\/v2\/product\/17701\/revisions"}],"predecessor-version":[{"id":18721,"href":"https:\/\/sabanadelamartours.com\/fr\/wp-json\/wp\/v2\/product\/17701\/revisions\/18721"}],"wp:featuredmedia":[{"embeddable":true,"href":"https:\/\/sabanadelamartours.com\/fr\/wp-json\/wp\/v2\/media\/16207"}],"wp:attachment":[{"href":"https:\/\/sabanadelamartours.com\/fr\/wp-json\/wp\/v2\/media?parent=17701"}],"wp:term":[{"taxonomy":"product_brand","embeddable":true,"href":"https:\/\/sabanadelamartours.com\/fr\/wp-json\/wp\/v2\/product_brand?post=17701"},{"taxonomy":"product_cat","embeddable":true,"href":"https:\/\/sabanadelamartours.com\/fr\/wp-json\/wp\/v2\/product_cat?post=17701"},{"taxonomy":"product_tag","embeddable":true,"href":"https:\/\/sabanadelamartours.com\/fr\/wp-json\/wp\/v2\/product_tag?post=17701"}],"curies":[{"name":"wp","href":"https:\/\/api.w.org\/{rel}","templated":true}]}}