{"id":17714,"date":"2025-12-18T14:49:02","date_gmt":"2025-12-18T14:49:02","guid":{"rendered":"https:\/\/sabanadelamartours.com\/?post_type=product&#038;p=17714"},"modified":"2026-02-14T02:15:59","modified_gmt":"2026-02-14T02:15:59","slug":"punta-cana-buggies-adventure-tour","status":"publish","type":"product","link":"https:\/\/sabanadelamartours.com\/fr\/tournee\/punta-cana-buggies-adventure-tour\/","title":{"rendered":"Punta Cana : Buggies Adventure Tour"},"content":{"rendered":"<p>Spark your adrenaline as you explore Punta Cana&#8217;s countryside on an ATV or Polaris. Discover beautiful locations on the island like Macao Beach and the Cenote Taina on this family-friendly adventure.<\/p>\n<p>After meeting your driver and boarding your buggy, begin your action-packed adventure around Punta Cana. Forge your own route through the stunning countryside and the popular Macao Beach area.<\/p>\n<p>Visit a typical Dominican house and observe the production of coffee, chocolate, cocoa, and organic tobacco. Sample these local products before continuing to an impressive cave and cenote to relax in the crystal clear water.<\/p>\n<div class=\"toggle-content__content toggle-content__content--expanded toggle-content__content--packable\" data-v-59485d64=\"\">\n<div data-test-id=\"activity-full-description-text\" data-v-5835c99c=\"\">Retrace your path and head to the paradisiacal Macao Beach, recognized by UNESCO as one of the 10-best beaches in the world.<\/div>\n<\/div>\n<div class=\"toggle-content__label-placeholder\" data-v-59485d64=\"\"><\/div>","protected":false},"excerpt":{"rendered":"<div data-track=\"overview\" data-v-83a2b402=\"\">\n<section id=\"activity-overview\" class=\"activity-overview\" data-component=\"overview\" data-v-83a2b402=\"\" data-v-f3236c42=\"\">\n<p class=\"activity-overview__content\" data-test-id=\"activity-overview-content\" data-v-f3236c42=\"\">Profitez d'une journ\u00e9e pleine d'action dans la campagne \u00e0 bord d'un buggy. Visitez quelques-uns des plus beaux sites de Punta Cana, tels que l'unique plage de Macao et le c\u00e9note Taina.<\/p>\n<\/section>\n<\/div>\n<div data-track=\"key-details\" data-v-83a2b402=\"\"><\/div>","protected":false},"featured_media":17900,"template":"","meta":[],"product_brand":[],"product_cat":[97],"product_tag":[101,102],"class_list":{"0":"post-17714","1":"product","2":"type-product","3":"status-publish","4":"has-post-thumbnail","6":"product_cat-dominican-republic","7":"product_tag-excursion","8":"product_tag-tour","10":"first","11":"instock","12":"shipping-taxable","13":"product-type-external"},"_links":{"self":[{"href":"https:\/\/sabanadelamartours.com\/fr\/wp-json\/wp\/v2\/product\/17714","targetHints":{"allow":["GET"]}}],"collection":[{"href":"https:\/\/sabanadelamartours.com\/fr\/wp-json\/wp\/v2\/product"}],"about":[{"href":"https:\/\/sabanadelamartours.com\/fr\/wp-json\/wp\/v2\/types\/product"}],"version-history":[{"count":1,"href":"https:\/\/sabanadelamartours.com\/fr\/wp-json\/wp\/v2\/product\/17714\/revisions"}],"predecessor-version":[{"id":19142,"href":"https:\/\/sabanadelamartours.com\/fr\/wp-json\/wp\/v2\/product\/17714\/revisions\/19142"}],"wp:featuredmedia":[{"embeddable":true,"href":"https:\/\/sabanadelamartours.com\/fr\/wp-json\/wp\/v2\/media\/17900"}],"wp:attachment":[{"href":"https:\/\/sabanadelamartours.com\/fr\/wp-json\/wp\/v2\/media?parent=17714"}],"wp:term":[{"taxonomy":"product_brand","embeddable":true,"href":"https:\/\/sabanadelamartours.com\/fr\/wp-json\/wp\/v2\/product_brand?post=17714"},{"taxonomy":"product_cat","embeddable":true,"href":"https:\/\/sabanadelamartours.com\/fr\/wp-json\/wp\/v2\/product_cat?post=17714"},{"taxonomy":"product_tag","embeddable":true,"href":"https:\/\/sabanadelamartours.com\/fr\/wp-json\/wp\/v2\/product_tag?post=17714"}],"curies":[{"name":"wp","href":"https:\/\/api.w.org\/{rel}","templated":true}]}}