{"id":17778,"date":"2025-12-18T14:51:46","date_gmt":"2025-12-18T14:51:46","guid":{"rendered":"https:\/\/sabanadelamartours.com\/?post_type=product&#038;p=17778"},"modified":"2026-02-14T02:13:02","modified_gmt":"2026-02-14T02:13:02","slug":"samana-city-tour-whale-watching-cayo-levantado","status":"publish","type":"product","link":"https:\/\/sabanadelamartours.com\/fr\/tournee\/samana-city-tour-whale-watching-cayo-levantado\/","title":{"rendered":"Samana : Visite de la ville + Observation des baleines + Cayo Levantado"},"content":{"rendered":"<p>Nous vous retrouverons au Malecon \u00e0 Samana \u00e0 8h30 (le point de rencontre exact et d'autres d\u00e9tails sont fournis dans le message de confirmation). Nous commencerons par une visite de la ville, puis nous prendrons le bateau pour observer les baleines dans leur propre habitat. Apr\u00e8s l'observation, nous partons pour un d\u00e9jeuner typiquement dominicain sur l'\u00eele de Cayo Levantado. Apr\u00e8s le d\u00e9jeuner, vous aurez du temps libre pour profiter de la plage, vous promener sur l'\u00eele, jouer au volley-ball ou simplement vous d\u00e9tendre \u00e0 l'ombre. Vers 16h30, nous retournerons \u00e0 la communaut\u00e9 de Samana o\u00f9 l'exp\u00e9rience se terminera.<\/p>\n<p>Autres points \u00e0 noter<\/p>\n<p>Il s'agit d'une exp\u00e9rience pour voir de pr\u00e8s les baleines. Il est interdit de nager ou de les toucher.<\/p>\n<p>Si vous souhaitez faire un voyage priv\u00e9 et ne pas vous joindre \u00e0 un groupe, veuillez nous contacter et nous vous enverrons les prix et autres d\u00e9tails.<\/p>\n<div class=\"toggle-content__content toggle-content__content--expanded toggle-content__content--packable\" data-v-59485d64=\"\">\n<div data-test-id=\"activity-full-description-text\" data-v-5835c99c=\"\">Nous avons \u00e9galement la possibilit\u00e9 d'observer les baleines depuis Punta Cana, Sabana de la Mar\/Miches et d'autres endroits, moyennant un suppl\u00e9ment.<\/div>\n<\/div>\n<div class=\"toggle-content__label-placeholder\" data-v-59485d64=\"\"><\/div>","protected":false},"excerpt":{"rendered":"<div data-track=\"overview\" data-v-83a2b402=\"\">\n<section id=\"activity-overview\" class=\"activity-overview\" data-component=\"overview\" data-v-83a2b402=\"\" data-v-f3236c42=\"\">\n<p class=\"activity-overview__content\" data-test-id=\"activity-overview-content\" data-v-f3236c42=\"\">En commen\u00e7ant par une visite de la ville de Samana, vous pourrez observer de pr\u00e8s les baleines lors d'une croisi\u00e8re pittoresque au d\u00e9part de Saman\u00e1. Arr\u00eat sur l'\u00eele de Cayo Levantado pour le d\u00e9jeuner et du temps libre pour explorer.<\/p>\n<\/section>\n<\/div>\n<div data-track=\"key-details\" data-v-83a2b402=\"\"><\/div>","protected":false},"featured_media":17982,"template":"","meta":[],"product_brand":[],"product_cat":[97],"product_tag":[101,102],"class_list":{"0":"post-17778","1":"product","2":"type-product","3":"status-publish","4":"has-post-thumbnail","6":"product_cat-dominican-republic","7":"product_tag-excursion","8":"product_tag-tour","10":"first","11":"instock","12":"shipping-taxable","13":"product-type-external"},"_links":{"self":[{"href":"https:\/\/sabanadelamartours.com\/fr\/wp-json\/wp\/v2\/product\/17778","targetHints":{"allow":["GET"]}}],"collection":[{"href":"https:\/\/sabanadelamartours.com\/fr\/wp-json\/wp\/v2\/product"}],"about":[{"href":"https:\/\/sabanadelamartours.com\/fr\/wp-json\/wp\/v2\/types\/product"}],"version-history":[{"count":2,"href":"https:\/\/sabanadelamartours.com\/fr\/wp-json\/wp\/v2\/product\/17778\/revisions"}],"predecessor-version":[{"id":19137,"href":"https:\/\/sabanadelamartours.com\/fr\/wp-json\/wp\/v2\/product\/17778\/revisions\/19137"}],"wp:featuredmedia":[{"embeddable":true,"href":"https:\/\/sabanadelamartours.com\/fr\/wp-json\/wp\/v2\/media\/17982"}],"wp:attachment":[{"href":"https:\/\/sabanadelamartours.com\/fr\/wp-json\/wp\/v2\/media?parent=17778"}],"wp:term":[{"taxonomy":"product_brand","embeddable":true,"href":"https:\/\/sabanadelamartours.com\/fr\/wp-json\/wp\/v2\/product_brand?post=17778"},{"taxonomy":"product_cat","embeddable":true,"href":"https:\/\/sabanadelamartours.com\/fr\/wp-json\/wp\/v2\/product_cat?post=17778"},{"taxonomy":"product_tag","embeddable":true,"href":"https:\/\/sabanadelamartours.com\/fr\/wp-json\/wp\/v2\/product_tag?post=17778"}],"curies":[{"name":"wp","href":"https:\/\/api.w.org\/{rel}","templated":true}]}}