{"id":17792,"date":"2025-12-18T14:52:22","date_gmt":"2025-12-18T14:52:22","guid":{"rendered":"https:\/\/sabanadelamartours.com\/?post_type=product&#038;p=17792"},"modified":"2026-02-14T02:12:26","modified_gmt":"2026-02-14T02:12:26","slug":"au-depart-de-punta-cana-excursion-culturelle-dune-demi-journee-en-republique-dominicaine","status":"publish","type":"product","link":"https:\/\/sabanadelamartours.com\/fr\/tournee\/au-depart-de-punta-cana-excursion-culturelle-dune-demi-journee-en-republique-dominicaine\/","title":{"rendered":"Au d\u00e9part de Punta Cana : demi-journ\u00e9e de visite culturelle en R\u00e9publique dominicaine"},"content":{"rendered":"<p>D\u00e9couvrez les joyaux cach\u00e9s de la R\u00e9publique dominicaine lors de cette excursion enrichissante d'une demi-journ\u00e9e au d\u00e9part de Punta Cana. Plongez dans l'essence authentique de la campagne en traversant des paysages pittoresques et des sites culturels.<\/p>\n<p>Commencez votre odyss\u00e9e par une prise en charge en douceur \u00e0 votre h\u00f4tel de Punta Cana, qui ouvre la voie \u00e0 un voyage immersif. Aventurez-vous vers Hig\u00fcey, une ville v\u00e9n\u00e9r\u00e9e r\u00e9put\u00e9e pour son importance historique. D\u00e9couvrez les merveilles architecturales de la basilique de Hig\u00fcey, qui t\u00e9moigne de l'h\u00e9ritage religieux profond\u00e9ment ancr\u00e9 dans le pays. Plongez dans l'atmosph\u00e8re anim\u00e9e du march\u00e9 dominicain, un lieu tr\u00e8s fr\u00e9quent\u00e9 o\u00f9 les artisans locaux pr\u00e9sentent leurs produits et offrent un aper\u00e7u de la culture et de la soci\u00e9t\u00e9 dominicaines.<\/p>\n<p>Poursuivez votre exp\u00e9dition jusqu'au havre de paix de la rivi\u00e8re Anamuya, o\u00f9 la splendeur de la nature vous attend. Offrez-vous des moments de d\u00e9tente en nageant dans les eaux cristallines ou osez vivre l'exp\u00e9rience exaltante de glisser sur un toboggan naturel de 30 m\u00e8tres de long dans l'\u00e9treinte de la rivi\u00e8re. Rajeunissez vos sens en d\u00e9gustant un d\u00e9licieux d\u00e9jeuner compos\u00e9 de mets dominicains traditionnels, qui ravira vos papilles gustatives avec des saveurs authentiques.<\/p>\n<p>Au fil de l'aventure, vous p\u00e9n\u00e9trez au c\u0153ur de la culture dominicaine dans une maison et une usine locales. Vous aurez un aper\u00e7u fascinant des processus de production du caf\u00e9, du cacao et du tabac, et vous verrez de vos propres yeux le savoir-faire artisanal qui se cache derri\u00e8re ces produits bien-aim\u00e9s. Faites une pause dans une \u00e9cole d'art, o\u00f9 la cr\u00e9ativit\u00e9 s'\u00e9panouit et o\u00f9 les artisans locaux montrent leur talent, offrant un aper\u00e7u de la sc\u00e8ne artistique vibrante de la R\u00e9publique dominicaine.<\/p>\n<div class=\"toggle-content__content toggle-content__content--expanded toggle-content__content--packable\" data-v-59485d64=\"\">\n<div data-test-id=\"activity-full-description-text\" data-v-5835c99c=\"\">Terminez votre excursion par une visite de l'idyllique plage de Macao, une oasis immacul\u00e9e nich\u00e9e sur les rives ensoleill\u00e9es de la mer des Cara\u00efbes. D\u00e9tendez-vous dans une ambiance tranquille, en profitant des rayons dor\u00e9s du soleil ou en vous rafra\u00eechissant dans les eaux azur\u00e9es. \u00c0 la fin de la journ\u00e9e, savourez les souvenirs d'un voyage inoubliable avant d'\u00eatre ramen\u00e9 en voiture \u00e0 votre h\u00f4tel de Punta Cana.<\/div>\n<\/div>\n<div class=\"toggle-content__label-placeholder\" data-v-59485d64=\"\"><\/div>","protected":false},"excerpt":{"rendered":"<div data-track=\"overview\" data-v-83a2b402=\"\">\n<section id=\"activity-overview\" class=\"activity-overview\" data-component=\"overview\" data-v-83a2b402=\"\" data-v-f3236c42=\"\">\n<p class=\"activity-overview__content\" data-test-id=\"activity-overview-content\" data-v-f3236c42=\"\">D\u00e9couvrez la vie des Dominicains, leur gastronomie, leur mode de vie et leur culture, en visitant la ville la plus grande et la plus populaire de la r\u00e9gion orientale du pays, Higuey.<\/p>\n<\/section>\n<\/div>\n<div data-track=\"key-details\" data-v-83a2b402=\"\"><\/div>","protected":false},"featured_media":17994,"template":"","meta":[],"product_brand":[],"product_cat":[97],"product_tag":[101,102],"class_list":{"0":"post-17792","1":"product","2":"type-product","3":"status-publish","4":"has-post-thumbnail","6":"product_cat-dominican-republic","7":"product_tag-excursion","8":"product_tag-tour","10":"first","11":"instock","12":"shipping-taxable","13":"product-type-external"},"_links":{"self":[{"href":"https:\/\/sabanadelamartours.com\/fr\/wp-json\/wp\/v2\/product\/17792","targetHints":{"allow":["GET"]}}],"collection":[{"href":"https:\/\/sabanadelamartours.com\/fr\/wp-json\/wp\/v2\/product"}],"about":[{"href":"https:\/\/sabanadelamartours.com\/fr\/wp-json\/wp\/v2\/types\/product"}],"version-history":[{"count":2,"href":"https:\/\/sabanadelamartours.com\/fr\/wp-json\/wp\/v2\/product\/17792\/revisions"}],"predecessor-version":[{"id":19135,"href":"https:\/\/sabanadelamartours.com\/fr\/wp-json\/wp\/v2\/product\/17792\/revisions\/19135"}],"wp:featuredmedia":[{"embeddable":true,"href":"https:\/\/sabanadelamartours.com\/fr\/wp-json\/wp\/v2\/media\/17994"}],"wp:attachment":[{"href":"https:\/\/sabanadelamartours.com\/fr\/wp-json\/wp\/v2\/media?parent=17792"}],"wp:term":[{"taxonomy":"product_brand","embeddable":true,"href":"https:\/\/sabanadelamartours.com\/fr\/wp-json\/wp\/v2\/product_brand?post=17792"},{"taxonomy":"product_cat","embeddable":true,"href":"https:\/\/sabanadelamartours.com\/fr\/wp-json\/wp\/v2\/product_cat?post=17792"},{"taxonomy":"product_tag","embeddable":true,"href":"https:\/\/sabanadelamartours.com\/fr\/wp-json\/wp\/v2\/product_tag?post=17792"}],"curies":[{"name":"wp","href":"https:\/\/api.w.org\/{rel}","templated":true}]}}