{"id":17793,"date":"2025-12-18T14:52:22","date_gmt":"2025-12-18T14:52:22","guid":{"rendered":"https:\/\/sabanadelamartours.com\/?post_type=product&#038;p=17793"},"modified":"2026-01-10T15:16:03","modified_gmt":"2026-01-10T15:16:03","slug":"excursion-en-catamaran-pour-le-groupe-de-punta-cana-avec-boissons-et-collations","status":"publish","type":"product","link":"https:\/\/sabanadelamartours.com\/fr\/tournee\/excursion-en-catamaran-pour-le-groupe-de-punta-cana-avec-boissons-et-collations\/","title":{"rendered":"Punta Cana : Excursion en catamaran avec boissons et collations"},"content":{"rendered":"<p>Embark on a 3-hour group catamaran cruise from Punta Cana. Travel from B\u00e1varo to Cabeza de Toro while listening to music.<\/p>\n<p>Be picked up from your hotel and taken to the boat. Board the boat and admire views of the blue water and coast. Stop at Cabeza de Toro for 40 minutes of snorkeling fun. Explore this rich underwater world before heading to Los Cocos beach.<\/p>\n<p>Relax on the beach or go for a swim. Have a tasty coconut while hanging out on the sand. Continue along the coast until you reach a natural pool, where you can take a dip in the refreshing water.<\/p>","protected":false},"excerpt":{"rendered":"<div data-track=\"overview\" data-v-83a2b402=\"\">\n<section id=\"activity-overview\" class=\"activity-overview\" data-component=\"overview\" data-v-83a2b402=\"\" data-v-f3236c42=\"\">\n<p class=\"activity-overview__content\" data-test-id=\"activity-overview-content\" data-v-f3236c42=\"\">Arr\u00eatez-vous sur une plage naturelle, faites de la plong\u00e9e en apn\u00e9e avec des poissons color\u00e9s dans les r\u00e9cifs et d\u00e9gustez des boissons et des en-cas lors de cette croisi\u00e8re en catamaran \u00e0 Punta Cana.<\/p>\n<\/section>\n<\/div>\n<div data-track=\"key-details\" data-v-83a2b402=\"\"><\/div>","protected":false},"featured_media":18009,"template":"","meta":[],"product_brand":[],"product_cat":[97],"product_tag":[101,102],"class_list":{"0":"post-17793","1":"product","2":"type-product","3":"status-publish","4":"has-post-thumbnail","6":"product_cat-dominican-republic","7":"product_tag-excursion","8":"product_tag-tour","10":"first","11":"instock","12":"shipping-taxable","13":"product-type-external"},"_links":{"self":[{"href":"https:\/\/sabanadelamartours.com\/fr\/wp-json\/wp\/v2\/product\/17793","targetHints":{"allow":["GET"]}}],"collection":[{"href":"https:\/\/sabanadelamartours.com\/fr\/wp-json\/wp\/v2\/product"}],"about":[{"href":"https:\/\/sabanadelamartours.com\/fr\/wp-json\/wp\/v2\/types\/product"}],"version-history":[{"count":1,"href":"https:\/\/sabanadelamartours.com\/fr\/wp-json\/wp\/v2\/product\/17793\/revisions"}],"predecessor-version":[{"id":18798,"href":"https:\/\/sabanadelamartours.com\/fr\/wp-json\/wp\/v2\/product\/17793\/revisions\/18798"}],"wp:featuredmedia":[{"embeddable":true,"href":"https:\/\/sabanadelamartours.com\/fr\/wp-json\/wp\/v2\/media\/18009"}],"wp:attachment":[{"href":"https:\/\/sabanadelamartours.com\/fr\/wp-json\/wp\/v2\/media?parent=17793"}],"wp:term":[{"taxonomy":"product_brand","embeddable":true,"href":"https:\/\/sabanadelamartours.com\/fr\/wp-json\/wp\/v2\/product_brand?post=17793"},{"taxonomy":"product_cat","embeddable":true,"href":"https:\/\/sabanadelamartours.com\/fr\/wp-json\/wp\/v2\/product_cat?post=17793"},{"taxonomy":"product_tag","embeddable":true,"href":"https:\/\/sabanadelamartours.com\/fr\/wp-json\/wp\/v2\/product_tag?post=17793"}],"curies":[{"name":"wp","href":"https:\/\/api.w.org\/{rel}","templated":true}]}}