{"id":17860,"date":"2025-12-18T14:54:54","date_gmt":"2025-12-18T14:54:54","guid":{"rendered":"https:\/\/sabanadelamartours.com\/?post_type=product&#038;p=17860"},"modified":"2026-01-10T15:19:02","modified_gmt":"2026-01-10T15:19:02","slug":"balade-en-buggy-des-dunes-a-punta-cana","status":"publish","type":"product","link":"https:\/\/sabanadelamartours.com\/fr\/tournee\/balade-en-buggy-des-dunes-a-punta-cana\/","title":{"rendered":"Balade en buggy des dunes \u00e0 Punta Cana"},"content":{"rendered":"<p>Rejoignez-nous pour une excursion d'une demi-journ\u00e9e \u00e0 travers la beaut\u00e9 pittoresque de Macao, et d\u00e9couvrez comment l'utilisation de mots de transition dans votre exp\u00e9rience de voyage peut am\u00e9liorer la lisibilit\u00e9 de vos souvenirs de vacances. De la prise en charge \u00e0 l'h\u00f4tel \u00e0 l'escapade en buggy tout-terrain, nous veillerons \u00e0 ce que votre voyage se d\u00e9roule sans encombre. Plongez dans des mares de boue, explorez les tr\u00e9sors locaux et profitez m\u00eame d'une baignade rafra\u00eechissante dans une grotte pittoresque. Le retour \u00e0 la plage de Macao compl\u00e8te cette aventure, en montrant la relation parfaite entre l'aventure et la relaxation. Veuillez noter nos options de transport, y compris le transport de groupe pour les groupes plus nombreux, afin de vous assurer que votre voyage se d\u00e9roule aussi bien que votre \u00e9criture.<\/p>","protected":false},"excerpt":{"rendered":"<div data-track=\"overview\" data-v-83a2b402=\"\">\n<section id=\"activity-overview\" class=\"activity-overview\" data-component=\"overview\" data-v-83a2b402=\"\" data-v-f3236c42=\"\">\n<p class=\"activity-overview__content\" data-test-id=\"activity-overview-content\" data-v-f3236c42=\"\">D\u00e9couvrez la beaut\u00e9 in\u00e9dite de la plage de Macao. Pr\u00e9parez-vous \u00e0 des sensations fortes en buggy tout-terrain.<\/p>\n<\/section>\n<\/div>\n<div data-track=\"key-details\" data-v-83a2b402=\"\"><\/div>","protected":false},"featured_media":18084,"template":"","meta":[],"product_brand":[],"product_cat":[97],"product_tag":[101,102],"class_list":{"0":"post-17860","1":"product","2":"type-product","3":"status-publish","4":"has-post-thumbnail","6":"product_cat-dominican-republic","7":"product_tag-excursion","8":"product_tag-tour","10":"first","11":"instock","12":"shipping-taxable","13":"product-type-external"},"_links":{"self":[{"href":"https:\/\/sabanadelamartours.com\/fr\/wp-json\/wp\/v2\/product\/17860","targetHints":{"allow":["GET"]}}],"collection":[{"href":"https:\/\/sabanadelamartours.com\/fr\/wp-json\/wp\/v2\/product"}],"about":[{"href":"https:\/\/sabanadelamartours.com\/fr\/wp-json\/wp\/v2\/types\/product"}],"version-history":[{"count":2,"href":"https:\/\/sabanadelamartours.com\/fr\/wp-json\/wp\/v2\/product\/17860\/revisions"}],"predecessor-version":[{"id":18801,"href":"https:\/\/sabanadelamartours.com\/fr\/wp-json\/wp\/v2\/product\/17860\/revisions\/18801"}],"wp:featuredmedia":[{"embeddable":true,"href":"https:\/\/sabanadelamartours.com\/fr\/wp-json\/wp\/v2\/media\/18084"}],"wp:attachment":[{"href":"https:\/\/sabanadelamartours.com\/fr\/wp-json\/wp\/v2\/media?parent=17860"}],"wp:term":[{"taxonomy":"product_brand","embeddable":true,"href":"https:\/\/sabanadelamartours.com\/fr\/wp-json\/wp\/v2\/product_brand?post=17860"},{"taxonomy":"product_cat","embeddable":true,"href":"https:\/\/sabanadelamartours.com\/fr\/wp-json\/wp\/v2\/product_cat?post=17860"},{"taxonomy":"product_tag","embeddable":true,"href":"https:\/\/sabanadelamartours.com\/fr\/wp-json\/wp\/v2\/product_tag?post=17860"}],"curies":[{"name":"wp","href":"https:\/\/api.w.org\/{rel}","templated":true}]}}