{"id":17933,"date":"2025-12-18T14:58:19","date_gmt":"2025-12-18T14:58:19","guid":{"rendered":"https:\/\/sabanadelamartours.com\/?post_type=product&#038;p=17933"},"modified":"2026-02-14T03:31:42","modified_gmt":"2026-02-14T03:31:42","slug":"-392","status":"publish","type":"product","link":"https:\/\/sabanadelamartours.com\/fr\/tournee\/-392\/","title":{"rendered":"Punta Cana : Transfert aller simple depuis l'a\u00e9roport"},"content":{"rendered":"<p>Book your transportation and save yourself the hassle and uncertainty of finding a reliable local taxi upon arrival at the airport.<\/p>\n<p>The Cocotours airport transportation service will transport you comfortably to your hotel in La Romana or Bayahibe, an approximately 90-minute journey. Main hotels include Dreams La Romana, Casa de Campo, Bahia Principe La Romana, Be Live Canoa, Catalonia, and all hotels that have Dominicus in their name.<\/p>\n<div class=\"toggle-content__content toggle-content__content--expanded toggle-content__content--packable\" data-v-59485d64=\"\">\n<div data-test-id=\"activity-full-description-text\" data-v-5835c99c=\"\">After exiting customs at Punta Cana airport, you will be met by our uniformed driver who will then escort you to your late-model, air-conditioned vehichle and you can enjoy your journey to your destination in comfort.<\/div>\n<\/div>\n<div class=\"toggle-content__label-placeholder\" data-v-59485d64=\"\"><\/div>","protected":false},"excerpt":{"rendered":"<div data-track=\"overview\" data-v-83a2b402=\"\">\n<section id=\"activity-overview\" class=\"activity-overview\" data-component=\"overview\" data-v-83a2b402=\"\" data-v-f3236c42=\"\">\n<p class=\"activity-overview__content\" data-test-id=\"activity-overview-content\" data-v-f3236c42=\"\">Gr\u00e2ce \u00e0 ce service de transport, vous n'aurez plus \u00e0 vous soucier de trouver un taxi local fiable \u00e0 Punta Cana. Vous serez pris en charge et emmen\u00e9 \u00e0 votre destination dans le confort et commencerez vos vacances sans stress.<\/p>\n<\/section>\n<\/div>\n<div data-track=\"key-details\" data-v-83a2b402=\"\"><\/div>","protected":false},"featured_media":16420,"template":"","meta":[],"product_brand":[],"product_cat":[97],"product_tag":[101,102],"class_list":{"0":"post-17933","1":"product","2":"type-product","3":"status-publish","4":"has-post-thumbnail","6":"product_cat-dominican-republic","7":"product_tag-excursion","8":"product_tag-tour","10":"first","11":"instock","12":"shipping-taxable","13":"product-type-external"},"_links":{"self":[{"href":"https:\/\/sabanadelamartours.com\/fr\/wp-json\/wp\/v2\/product\/17933","targetHints":{"allow":["GET"]}}],"collection":[{"href":"https:\/\/sabanadelamartours.com\/fr\/wp-json\/wp\/v2\/product"}],"about":[{"href":"https:\/\/sabanadelamartours.com\/fr\/wp-json\/wp\/v2\/types\/product"}],"version-history":[{"count":1,"href":"https:\/\/sabanadelamartours.com\/fr\/wp-json\/wp\/v2\/product\/17933\/revisions"}],"predecessor-version":[{"id":19197,"href":"https:\/\/sabanadelamartours.com\/fr\/wp-json\/wp\/v2\/product\/17933\/revisions\/19197"}],"wp:featuredmedia":[{"embeddable":true,"href":"https:\/\/sabanadelamartours.com\/fr\/wp-json\/wp\/v2\/media\/16420"}],"wp:attachment":[{"href":"https:\/\/sabanadelamartours.com\/fr\/wp-json\/wp\/v2\/media?parent=17933"}],"wp:term":[{"taxonomy":"product_brand","embeddable":true,"href":"https:\/\/sabanadelamartours.com\/fr\/wp-json\/wp\/v2\/product_brand?post=17933"},{"taxonomy":"product_cat","embeddable":true,"href":"https:\/\/sabanadelamartours.com\/fr\/wp-json\/wp\/v2\/product_cat?post=17933"},{"taxonomy":"product_tag","embeddable":true,"href":"https:\/\/sabanadelamartours.com\/fr\/wp-json\/wp\/v2\/product_tag?post=17933"}],"curies":[{"name":"wp","href":"https:\/\/api.w.org\/{rel}","templated":true}]}}