{"id":18032,"date":"2025-12-18T15:03:36","date_gmt":"2025-12-18T15:03:36","guid":{"rendered":"https:\/\/sabanadelamartours.com\/?post_type=product&#038;p=18032"},"modified":"2025-12-18T15:12:28","modified_gmt":"2025-12-18T15:12:28","slug":"-394","status":"publish","type":"product","link":"https:\/\/sabanadelamartours.com\/fr\/tournee\/-394\/","title":{"rendered":"Observation des baleines \u00e0 Saman\u00e1 - Seulement $39 | Dominican Republic Tours"},"content":{"rendered":"<div class=\"wpb-content-wrapper\"><div class=\"vc_row wpb_row st bg-holder\"><div class='container'><div class='row'>\n\t<div class=\"wpb_column column_container col-md-12\"><div class=\"vc_column-inner wpb_wrapper\">\n\t\t\t\n\t<div class=\"wpb_text_column wpb_content_element\" >\n\t\t<div class=\"wpb_wrapper\">\n\t\t\t<h1><strong>Observation des baleines et excursion \u00e0 Cayo Levantado : Le meilleur prix garanti !<\/strong><\/h1>\n<p>\ud83c\udf0a <strong>Embarquez pour l'aventure ultime de Saman\u00e1 \u00e0 un prix imbattable !<\/strong> \ud83c\udf34<\/p>\n<p>Vous recherchez l'exp\u00e9rience d'observation des baleines la plus palpitante et la plus abordable \u00e0 Saman\u00e1 ? Nous avons ce qu'il vous faut ! Notre <strong>Observation des baleines et excursion \u00e0 Cayo Levantado<\/strong> offre le <strong>le meilleur rapport qualit\u00e9-prix<\/strong>, L'h\u00f4tel de ville, qui combine deux exp\u00e9riences inoubliables en une seule journ\u00e9e parfaite - tout cela \u00e0 l'h\u00f4tel de ville, \u00e0 l'h\u00f4tel de ville, \u00e0 l'h\u00f4tel de ville. <strong>prix le plus bas garanti<\/strong>.<\/p>\n<hr \/>\n<h3><strong>Itin\u00e9raire de la visite<\/strong><\/h3>\n<h4><strong>10:00 - Point de rencontre au port de Carenero<\/strong><\/h4>\n<p>Commencez votre journ\u00e9e sans stress \u00e0 <strong>Port de Carenero<\/strong>, Notre \u00e9quipe vous accueillera \u00e0 bord d'un bateau confortable et moderne.<\/p>\n<h4><strong>10:15 - Observation des baleines dans la baie de Saman\u00e1<\/strong><\/h4>\n<p>Partez \u00e0 la conqu\u00eate de la c\u00e9l\u00e8bre <strong>Sanctuaire d'observation des baleines<\/strong> et admirez les majestueuses baleines \u00e0 bosse. Assistez \u00e0 leurs comportements spectaculaires - br\u00e8ches, battements de queue et chants - tout en profitant des commentaires de nos guides marins.<\/p>\n<h4><strong>12:00 - Temps libre \u00e0 Cayo Levantado (\u00eele Bacardi)<\/strong><\/h4>\n<p>Apr\u00e8s une matin\u00e9e incroyable avec les baleines, nous nous rendrons \u00e0 <strong>Cayo Levantado<\/strong>, L'\u00eele d'Oman est un paradis tropical connu pour ses plages de sable blanc et ses eaux cristallines. D\u00e9penser <strong>temps libre<\/strong> Vous pouvez vous d\u00e9tendre, nager ou explorer l'\u00eele \u00e0 votre guise.<\/p>\n<h4><strong>14:30 - Retour au port de Carenero<\/strong><\/h4>\n<p>Nous quitterons l'\u00eele et retournerons \u00e0 Saman\u00e1, en arrivant \u00e0 <strong>Port de Carenero entre 14h30 et 15h00<\/strong>, Vous aurez ainsi tout le loisir de profiter du reste de votre journ\u00e9e.<\/p>\n<hr \/>\n<h3><strong>Pourquoi cette excursion d'observation des baleines \u00e0 Saman\u00e1 est-elle la plus avantageuse ?<\/strong><\/h3>\n<p>\u2705 <strong>Deux aventures en une<\/strong> - Observation des baleines + visite de Cayo Levantado pour un seul petit prix !<br \/>\n\u2705 <strong>Garantie du prix le plus bas<\/strong> - Vous ne trouverez nulle part ailleurs une meilleure offre.<br \/>\n\u2705 <strong>Pas de frais cach\u00e9s<\/strong> - Les prix transparents comprennent le trajet en bateau, les guides et l'entr\u00e9e dans le sanctuaire.<br \/>\n\u2705 <strong>Un service de haute qualit\u00e9<\/strong> - Des bateaux modernes, des guides experts et une exp\u00e9rience des plus confortables.<\/p>\n<hr \/>\n<h3><strong>Offre saisonni\u00e8re : R\u00e9servez t\u00f4t et \u00e9conomisez !<\/strong><\/h3>\n<p>\ud83d\udcc6 <strong>Premi\u00e8re saison<\/strong>: Janvier-mars est la meilleure p\u00e9riode pour observer les baleines \u00e0 bosse.<br \/>\n\ud83d\udcb8 <strong>Offre exclusive<\/strong>: R\u00e9servez votre place d\u00e8s aujourd'hui et b\u00e9n\u00e9ficiez de la <strong>meilleur prix pour l'observation des baleines \u00e0 Saman\u00e1<\/strong>!<\/p>\n<hr \/>\n<h3><strong>Comment r\u00e9server<\/strong><\/h3>\n<p>\ud83d\udcde <a href=\"http:\/\/CALLTO:+18097206035\"><strong>Appelez-nous maintenant<\/strong><\/a> pour garantir votre place.<br \/>\n\ud83d\udce7 <a href=\"MAILTO:RESERVABATOUR@GMAIL.COM\"><strong>Envoyez-nous un courriel<\/strong> <\/a>pour les r\u00e9servations de groupe ou les demandes sp\u00e9ciales.<br \/>\n\ud83c\udf10 <a href=\"https:\/\/bookingadventures.tours\/booking.php?slug=Whale_watching_and_Cayo_levantado_low_price\" target=\"_blank\" rel=\"noopener\"><strong>R\u00e9server en ligne<\/strong> <\/a>pour des r\u00e9servations rapides et faciles.<\/p>\n<p>\ud83d\udea8 <strong>D\u00e9p\u00eachez-vous ! Le nombre de places est limit\u00e9<\/strong>-Ne manquez pas cette incroyable opportunit\u00e9 de vivre une exp\u00e9rience unique. <strong>L'excursion la mieux not\u00e9e de Saman\u00e1 au meilleur prix !<\/strong><\/p>\n\n\t\t<\/div>\n\t<\/div>\n<div class=\"vc_empty_space\"   style=\"height: 32px\"><span class=\"vc_empty_space_inner\"><\/span><\/div>\n\t<div class=\"wpb_text_column wpb_content_element\" >\n\t\t<div class=\"wpb_wrapper\">\n\t\t\t<h2>Plus d'options d'observation des baleines :<\/h2>\n\n\t\t<\/div>\n\t<\/div>\n<div class=\"vc_empty_space\"   style=\"height: 32px\"><span class=\"vc_empty_space_inner\"><\/span><\/div><div class=\"woocommerce columns-4\"><ul class=\"products columns-4\">\n<li class=\"product type-product post-18154 status-publish first instock product_cat-dominican-republic product_tag-excursion product_tag-tour has-post-thumbnail shipping-taxable product-type-external\">\r\n\t<a href=\"https:\/\/sabanadelamartours.com\/fr\/tournee\/-403\/\" class=\"woocommerce-LoopProduct-link woocommerce-loop-product__link\"><img fetchpriority=\"high\" decoding=\"async\" width=\"300\" height=\"300\" src=\"https:\/\/sabanadelamartours.com\/wp-content\/uploads\/2025\/12\/99-53-300x300.png\" class=\"attachment-woocommerce_thumbnail size-woocommerce_thumbnail\" alt=\"Las Terrenas : Demi-journ\u00e9e priv\u00e9e d&#039;observation des baleines\" srcset=\"https:\/\/sabanadelamartours.com\/wp-content\/uploads\/2025\/12\/99-53-300x300.png 300w, https:\/\/sabanadelamartours.com\/wp-content\/uploads\/2025\/12\/99-53-1536x1536.png 1536w, https:\/\/sabanadelamartours.com\/wp-content\/uploads\/2025\/12\/99-53-2048x2048.png 2048w, https:\/\/sabanadelamartours.com\/wp-content\/uploads\/2025\/12\/99-53-100x100.png 100w, https:\/\/sabanadelamartours.com\/wp-content\/uploads\/2025\/12\/99-53-266x266.png 266w\" sizes=\"(max-width: 300px) 100vw, 300px\" \/><h2 class=\"woocommerce-loop-product__title\">Las Terrenas : Demi-journ\u00e9e priv\u00e9e d'observation des baleines<\/h2>\n\t<span class=\"price\"><span class=\"woocs_price_code\" data-currency=\"\" data-redraw-id=\"69ea3f9d75929\"  data-product-id=\"18154\"><span class=\"woocommerce-Price-amount amount\"><bdi>450.00<span class=\"woocommerce-Price-currencySymbol\">&#36;<\/span><\/bdi><\/span><\/span><\/span>\n<\/a><a href=\"https:\/\/tourreservationlink.com\/en\/booking\/las-terrenas-private-whale-watching-half-day\" aria-describedby=\"woocommerce_loop_add_to_cart_link_describedby_18154\" data-quantity=\"1\" class=\"button product_type_external\" data-product_id=\"18154\" data-product_sku=\"\" aria-label=\"ACHETER UN BILLET\" rel=\"nofollow noopener\" target=\"_blank\">ACHETER UN BILLET<\/a>\t<span id=\"woocommerce_loop_add_to_cart_link_describedby_18154\" class=\"screen-reader-text\">\n\t\t\t<\/span>\n<\/li>\r\n<\/ul>\n<\/div><\/div>\n\t<\/div> \n<\/div><!--End .row--><\/div><!--End .container--><\/div>\n<\/div>","protected":false},"excerpt":{"rendered":"<p><strong>Meilleur prix pour l'observation des baleines et l'excursion \u00e0 Cayo Levantado - Saman\u00e1<\/strong><\/p>\n<p>Faites l'exp\u00e9rience du nec plus ultra <strong>Observation des baleines \u00e0 Saman\u00e1<\/strong> \u00e0 la <strong>meilleur prix garanti<\/strong>! Observez les majestueuses baleines \u00e0 bosse dans la c\u00e9l\u00e8bre <strong>Sanctuaire d'observation des baleines de la baie de Saman\u00e1<\/strong>, puis se d\u00e9tendre sur les plages immacul\u00e9es de <strong>Cayo Levantado (\u00cele Bacardi)<\/strong>. Cette excursion abordable d'une demi-journ\u00e9e offre un rapport qualit\u00e9-prix in\u00e9gal\u00e9, des guides experts et deux aventures inoubliables en une. <strong>R\u00e9server<\/strong> pour une offre imbattable sur l'excursion la plus cot\u00e9e de Saman\u00e1 !<\/p>","protected":false},"featured_media":18204,"template":"","meta":[],"product_brand":[],"product_cat":[97,229],"product_tag":[],"class_list":{"0":"post-18032","1":"product","2":"type-product","3":"status-publish","4":"has-post-thumbnail","6":"product_cat-dominican-republic","7":"product_cat-whale-watching","9":"first","10":"instock","11":"sale","12":"shipping-taxable","13":"product-type-external"},"_links":{"self":[{"href":"https:\/\/sabanadelamartours.com\/fr\/wp-json\/wp\/v2\/product\/18032","targetHints":{"allow":["GET"]}}],"collection":[{"href":"https:\/\/sabanadelamartours.com\/fr\/wp-json\/wp\/v2\/product"}],"about":[{"href":"https:\/\/sabanadelamartours.com\/fr\/wp-json\/wp\/v2\/types\/product"}],"version-history":[{"count":0,"href":"https:\/\/sabanadelamartours.com\/fr\/wp-json\/wp\/v2\/product\/18032\/revisions"}],"wp:featuredmedia":[{"embeddable":true,"href":"https:\/\/sabanadelamartours.com\/fr\/wp-json\/wp\/v2\/media\/18204"}],"wp:attachment":[{"href":"https:\/\/sabanadelamartours.com\/fr\/wp-json\/wp\/v2\/media?parent=18032"}],"wp:term":[{"taxonomy":"product_brand","embeddable":true,"href":"https:\/\/sabanadelamartours.com\/fr\/wp-json\/wp\/v2\/product_brand?post=18032"},{"taxonomy":"product_cat","embeddable":true,"href":"https:\/\/sabanadelamartours.com\/fr\/wp-json\/wp\/v2\/product_cat?post=18032"},{"taxonomy":"product_tag","embeddable":true,"href":"https:\/\/sabanadelamartours.com\/fr\/wp-json\/wp\/v2\/product_tag?post=18032"}],"curies":[{"name":"wp","href":"https:\/\/api.w.org\/{rel}","templated":true}]}}