{"id":18050,"date":"2025-12-18T15:04:25","date_gmt":"2025-12-18T15:04:25","guid":{"rendered":"https:\/\/sabanadelamartours.com\/?post_type=product&#038;p=18050"},"modified":"2026-02-14T02:03:28","modified_gmt":"2026-02-14T02:03:28","slug":"-395","status":"publish","type":"product","link":"https:\/\/sabanadelamartours.com\/fr\/tournee\/-395\/","title":{"rendered":"Demi-journ\u00e9e d'observation des baleines \u00e0 Miches - Aventure marine inoubliable"},"content":{"rendered":"<div class=\"wpb-content-wrapper\"><div class=\"vc_row wpb_row st bg-holder\"><div class='container'><div class='row'>\n\t<div class=\"wpb_column column_container col-md-12\"><div class=\"vc_column-inner wpb_wrapper\">\n\t\t\t\n\t<div class=\"wpb_text_column wpb_content_element\" >\n\t\t<div class=\"wpb_wrapper\">\n\t\t\t<p><strong>Observation des baleines \u00e0 partir de Miches - Aventure en catamaran \u00e0 partir de 9h30<\/strong><\/p>\n<p>\u00c0 la recherche d'une exp\u00e9rience inoubliable <strong>Observation des baleines \u00e0 Miches<\/strong>? Rejoignez-nous pour une aventure matinale et observez les majestueuses baleines \u00e0 bosse dans leur habitat naturel \u00e0 bord d'un catamaran spacieux et confortable.<\/p>\n<h3><strong>Points forts de la visite<\/strong><\/h3>\n<ul>\n<li><strong>D\u00e9part de Miches :<\/strong> Commencez votre voyage \u00e0 9h30 pour un trajet doux et pittoresque dans la baie de Samana.<\/li>\n<li><strong>Exp\u00e9rience d'observation des baleines :<\/strong> Observez les baleines \u00e0 bosse qui sautent, claquent de la queue et glissent dans les eaux au cours de leur migration saisonni\u00e8re.<\/li>\n<li><strong>Guides d'experts :<\/strong> Des guides marins comp\u00e9tents vous donneront des informations fascinantes sur le comportement des baleines.<\/li>\n<li><strong>Catamaran confortable :<\/strong> Profitez de vues panoramiques et d'un environnement s\u00fbr et familial.<\/li>\n<\/ul>\n<h3><strong>Pourquoi choisir ce circuit ?<\/strong><\/h3>\n<p>Le pr\u00e9sent <strong>Excursion d'observation des baleines \u00e0 partir de Miches<\/strong> offre une occasion unique de se rapprocher de la nature et de capturer des moments \u00e0 couper le souffle. Parfait pour les familles, les couples et les amateurs de faune et de flore !<\/p>\n<h3><strong>Ce qui est inclus :<\/strong><\/h3>\n<ul>\n<li>Visite guid\u00e9e avec narration professionnelle.<\/li>\n<li>Mat\u00e9riel de s\u00e9curit\u00e9 et gilets de sauvetage.<\/li>\n<li>Si\u00e8ges confortables sur le catamaran.<\/li>\n<\/ul>\n<h3><strong>D\u00e9tails importants :<\/strong><\/h3>\n<ul>\n<li><strong>Dur\u00e9e de la visite :<\/strong> Environ 2 \u00e0 3 heures.<\/li>\n<li><strong>Ce qu'il faut apporter :<\/strong> Cr\u00e8me solaire, lunettes de soleil, chapeau, appareil photo et v\u00eatements confortables.<\/li>\n<li><strong>Meilleur moment pour visiter :<\/strong> La saison d'observation des baleines s'\u00e9tend g\u00e9n\u00e9ralement de janvier \u00e0 mars.<\/li>\n<\/ul>\n<p>R\u00e9servez d\u00e8s maintenant votre place pour cette incroyable <strong>Observation des baleines \u00e0 Miches<\/strong> et cr\u00e9er des souvenirs qui dureront toute une vie. Ne manquez pas cette aventure marine unique en son genre !<\/p>\n\n\t\t<\/div>\n\t<\/div>\n<\/div>\n\t<\/div> \n<\/div><!--End .row--><\/div><!--End .container--><\/div>\n<\/div>","protected":false},"excerpt":{"rendered":"<p>Faites l'exp\u00e9rience d'une demi-journ\u00e9e d'observation des baleines \u00e0 Miches ! D\u00e9part \u00e0 9h30 et observation des majestueuses baleines \u00e0 bosse dans leur habitat naturel \u00e0 bord d'un catamaran confortable. R\u00e9servez d\u00e8s maintenant pour une aventure inoubliable !<\/p>","protected":false},"featured_media":18227,"template":"","meta":[],"product_brand":[],"product_cat":[229,97],"product_tag":[],"class_list":{"0":"post-18050","1":"product","2":"type-product","3":"status-publish","4":"has-post-thumbnail","6":"product_cat-whale-watching","7":"product_cat-dominican-republic","9":"first","10":"instock","11":"sale","12":"shipping-taxable","13":"product-type-external"},"_links":{"self":[{"href":"https:\/\/sabanadelamartours.com\/fr\/wp-json\/wp\/v2\/product\/18050","targetHints":{"allow":["GET"]}}],"collection":[{"href":"https:\/\/sabanadelamartours.com\/fr\/wp-json\/wp\/v2\/product"}],"about":[{"href":"https:\/\/sabanadelamartours.com\/fr\/wp-json\/wp\/v2\/types\/product"}],"version-history":[{"count":1,"href":"https:\/\/sabanadelamartours.com\/fr\/wp-json\/wp\/v2\/product\/18050\/revisions"}],"predecessor-version":[{"id":19119,"href":"https:\/\/sabanadelamartours.com\/fr\/wp-json\/wp\/v2\/product\/18050\/revisions\/19119"}],"wp:featuredmedia":[{"embeddable":true,"href":"https:\/\/sabanadelamartours.com\/fr\/wp-json\/wp\/v2\/media\/18227"}],"wp:attachment":[{"href":"https:\/\/sabanadelamartours.com\/fr\/wp-json\/wp\/v2\/media?parent=18050"}],"wp:term":[{"taxonomy":"product_brand","embeddable":true,"href":"https:\/\/sabanadelamartours.com\/fr\/wp-json\/wp\/v2\/product_brand?post=18050"},{"taxonomy":"product_cat","embeddable":true,"href":"https:\/\/sabanadelamartours.com\/fr\/wp-json\/wp\/v2\/product_cat?post=18050"},{"taxonomy":"product_tag","embeddable":true,"href":"https:\/\/sabanadelamartours.com\/fr\/wp-json\/wp\/v2\/product_tag?post=18050"}],"curies":[{"name":"wp","href":"https:\/\/api.w.org\/{rel}","templated":true}]}}