{"id":18082,"date":"2025-12-18T15:06:10","date_gmt":"2025-12-18T15:06:10","guid":{"rendered":"https:\/\/sabanadelamartours.com\/?post_type=product&#038;p=18082"},"modified":"2026-02-14T02:02:51","modified_gmt":"2026-02-14T02:02:51","slug":"-397","status":"publish","type":"product","link":"https:\/\/sabanadelamartours.com\/fr\/tournee\/-397\/","title":{"rendered":"Saman\u00e1 \u2192 Sabana de la Mar : prix et horaires"},"content":{"rendered":"<h1><strong>Billets de ferry : Saman\u00e1 \u00e0 Sabana de la Mar<\/strong><\/h1>\n<p>Le service de ferry permet de b\u00e9n\u00e9ficier d'un transport public local pratique et abordable. <strong>Saman\u00e1<\/strong> et <strong>Sabana de la Mar<\/strong>. Que vous soyez un navetteur local ou un voyageur \u00e0 la d\u00e9couverte de la R\u00e9publique dominicaine, ce ferry offre un moyen pittoresque et fiable de traverser la baie.<\/p>\n<h3><strong>Horaire des ferries<\/strong><\/h3>\n<h4><strong>De Saman\u00e1 \u00e0 Sabana de la Mar : <a href=\"https:\/\/bookingadventures.tours\/booking.php?slug=Ferry_From_Saman_to_Sabana_de_la_Mar\" target=\"_blank\" rel=\"noopener\">R\u00c9SERVEZ VOS BILLETS ICI<\/a><\/strong><\/h4>\n<ul>\n<li>7:00 AM<\/li>\n<li>9:00 AM<\/li>\n<li>11:00 AM<\/li>\n<li>15:00 HEURES<\/li>\n<li>4:20 PM<\/li>\n<\/ul>\n<h4><strong>De Sabana de la Mar \u00e0 Saman\u00e1 : <\/strong><a href=\"https:\/\/bookingadventures.tours\/booking.php?slug=Ferry_From__Sabana_de_la_Mar_to_Samana\" target=\"_blank\" rel=\"noopener\"><strong>R\u00c9SERVEZ VOS BILLETS ICI<\/strong><\/a><\/h4>\n<ul>\n<li>9:00 AM<\/li>\n<li>11:00 AM<\/li>\n<li>15:00 HEURES<\/li>\n<li>17:00 HEURES<\/li>\n<\/ul>\n<h3><strong>D\u00e9tails cl\u00e9s :<\/strong><\/h3>\n<ul>\n<li><strong>Type de service :<\/strong> Transport public local par ferry.<\/li>\n<li><strong>Dur\u00e9e de l'enqu\u00eate :<\/strong> Environ 45 minutes \u00e0 1 heure, selon les conditions m\u00e9t\u00e9orologiques.<\/li>\n<li><strong>Abordable :<\/strong> Une option \u00e9conomique pour traverser la baie de Saman\u00e1.<\/li>\n<li><strong>Style de bateau :<\/strong> Les ferries sont des bateaux de p\u00eache traditionnels, souvent anciens mais fonctionnels pour le voyage.<\/li>\n<\/ul>\n<h3><strong>Pourquoi choisir le ferry ?<\/strong><\/h3>\n<ul>\n<li>Pendant le trajet, vous profiterez d'une vue imprenable sur la baie de Saman\u00e1.<\/li>\n<li>Des horaires fiables con\u00e7us pour satisfaire les habitants et les touristes.<\/li>\n<li>Une fa\u00e7on unique de voyager comme un local et de d\u00e9couvrir la culture dominicaine authentique.<\/li>\n<\/ul>\n<h3><strong>Ce qu'il faut savoir avant de partir :<\/strong><\/h3>\n<ul>\n<li>Arrivez au quai au moins 20 minutes avant le d\u00e9part pour r\u00e9server votre place.<\/li>\n<li>Le ferry fonctionne par temps de pluie ou de soleil, mais peut subir de l\u00e9gers retards en cas de mauvais temps.<\/li>\n<li>Le ferry dure 15 minutes, plus un certain temps d'attente pour les autres voyageurs.<\/li>\n<li>Recommandation de boire des pilules en cas de mal de mer. 5 minutes avant<\/li>\n<li>Allez aux toilettes dans n'importe quel restaurant en face du port avant de prendre le ferry. Les toilettes publiques du ferry ne sont pas recommand\u00e9es.<\/li>\n<\/ul>\n<p>Planifiez votre voyage et profitez au maximum de cette option de transport local ! Pour plus d'informations, n'h\u00e9sitez pas \u00e0 nous contacter \u00e0 +18097206035 ou \u00e0 nous rendre visite \u00e0 la gare maritime.<\/p>","protected":false},"excerpt":{"rendered":"<p>Service de ferry abordable de Saman\u00e1 \u00e0 Sabana de la Mar : Transport public avec vue sur la baie<\/p>","protected":false},"featured_media":18258,"template":"","meta":[],"product_brand":[],"product_cat":[97],"product_tag":[],"class_list":{"0":"post-18082","1":"product","2":"type-product","3":"status-publish","4":"has-post-thumbnail","6":"product_cat-dominican-republic","8":"first","9":"instock","10":"shipping-taxable","11":"product-type-external"},"_links":{"self":[{"href":"https:\/\/sabanadelamartours.com\/fr\/wp-json\/wp\/v2\/product\/18082","targetHints":{"allow":["GET"]}}],"collection":[{"href":"https:\/\/sabanadelamartours.com\/fr\/wp-json\/wp\/v2\/product"}],"about":[{"href":"https:\/\/sabanadelamartours.com\/fr\/wp-json\/wp\/v2\/types\/product"}],"version-history":[{"count":1,"href":"https:\/\/sabanadelamartours.com\/fr\/wp-json\/wp\/v2\/product\/18082\/revisions"}],"predecessor-version":[{"id":19118,"href":"https:\/\/sabanadelamartours.com\/fr\/wp-json\/wp\/v2\/product\/18082\/revisions\/19118"}],"wp:featuredmedia":[{"embeddable":true,"href":"https:\/\/sabanadelamartours.com\/fr\/wp-json\/wp\/v2\/media\/18258"}],"wp:attachment":[{"href":"https:\/\/sabanadelamartours.com\/fr\/wp-json\/wp\/v2\/media?parent=18082"}],"wp:term":[{"taxonomy":"product_brand","embeddable":true,"href":"https:\/\/sabanadelamartours.com\/fr\/wp-json\/wp\/v2\/product_brand?post=18082"},{"taxonomy":"product_cat","embeddable":true,"href":"https:\/\/sabanadelamartours.com\/fr\/wp-json\/wp\/v2\/product_cat?post=18082"},{"taxonomy":"product_tag","embeddable":true,"href":"https:\/\/sabanadelamartours.com\/fr\/wp-json\/wp\/v2\/product_tag?post=18082"}],"curies":[{"name":"wp","href":"https:\/\/api.w.org\/{rel}","templated":true}]}}