{"id":18154,"date":"2025-12-18T15:09:08","date_gmt":"2025-12-18T15:09:08","guid":{"rendered":"https:\/\/sabanadelamartours.com\/?post_type=product&#038;p=18154"},"modified":"2026-01-09T09:58:57","modified_gmt":"2026-01-09T09:58:57","slug":"-403","status":"publish","type":"product","link":"https:\/\/sabanadelamartours.com\/fr\/tournee\/-403\/","title":{"rendered":"Las Terrenas : Demi-journ\u00e9e priv\u00e9e d'observation des baleines"},"content":{"rendered":"<p>Transport priv\u00e9 depuis Las Terrenas. En bateau, explorez la baie de Samana, qui abrite des milliers de baleines \u00e0 bosse pendant la saison hivernale de reproduction. Ensuite, profitez des vues pittoresques de Cayo Levantado, \u00e9galement connue sous le nom d'\u00eele Bacardi et d'\u00eele Farola.<\/p>\n<p>D\u00e9part du port choisi et direction la baie de Samana, en scrutant les eaux \u00e0 la recherche des majestueuses baleines \u00e0 bosse au plus fort de la saison des amours. Vous appr\u00e9cierez le fait d'\u00eatre sur l'eau et vous vous sentirez \u00e0 l'aise avec des collations et des boissons \u00e0 bord. Prenez des photos de ces grands animaux et apprenez des faits importants gr\u00e2ce \u00e0 votre guide. \u00c9loignez-vous des grands groupes et allez voir les baleines avec votre famille et vos amis.<\/p>\n<div class=\"toggle-content__content toggle-content__content--expanded toggle-content__content--packable\" data-v-59485d64=\"\">\n<div data-test-id=\"activity-full-description-text\" data-v-5835c99c=\"\">Profitez de l'occasion pour vous plonger dans les eaux sereines et savourez le reste de votre journ\u00e9e avant de retourner au quai.<\/div>\n<\/div>\n<div class=\"toggle-content__label-placeholder\" data-v-59485d64=\"\"><\/div>","protected":false},"excerpt":{"rendered":"<div data-track=\"overview\" data-v-83a2b402=\"\">\n<section id=\"activity-overview\" class=\"activity-overview\" data-component=\"overview\" data-v-83a2b402=\"\" data-v-f3236c42=\"\">\n<p class=\"activity-overview__content\" data-test-id=\"activity-overview-content\" data-v-f3236c42=\"\">Profitez de l'exp\u00e9rience inoubliable de l'observation des baleines lors d'une excursion priv\u00e9e r\u00e9serv\u00e9e aux baleines. Visitez les baleines \u00e0 bosse loin des groupes de touristes.<\/p>\n<\/section>\n<\/div>\n<div data-track=\"key-details\" data-v-83a2b402=\"\"><\/div>","protected":false},"featured_media":16640,"template":"","meta":[],"product_brand":[],"product_cat":[97],"product_tag":[101,102],"class_list":{"0":"post-18154","1":"product","2":"type-product","3":"status-publish","4":"has-post-thumbnail","6":"product_cat-dominican-republic","7":"product_tag-excursion","8":"product_tag-tour","10":"first","11":"instock","12":"shipping-taxable","13":"product-type-external"},"_links":{"self":[{"href":"https:\/\/sabanadelamartours.com\/fr\/wp-json\/wp\/v2\/product\/18154","targetHints":{"allow":["GET"]}}],"collection":[{"href":"https:\/\/sabanadelamartours.com\/fr\/wp-json\/wp\/v2\/product"}],"about":[{"href":"https:\/\/sabanadelamartours.com\/fr\/wp-json\/wp\/v2\/types\/product"}],"version-history":[{"count":1,"href":"https:\/\/sabanadelamartours.com\/fr\/wp-json\/wp\/v2\/product\/18154\/revisions"}],"predecessor-version":[{"id":18742,"href":"https:\/\/sabanadelamartours.com\/fr\/wp-json\/wp\/v2\/product\/18154\/revisions\/18742"}],"wp:featuredmedia":[{"embeddable":true,"href":"https:\/\/sabanadelamartours.com\/fr\/wp-json\/wp\/v2\/media\/16640"}],"wp:attachment":[{"href":"https:\/\/sabanadelamartours.com\/fr\/wp-json\/wp\/v2\/media?parent=18154"}],"wp:term":[{"taxonomy":"product_brand","embeddable":true,"href":"https:\/\/sabanadelamartours.com\/fr\/wp-json\/wp\/v2\/product_brand?post=18154"},{"taxonomy":"product_cat","embeddable":true,"href":"https:\/\/sabanadelamartours.com\/fr\/wp-json\/wp\/v2\/product_cat?post=18154"},{"taxonomy":"product_tag","embeddable":true,"href":"https:\/\/sabanadelamartours.com\/fr\/wp-json\/wp\/v2\/product_tag?post=18154"}],"curies":[{"name":"wp","href":"https:\/\/api.w.org\/{rel}","templated":true}]}}