{"id":18180,"date":"2025-12-18T15:10:10","date_gmt":"2025-12-18T15:10:10","guid":{"rendered":"https:\/\/sabanadelamartours.com\/?post_type=product&#038;p=18180"},"modified":"2025-12-18T15:15:29","modified_gmt":"2025-12-18T15:15:29","slug":"-404","status":"publish","type":"product","link":"https:\/\/sabanadelamartours.com\/fr\/tournee\/-404\/","title":{"rendered":"Circuit complet \u00e0 Saman\u00e1 : Jackson Beach - Randonn\u00e9e, descente de rivi\u00e8re et plong\u00e9e en apn\u00e9e depuis La Majagua"},"content":{"rendered":"<div>\n<div>\n<h2>Jackson Beach - Randonn\u00e9e, balade en rivi\u00e8re et plong\u00e9e en apn\u00e9e depuis La Majagua<\/h2>\n<\/div>\n<div>\n<div>\n<p>Embarquez pour une journ\u00e9e d'aventure et de d\u00e9couverte dans le superbe environnement naturel de Jackson Beach, \u00e0 Saman\u00e1 ! Depuis La Majagua, nous nous immergerons dans une exp\u00e9rience qui combine le meilleur de la randonn\u00e9e, de l'exploration aquatique et de la beaut\u00e9 naturelle.<\/p>\n<\/div>\n<div>\n<p>Itin\u00e9raire de la visite<\/p>\n<\/div>\n<ol>\n<li>Point de rencontre \u00e0 La Majagua\n<ul>\n<li>Nous nous retrouverons au point de rencontre d\u00e9sign\u00e9 \u00e0 La Majagua, o\u00f9 notre guide expert vous accueillera. Il vous pr\u00e9sentera bri\u00e8vement l'excursion et vous donnera quelques conseils utiles pour vous aider \u00e0 tirer le meilleur parti de votre exp\u00e9rience.<\/li>\n<\/ul>\n<\/li>\n<li>Randonn\u00e9e dans les mangroves\n<ul>\n<li>Notre aventure commencera par une randonn\u00e9e de 45 minutes le long d'un charmant sentier entour\u00e9 de mangroves luxuriantes et d'un littoral immacul\u00e9. Votre guide vous parlera de la flore et de la faune locales pendant que vous profiterez de la tranquillit\u00e9 du paysage.<\/li>\n<\/ul>\n<\/li>\n<li>Trempette dans la rivi\u00e8re et \u00e0 la plage\n<ul>\n<li>\u00c0 la fin de votre randonn\u00e9e, vous atteindrez un point o\u00f9 la rivi\u00e8re se jette dans la mer. Vous pourrez alors vous rafra\u00eechir dans les eaux cristallines, parfaites pour vous revitaliser et profiter de la nature dans toute sa splendeur.<\/li>\n<\/ul>\n<\/li>\n<li>Plong\u00e9e en apn\u00e9e dans les r\u00e9cifs coralliens\n<ul>\n<li>Apr\u00e8s la baignade, vous vous pr\u00e9parerez pour une s\u00e9ance de plong\u00e9e avec masque et tuba d'une heure. Explorez les r\u00e9cifs coralliens vibrants qui abritent une vari\u00e9t\u00e9 fascinante de vie marine. C'est une occasion unique de d\u00e9couvrir de pr\u00e8s la biodiversit\u00e9 sous-marine de la r\u00e9gion.<\/li>\n<\/ul>\n<\/li>\n<li>Repos et collations\n<ul>\n<li>Apr\u00e8s votre exploration aquatique, vous aurez le temps de vous d\u00e9tendre et de d\u00e9guster de d\u00e9licieux en-cas. De l'eau de coco, des boissons non alcoolis\u00e9es, de l'eau et des fruits frais seront disponibles pour recharger vos batteries et continuer \u00e0 profiter des environs.<\/li>\n<\/ul>\n<\/li>\n<li>Vues panoramiques et photographie\n<ul>\n<li>Tout au long de l'excursion, vous trouverez de nombreux endroits o\u00f9 capturer des vues panoramiques spectaculaires. N'oubliez pas votre appareil photo pour immortaliser le paysage idyllique qui vous entoure.<\/li>\n<\/ul>\n<\/li>\n<li>Retour \u00e0 La Majagua\n<ul>\n<li>Nous conclurons l'excursion par un retour \u00e0 La Majagua, o\u00f9 vous pourrez partager vos exp\u00e9riences avec le groupe et faire vos adieux \u00e0 une journ\u00e9e inoubliable.<\/li>\n<\/ul>\n<\/li>\n<\/ol>\n<div>\n<p>R\u00e9servations<\/p>\n<\/div>\n<div>\n<p>N'attendez plus pour d\u00e9couvrir ce coin magique de Saman\u00e1 ! R\u00e9servez votre exp\u00e9rience d\u00e8s maintenant et pr\u00e9parez-vous \u00e0 une journ\u00e9e pleine d'aventures, de nature et d'amusement.<\/p>\n<\/div>\n<div>\n<p>Cette excursion est id\u00e9ale pour ceux qui recherchent une connexion authentique avec la nature et qui veulent explorer la beaut\u00e9 cach\u00e9e de Jackson Beach. Nous sommes impatients de vous accueillir ! Qu'est-ce qui est inclus dans l'exp\u00e9rience ?<\/p>\n<\/div>\n<div>\n<p>\u00a0Randonn\u00e9e p\u00e9destre : un sentier captivant entour\u00e9 de mangroves et d'un littoral immacul\u00e9, id\u00e9al pour les amoureux de la nature. Baignade en rivi\u00e8re et sur la plage : Faites un plongeon rafra\u00eechissant dans des eaux cristallines.  Plong\u00e9e avec masque et tuba : Explorez les r\u00e9cifs coralliens vibrants et la vie marine fascinante pendant une heure. \ud83c\udf4d Collations incluses : Profitez de l'hydratation et de l'\u00e9nergie avec de l'eau de coco, des boissons gazeuses, de l'eau et des fruits frais.<\/p>\n<\/div>\n<div>\n<p>Des vues spectaculaires et une atmosph\u00e8re paradisiaque vous attendent. R\u00e9servez d\u00e8s maintenant et<\/p>\n<\/div>\n<\/div>\n<\/div>","protected":false},"excerpt":{"rendered":"<p>Jackson Beach \u2013 Hiking, River Ride, and Snorkeling from La Majagua Embark on a day of adventure and discovery in the stunning natural surroundings of Jackson Beach, Saman\u00e1! From La Majagua, we&#8217;ll immerse ourselves in an experience that combines the best of hiking, aquatic exploration, and natural beauty. Tour Itinerary Meeting Point in La Majagua [&hellip;]<\/p>","protected":false},"featured_media":18295,"template":"","meta":[],"product_brand":[],"product_cat":[97,237,238],"product_tag":[239],"class_list":{"0":"post-18180","1":"product","2":"type-product","3":"status-publish","4":"has-post-thumbnail","6":"product_cat-dominican-republic","7":"product_cat-jackson-beach","8":"product_cat-samana","9":"product_tag-jackson-beach","11":"first","12":"instock","13":"sale","14":"shipping-taxable","15":"product-type-external"},"_links":{"self":[{"href":"https:\/\/sabanadelamartours.com\/fr\/wp-json\/wp\/v2\/product\/18180","targetHints":{"allow":["GET"]}}],"collection":[{"href":"https:\/\/sabanadelamartours.com\/fr\/wp-json\/wp\/v2\/product"}],"about":[{"href":"https:\/\/sabanadelamartours.com\/fr\/wp-json\/wp\/v2\/types\/product"}],"version-history":[{"count":0,"href":"https:\/\/sabanadelamartours.com\/fr\/wp-json\/wp\/v2\/product\/18180\/revisions"}],"wp:featuredmedia":[{"embeddable":true,"href":"https:\/\/sabanadelamartours.com\/fr\/wp-json\/wp\/v2\/media\/18295"}],"wp:attachment":[{"href":"https:\/\/sabanadelamartours.com\/fr\/wp-json\/wp\/v2\/media?parent=18180"}],"wp:term":[{"taxonomy":"product_brand","embeddable":true,"href":"https:\/\/sabanadelamartours.com\/fr\/wp-json\/wp\/v2\/product_brand?post=18180"},{"taxonomy":"product_cat","embeddable":true,"href":"https:\/\/sabanadelamartours.com\/fr\/wp-json\/wp\/v2\/product_cat?post=18180"},{"taxonomy":"product_tag","embeddable":true,"href":"https:\/\/sabanadelamartours.com\/fr\/wp-json\/wp\/v2\/product_tag?post=18180"}],"curies":[{"name":"wp","href":"https:\/\/api.w.org\/{rel}","templated":true}]}}