{"id":18202,"date":"2025-12-18T15:11:06","date_gmt":"2025-12-18T15:11:06","guid":{"rendered":"https:\/\/sabanadelamartours.com\/?post_type=product&#038;p=18202"},"modified":"2025-12-18T15:16:58","modified_gmt":"2025-12-18T15:16:58","slug":"-406","status":"publish","type":"product","link":"https:\/\/sabanadelamartours.com\/fr\/tournee\/-406\/","title":{"rendered":"Samana : Visite de la ville \u00e0 pied avec Moto Safari"},"content":{"rendered":"<h2><span style=\"font-weight: 400;\">Samana : Visite de la ville \u00e0 pied avec Moto Safari\u00a0<\/span><\/h2>\n<p><b>Vue d'ensemble<\/b><span style=\"font-weight: 400;\">\u00a0<\/span><\/p>\n<p><span style=\"font-weight: 400;\">Faites l'exp\u00e9rience d'un tour de ville dans la capitale de Saman\u00e1 en safari motoris\u00e9, o\u00f9 vous participerez \u00e0 la vie locale et cr\u00e9erez des souvenirs inoubliables avec ses habitants. Officiellement connue sous le nom de Santa B\u00e1rbara de Saman\u00e1, cette ville, fond\u00e9e en 1756, offre la possibilit\u00e9 d'explorer un march\u00e9 local pittoresque, de visiter deux \u00e9glises distinctes et de faire du shopping.<\/span><\/p>\n<p><span style=\"font-weight: 400;\">Nous nous plongerons dans l'histoire et partagerons des id\u00e9es sur la culture de la R\u00e9publique dominicaine. En nous promenant le long de la pittoresque \u201cAvenida la Marina\u201d, nous d\u00e9couvrirons le \u201cPueblo Pr\u00edncipe\u201d, un charmant centre commercial con\u00e7u pour ressembler \u00e0 un village carib\u00e9en anim\u00e9.<\/span><\/p>\n<p><span style=\"font-weight: 400;\">Une promenade le long de la promenade de bord de mer connue sous le nom de \u201cMalec\u00f3n\u201d permet d'admirer l'embl\u00e9matique pont de fer qui relie les \u00eelots de la baie au promontoire de Saman\u00e1. Construit dans les ann\u00e9es 1970, ce pont pi\u00e9tonnier est devenu un symbole de la ville. Notre excursion se poursuivra dans le centre en explorant les b\u00e2timents gouvernementaux.<\/span><\/p>\n<p><span style=\"font-weight: 400;\">Aujourd'hui, Saman\u00e1 - souvent abr\u00e9g\u00e9e pour d\u00e9signer l'ensemble de la p\u00e9ninsule - est bien desservie par les voies terrestres et a\u00e9riennes, mais elle reste l'\u00e9chapp\u00e9e paradisiaque et isol\u00e9e de la R\u00e9publique d\u00e9mocratique du Congo, avec ses plages sauvages, ses plantations de noix de coco et ses for\u00eats tropicales. Ses montagnes et ses vall\u00e9es ondulantes forment les rivi\u00e8res cristallines qui se jettent dans l'Atlantique et se d\u00e9versent en cascade sur les plages de sable blanc brillant qui s'\u00e9tendent sur des centaines de kilom\u00e8tres tout autour du littoral rocheux de la p\u00e9ninsule.\u00a0<\/span><\/p>\n<p><b>Inclusions<\/b><\/p>\n<p><span style=\"font-weight: 400;\">Tous les imp\u00f4ts, taxes et frais de gestion<\/span><\/p>\n<p><span style=\"font-weight: 400;\">Imp\u00f4ts locaux<\/span><\/p>\n<p><span style=\"font-weight: 400;\">Guides officiels \u00e9cologistes anglais\/espagnol<\/span><\/p>\n<p><span style=\"font-weight: 400;\">D\u00e9jeuner local<\/span><\/p>\n<p><span style=\"font-weight: 400;\">Visite de la ville \u00e0 pied<\/span><\/p>\n<p><span style=\"font-weight: 400;\">Moto Safari\u00a0<\/span><\/p>\n<p><b>Exclusions<\/b><\/p>\n<p><span style=\"font-weight: 400;\">Pourboires<\/span><\/p>\n<p><span style=\"font-weight: 400;\">Boissons<\/span><\/p>\n<p><b>D\u00e9part et retour<\/b><\/p>\n<p><span style=\"font-weight: 400;\">L'excursion, organis\u00e9e par \u201cBooking Adventures\u201d, commence au point de rencontre fix\u00e9 avec le guide touristique. Le voyageur obtiendra un point de rencontre apr\u00e8s le processus de r\u00e9servation. Les circuits commencent et se terminent \u00e0 nos points de rencontre.<\/span><\/p>\n<p><b>\u00c0 quoi s'attendre ?<\/b><\/p>\n<p><span style=\"font-weight: 400;\">Achetez votre billet pour Samana : Walking City Tour With Moto Safari cette exp\u00e9rience vous permettra de voir la plus grande partie de la biodiversit\u00e9 de l'\u00eele.\u00a0<\/span><\/p>\n<h1><b>Calendrier<\/b><b>\u00a0<\/b><\/h1>\n<p><b>Santa Barbara de Samana, visite de la ville \u00e0 pied avec Moto Safari\u00a0<\/b><\/p>\n<p><span style=\"font-weight: 400;\">Pr\u00e9parez-vous \u00e0 vous rendre t\u00f4t le matin \u00e0 notre point de rencontre \u00e0 Santa Barbara de Saman\u00e1, ce qui peut prendre environ une heure en fonction de votre emplacement. \u00c0 votre arriv\u00e9e, notre expert local vous indiquera le programme de la journ\u00e9e, vous servira un caf\u00e9 ou un jus de fruit naturel et vous donnera acc\u00e8s aux toilettes pendant que nous nous pr\u00e9parons \u00e0 notre visite \u00e0 pied de la ville.<\/span><\/p>\n<p><span style=\"font-weight: 400;\">Notre premier arr\u00eat sera l'h\u00f4tel de ville de Santa Barbara, o\u00f9 nous rencontrerons certains membres du personnel avant de continuer vers La Chorcha. Ce temple, une merveille architecturale construite en 1901 et exp\u00e9di\u00e9e d'Angleterre \u00e0 Saman\u00e1, symbolise la libert\u00e9 des Afro-descendants arriv\u00e9s des \u00c9tats-Unis. Ils l'ont construit et ont b\u00e2ti une vie communautaire autour de cette \u00e9glise, illustrant la beaut\u00e9 de l'interculturalit\u00e9.<\/span><\/p>\n<p><span style=\"font-weight: 400;\">Ensuite, nous visiterons le march\u00e9 local, o\u00f9 vous aurez l'occasion de go\u00fbter des fruits locaux et de rencontrer les vendeurs de produits biologiques tels que l'huile de noix de coco et le chocolat, tout en profitant de la vue imprenable sur la baie. Ensuite, nous nous arr\u00eaterons \u00e0 El Pueblito, un quartier anim\u00e9 \u00e0 l'architecture color\u00e9e, con\u00e7u comme une place avec des restaurants, des banques et des bureaux publics. Vous aurez le temps de prendre des photos avant de vous rendre au mus\u00e9e de la baleine et \u00e0 Los Puentes de Saman\u00e1.<\/span><\/p>\n<p><span style=\"font-weight: 400;\">Le petit mus\u00e9e consacr\u00e9 aux baleines \u00e0 bosse joue un r\u00f4le crucial dans l'\u00e9ducation locale et attire de nombreux visiteurs pendant la saison des baleines. Nous apprendrons des faits int\u00e9ressants sur ces magnifiques cr\u00e9atures avant de nous rendre \u00e0 Los Puentes.<\/span><\/p>\n<p><span style=\"font-weight: 400;\">Situ\u00e9s dans la baie et accessibles par le Malec\u00f3n qui borde Santa B\u00e1rbara de Saman\u00e1, les ponts de Saman\u00e1 relient les \u00eeles de Linares et de Vig\u00eda.<\/span><\/p>\n<p><span style=\"font-weight: 400;\">Une fois de retour en ville, un d\u00e9jeuner frais vous attendra, g\u00e9n\u00e9ralement compos\u00e9 de poisson, de poulet, de riz blanc, de salade verte et de p\u00e2tes, avec la possibilit\u00e9 de boire de l'eau ou des sodas.<\/span><\/p>\n<p><span style=\"font-weight: 400;\">Pour conclure la journ\u00e9e, nous vous emm\u00e8nerons dans une boulangerie locale pour go\u00fbter au pain traditionnel de la province de Saman\u00e1.<\/span><\/p>\n<p><span style=\"font-weight: 400;\">Heure de fin : 15h00<\/span><\/p>\n<p><span style=\"font-weight: 400;\">Les jours de l'itin\u00e9raire et les activit\u00e9s peuvent \u00eatre modifi\u00e9s sans pr\u00e9avis en raison de circonstances ou d'\u00e9v\u00e9nements impr\u00e9vus. Voir les conditions g\u00e9n\u00e9rales pour plus d'informations.<\/span><\/p>\n<p>&nbsp;<\/p>","protected":false},"excerpt":{"rendered":"<p>Samana: Walking City Tour With Moto Safari\u00a0 Overview\u00a0 Experience the City Tour in the capital of Samana by motor safari, where you will engage with local life and create lasting memories with its residents. Officially known as Santa B\u00e1rbara de Saman\u00e1, this city, established in 1756, offers an opportunity to explore a quaint local market, [&hellip;]<\/p>","protected":false},"featured_media":18313,"template":"","meta":[],"product_brand":[],"product_cat":[238,243,244],"product_tag":[127,245,246],"class_list":{"0":"post-18202","1":"product","2":"type-product","3":"status-publish","4":"has-post-thumbnail","6":"product_cat-samana","7":"product_cat-city-tour","8":"product_cat-walking-tour","9":"product_tag-samana","10":"product_tag-samana-city-tour","11":"product_tag-samana-walking-tour","13":"first","14":"instock","15":"sale","16":"shipping-taxable","17":"product-type-external"},"_links":{"self":[{"href":"https:\/\/sabanadelamartours.com\/fr\/wp-json\/wp\/v2\/product\/18202","targetHints":{"allow":["GET"]}}],"collection":[{"href":"https:\/\/sabanadelamartours.com\/fr\/wp-json\/wp\/v2\/product"}],"about":[{"href":"https:\/\/sabanadelamartours.com\/fr\/wp-json\/wp\/v2\/types\/product"}],"version-history":[{"count":0,"href":"https:\/\/sabanadelamartours.com\/fr\/wp-json\/wp\/v2\/product\/18202\/revisions"}],"wp:featuredmedia":[{"embeddable":true,"href":"https:\/\/sabanadelamartours.com\/fr\/wp-json\/wp\/v2\/media\/18313"}],"wp:attachment":[{"href":"https:\/\/sabanadelamartours.com\/fr\/wp-json\/wp\/v2\/media?parent=18202"}],"wp:term":[{"taxonomy":"product_brand","embeddable":true,"href":"https:\/\/sabanadelamartours.com\/fr\/wp-json\/wp\/v2\/product_brand?post=18202"},{"taxonomy":"product_cat","embeddable":true,"href":"https:\/\/sabanadelamartours.com\/fr\/wp-json\/wp\/v2\/product_cat?post=18202"},{"taxonomy":"product_tag","embeddable":true,"href":"https:\/\/sabanadelamartours.com\/fr\/wp-json\/wp\/v2\/product_tag?post=18202"}],"curies":[{"name":"wp","href":"https:\/\/api.w.org\/{rel}","templated":true}]}}