{"id":10177,"date":"2025-12-18T09:26:35","date_gmt":"2025-12-18T09:26:35","guid":{"rendered":"https:\/\/sabanadelamartours.com\/?post_type=product&#038;p=10177"},"modified":"2026-01-05T03:37:20","modified_gmt":"2026-01-05T03:37:20","slug":"-2","status":"publish","type":"product","link":"https:\/\/sabanadelamartours.com\/it\/tour\/-2\/","title":{"rendered":"Puerto Plata: Tour della citt\u00e0 con le fabbriche di rum e cioccolato"},"content":{"rendered":"<p><strong>Puerto Plata: Tour della citt\u00e0 con le fabbriche di rum e cioccolato<\/strong><\/p>\n<p>Esplorate la vibrante citt\u00e0 di Puerto Plata con questo tour completo, perfetto per chi visita la citt\u00e0 per la prima volta. Viaggiate comodamente in un veicolo con aria condizionata mentre vi spostate tra i luoghi pi\u00f9 iconici della citt\u00e0. Iniziate la vostra avventura alla Macorix House of Rum, dove conoscerete la ricca storia della produzione di rum dell'isola e degusterete otto diverse variet\u00e0. Passeggiate poi per l'Independence Park, un bellissimo e storico luogo di incontro nel cuore della citt\u00e0.<\/p>\n<p>Proseguite verso la storica Fortaleza San Felipe, una fortezza spagnola che un tempo proteggeva la citt\u00e0 dai pirati. Fate una breve sosta nella colorata Umbrella Street, perfetta per scattare foto divertenti e fare una pausa caff\u00e8. Passeggiate lungo il Paseo de Do\u00f1a Blanca, un'affascinante strada rosa con tocchi vittoriani, prima di visitare il Fifi Jewelry and Cigar Store, che ospita una delle pi\u00f9 grandi esposizioni di ambra della Repubblica Dominicana.<\/p>\n<p>Lasciatevi viziare dalla fabbrica di cioccolato Del Oro, dove imparerete a conoscere il processo di produzione del cioccolato e assaggerete diversi cioccolatini biologici. Infine, visitate la splendida Catedral San Felipe, una bellissima cattedrale dove potrete scattare foto memorabili. Il tour si conclude con la riconsegna al vostro hotel o in un luogo centrale, perfetto per esplorare ulteriormente Puerto Plata.<\/p>","protected":false},"excerpt":{"rendered":"<div data-track=\"overview\" data-v-56a1a938=\"\">\n<section id=\"activity-overview\" class=\"activity-overview\" data-component=\"overview\" data-v-56a1a938=\"\" data-v-f3236c42=\"\">\n<p class=\"activity-overview__content\" data-test-id=\"activity-overview-content\" data-v-f3236c42=\"\">Scoprite la storia e la cultura di Puerto Plata. Visitate una fabbrica di rum, una fabbrica di cioccolato e godetevi la vista sull'oceano dalla Fortezza di San Felipe.<\/p>\n<\/section>\n<\/div>\n<div data-track=\"key-details\" data-v-56a1a938=\"\"><\/div>","protected":false},"featured_media":10324,"template":"","meta":[],"product_brand":[],"product_cat":[97],"product_tag":[101,102],"class_list":{"0":"post-10177","1":"product","2":"type-product","3":"status-publish","4":"has-post-thumbnail","6":"product_cat-dominican-republic","7":"product_tag-excursion","8":"product_tag-tour","10":"first","11":"instock","12":"shipping-taxable","13":"product-type-external"},"_links":{"self":[{"href":"https:\/\/sabanadelamartours.com\/it\/wp-json\/wp\/v2\/product\/10177","targetHints":{"allow":["GET"]}}],"collection":[{"href":"https:\/\/sabanadelamartours.com\/it\/wp-json\/wp\/v2\/product"}],"about":[{"href":"https:\/\/sabanadelamartours.com\/it\/wp-json\/wp\/v2\/types\/product"}],"version-history":[{"count":1,"href":"https:\/\/sabanadelamartours.com\/it\/wp-json\/wp\/v2\/product\/10177\/revisions"}],"predecessor-version":[{"id":18403,"href":"https:\/\/sabanadelamartours.com\/it\/wp-json\/wp\/v2\/product\/10177\/revisions\/18403"}],"wp:featuredmedia":[{"embeddable":true,"href":"https:\/\/sabanadelamartours.com\/it\/wp-json\/wp\/v2\/media\/10324"}],"wp:attachment":[{"href":"https:\/\/sabanadelamartours.com\/it\/wp-json\/wp\/v2\/media?parent=10177"}],"wp:term":[{"taxonomy":"product_brand","embeddable":true,"href":"https:\/\/sabanadelamartours.com\/it\/wp-json\/wp\/v2\/product_brand?post=10177"},{"taxonomy":"product_cat","embeddable":true,"href":"https:\/\/sabanadelamartours.com\/it\/wp-json\/wp\/v2\/product_cat?post=10177"},{"taxonomy":"product_tag","embeddable":true,"href":"https:\/\/sabanadelamartours.com\/it\/wp-json\/wp\/v2\/product_tag?post=10177"}],"curies":[{"name":"wp","href":"https:\/\/api.w.org\/{rel}","templated":true}]}}