{"id":10180,"date":"2025-12-18T09:26:35","date_gmt":"2025-12-18T09:26:35","guid":{"rendered":"https:\/\/sabanadelamartours.com\/?post_type=product&#038;p=10180"},"modified":"2026-02-09T04:15:01","modified_gmt":"2026-02-09T04:15:01","slug":"nuoto-e-incontro-con-i-delfini-a-punta-cana","status":"publish","type":"product","link":"https:\/\/sabanadelamartours.com\/it\/tour\/nuoto-e-incontro-con-i-delfini-a-punta-cana\/","title":{"rendered":"Punta Cana: Nuoto e incontro con i delfini"},"content":{"rendered":"<p><strong>Punta Cana: Nuoto e incontro con i delfini<\/strong><\/p>\n<p>Godetevi l'esperienza unica di nuotare con i delfini a Punta Cana. In questa esperienza coinvolgente, giocherete con i delfini che vi abbracceranno e coccoleranno e mostreranno le loro acrobazie aeree.<\/p>\n<p>Scegliete uno dei 3 programmi di nuoto con i delfini. Ogni programma comprende varie attivit\u00e0 con i delfini, tra cui strette di mano e abbracci.<\/p>\n<p>Nei fine settimana avrete accesso anche all'Isla del Pirata. L\u00ec potrete giocare sull'incredibile Isola dei Pirati, completa di tunnel e scivoli d'acqua, piscine per adulti e bambini e una jacuzzi. Avrete anche accesso a sedie a sdraio, docce, bagni e spogliatoi.<\/p>\n<p><strong>Incontro con i delfini - Principiante<\/strong><\/p>\n<p>Questa opzione \u00e8 adatta a tutte le et\u00e0. La nuotata \u00e8 facoltativa, perch\u00e9 si pu\u00f2 stare in piedi su una piattaforma e osservare i delfini che si avvicinano a noi. Potrete ricevere una stretta di mano e un abbraccio dai delfini e osservare le loro incredibili acrobazie aeree. Potete anche scegliere di accarezzare e nuotare con i delfini.<\/p>\n<p><strong>Avventura di nuoto con i delfini - Intermedio<\/strong><\/p>\n<p>Questa opzione include il Belly Ride, in cui ci si aggrappa alle pinne del delfino mentre questo cavalca all'indietro sull'acqua. Include anche il Boogie Push, in cui il delfino vi spinger\u00e0 sulla superficie dell'acqua mentre cavalcate una tavola da boogie. Potrete anche ricevere una stretta di mano e un abbraccio amichevole da parte del delfino.<\/p>\n<p><strong>Nuoto Reale - Avanzato<\/strong><\/p>\n<p>Questa attivit\u00e0, che \u00e8 l'esperienza pi\u00f9 dinamica offerta dal centro, include caratteristiche speciali come la spinta con i piedi, in cui vi librerete in volo mentre due delfini vi sollevano dall'acqua. Provate il traino dorsale, con due delfini che vi tirano attraverso l'acqua mentre tenete le loro pinne.<\/p>","protected":false},"excerpt":{"rendered":"<div data-track=\"overview\" data-v-56a1a938=\"\">\n<section id=\"activity-overview\" class=\"activity-overview\" data-component=\"overview\" data-v-56a1a938=\"\" data-v-f3236c42=\"\">\n<p class=\"activity-overview__content\" data-test-id=\"activity-overview-content\" data-v-f3236c42=\"\">Fate un tuffo con i delfini con uno dei 3 programmi. Nuotate e giocate con gli animali, osservate le loro acrobazie aeree e ricevete un abbraccio e una stretta di mano dai delfini. Si possono anche fare diversi giochi con i delfini.<\/p>\n<\/section>\n<\/div>\n<div data-track=\"key-details\" data-v-56a1a938=\"\"><\/div>","protected":false},"featured_media":10377,"template":"","meta":[],"product_brand":[],"product_cat":[97],"product_tag":[101,102],"class_list":{"0":"post-10180","1":"product","2":"type-product","3":"status-publish","4":"has-post-thumbnail","6":"product_cat-dominican-republic","7":"product_tag-excursion","8":"product_tag-tour","10":"first","11":"instock","12":"sale","13":"shipping-taxable","14":"product-type-external"},"_links":{"self":[{"href":"https:\/\/sabanadelamartours.com\/it\/wp-json\/wp\/v2\/product\/10180","targetHints":{"allow":["GET"]}}],"collection":[{"href":"https:\/\/sabanadelamartours.com\/it\/wp-json\/wp\/v2\/product"}],"about":[{"href":"https:\/\/sabanadelamartours.com\/it\/wp-json\/wp\/v2\/types\/product"}],"version-history":[{"count":2,"href":"https:\/\/sabanadelamartours.com\/it\/wp-json\/wp\/v2\/product\/10180\/revisions"}],"predecessor-version":[{"id":18820,"href":"https:\/\/sabanadelamartours.com\/it\/wp-json\/wp\/v2\/product\/10180\/revisions\/18820"}],"wp:featuredmedia":[{"embeddable":true,"href":"https:\/\/sabanadelamartours.com\/it\/wp-json\/wp\/v2\/media\/10377"}],"wp:attachment":[{"href":"https:\/\/sabanadelamartours.com\/it\/wp-json\/wp\/v2\/media?parent=10180"}],"wp:term":[{"taxonomy":"product_brand","embeddable":true,"href":"https:\/\/sabanadelamartours.com\/it\/wp-json\/wp\/v2\/product_brand?post=10180"},{"taxonomy":"product_cat","embeddable":true,"href":"https:\/\/sabanadelamartours.com\/it\/wp-json\/wp\/v2\/product_cat?post=10180"},{"taxonomy":"product_tag","embeddable":true,"href":"https:\/\/sabanadelamartours.com\/it\/wp-json\/wp\/v2\/product_tag?post=10180"}],"curies":[{"name":"wp","href":"https:\/\/api.w.org\/{rel}","templated":true}]}}