{"id":10183,"date":"2025-12-18T09:26:35","date_gmt":"2025-12-18T09:26:35","guid":{"rendered":"https:\/\/sabanadelamartours.com\/?post_type=product&#038;p=10183"},"modified":"2026-02-09T04:18:02","modified_gmt":"2026-02-09T04:18:02","slug":"punta-cana-oliver-oliver-degustazione-di-rum-in-abbinamento","status":"publish","type":"product","link":"https:\/\/sabanadelamartours.com\/it\/tour\/punta-cana-oliver-oliver-degustazione-di-rum-in-abbinamento\/","title":{"rendered":"Punta Cana: Degustazione e abbinamento di rum Oliver &amp; Oliver"},"content":{"rendered":"<p><strong>Punta Cana: Degustazione e abbinamento di rum Oliver &amp; Oliver<\/strong><\/p>\n<p>Benvenuti a Taino Gourmet, dove sarete guidati in un viaggio di sapori e gusti dal vostro esperto padrone di casa. Il nostro obiettivo \u00e8 condividere la ricca cultura e la storia della Repubblica Dominicana con i nostri ospiti, e quale modo migliore per farlo se non attraverso il prodotto pi\u00f9 famoso e amato dell'isola: il rum?<\/p>\n<p>Vi accompagneremo in un tour del mondo del rum, introducendovi alla storia e al processo di produzione della Oliver &amp; Oliver Rum House. Imparerete a identificare le sottili differenze che contraddistinguono ogni rum e avrete l'opportunit\u00e0 di assaggiare e confrontare una selezione di questi liquori unici.<\/p>\n<p>Ma il divertimento non finisce qui: ad ogni rum verr\u00e0 abbinata una selezione di cioccolato e formaggio complementari, scelti per esaltare al meglio ogni variet\u00e0. Che siate intenditori di rum o semplicemente desiderosi di saperne di pi\u00f9 su questo spirito cos\u00ec vario e affascinante, non potete perdervi questa esclusiva esperienza di degustazione. Unitevi a noi e scoprite il mondo del rum come mai prima d'ora!<\/p>","protected":false},"excerpt":{"rendered":"<div data-track=\"overview\" data-v-56a1a938=\"\">\n<section id=\"activity-overview\" class=\"activity-overview\" data-component=\"overview\" data-v-56a1a938=\"\" data-v-f3236c42=\"\">\n<p class=\"activity-overview__content\" data-test-id=\"activity-overview-content\" data-v-f3236c42=\"\">Partecipate a un tour guidato di degustazione e abbinamento del rum Oliver &amp; Oliver a Punta Cana. Assaggiate una selezione di rum premium invecchiati 25 anni, come Cubaney Centenario, Unhiq XO, Opthimus e Punta Cana XOX.<\/p>\n<\/section>\n<\/div>\n<div data-track=\"key-details\" data-v-56a1a938=\"\"><\/div>","protected":false},"featured_media":10419,"template":"","meta":[],"product_brand":[],"product_cat":[97],"product_tag":[101,102],"class_list":{"0":"post-10183","1":"product","2":"type-product","3":"status-publish","4":"has-post-thumbnail","6":"product_cat-dominican-republic","7":"product_tag-excursion","8":"product_tag-tour","10":"first","11":"instock","12":"sale","13":"shipping-taxable","14":"product-type-external"},"_links":{"self":[{"href":"https:\/\/sabanadelamartours.com\/it\/wp-json\/wp\/v2\/product\/10183","targetHints":{"allow":["GET"]}}],"collection":[{"href":"https:\/\/sabanadelamartours.com\/it\/wp-json\/wp\/v2\/product"}],"about":[{"href":"https:\/\/sabanadelamartours.com\/it\/wp-json\/wp\/v2\/types\/product"}],"version-history":[{"count":1,"href":"https:\/\/sabanadelamartours.com\/it\/wp-json\/wp\/v2\/product\/10183\/revisions"}],"predecessor-version":[{"id":18824,"href":"https:\/\/sabanadelamartours.com\/it\/wp-json\/wp\/v2\/product\/10183\/revisions\/18824"}],"wp:featuredmedia":[{"embeddable":true,"href":"https:\/\/sabanadelamartours.com\/it\/wp-json\/wp\/v2\/media\/10419"}],"wp:attachment":[{"href":"https:\/\/sabanadelamartours.com\/it\/wp-json\/wp\/v2\/media?parent=10183"}],"wp:term":[{"taxonomy":"product_brand","embeddable":true,"href":"https:\/\/sabanadelamartours.com\/it\/wp-json\/wp\/v2\/product_brand?post=10183"},{"taxonomy":"product_cat","embeddable":true,"href":"https:\/\/sabanadelamartours.com\/it\/wp-json\/wp\/v2\/product_cat?post=10183"},{"taxonomy":"product_tag","embeddable":true,"href":"https:\/\/sabanadelamartours.com\/it\/wp-json\/wp\/v2\/product_tag?post=10183"}],"curies":[{"name":"wp","href":"https:\/\/api.w.org\/{rel}","templated":true}]}}