{"id":10189,"date":"2025-12-18T09:26:35","date_gmt":"2025-12-18T09:26:35","guid":{"rendered":"https:\/\/sabanadelamartours.com\/?post_type=product&#038;p=10189"},"modified":"2026-01-05T03:58:05","modified_gmt":"2026-01-05T03:58:05","slug":"isola-di-saona-spiaggia-piscina-naturale-tour-di-piccolo-gruppo-con-pranzo","status":"publish","type":"product","link":"https:\/\/sabanadelamartours.com\/it\/tour\/isola-di-saona-spiaggia-piscina-naturale-tour-di-piccolo-gruppo-con-pranzo\/","title":{"rendered":"Isola di Saona: Spiaggia e piscina naturale Tour per piccoli gruppi con pranzo"},"content":{"rendered":"<p><strong>Isola di Saona: Spiaggia e piscina naturale Tour per piccoli gruppi con pranzo<\/strong><\/p>\n<p>Preparatevi a partire per un viaggio straordinario, che inizier\u00e0 con un pick-up panoramico e un piacevole viaggio in auto fino a Bayahibe, la porta d'ingresso della vostra avventura. All'arrivo a Bayahibe, salperete a bordo di un elegante motoscafo che vi condurr\u00e0 all'impressionante Parco Nazionale Cotubanama. Durante il tragitto, avrete la possibilit\u00e0 di partecipare a diverse soste affascinanti e coinvolgenti, che aggiungeranno profondit\u00e0 ed emozione alla vostra esperienza.<\/p>\n<p>L'isola fa parte del Parco Nazionale Cotubanama ed \u00e8 raggiungibile in barca da Bayahibe. \u00c8 una scelta popolare per le gite di un giorno, in quanto offre la possibilit\u00e0 di rilassarsi sulla spiaggia, nuotare nelle acque cristalline e godere della bellezza naturale della zona. Se siete alla ricerca di un'escursione memorabile con viste panoramiche ed esperienze uniche, vale la pena prendere in considerazione l'isola di Saona.<\/p>","protected":false},"excerpt":{"rendered":"<div data-track=\"overview\" data-v-83a2b402=\"\">\n<section id=\"activity-overview\" class=\"activity-overview\" data-component=\"overview\" data-v-83a2b402=\"\" data-v-f3236c42=\"\">\n<p class=\"activity-overview__content\" data-test-id=\"activity-overview-content\" data-v-f3236c42=\"\">Esplorate la bellezza dell'isola di Saona imbarcandovi in una crociera avventurosa. Godetevi una pausa per lo snorkeling, pranzate su un'idilliaca spiaggia di sabbia bianca e fate un tuffo rinfrescante in una piscina naturale incontaminata.<\/p>\n<\/section>\n<\/div>\n<div data-track=\"key-details\" data-v-83a2b402=\"\"><\/div>","protected":false},"featured_media":10489,"template":"","meta":[],"product_brand":[],"product_cat":[97],"product_tag":[101,102],"class_list":{"0":"post-10189","1":"product","2":"type-product","3":"status-publish","4":"has-post-thumbnail","6":"product_cat-dominican-republic","7":"product_tag-excursion","8":"product_tag-tour","10":"first","11":"instock","12":"sale","13":"shipping-taxable","14":"product-type-external"},"_links":{"self":[{"href":"https:\/\/sabanadelamartours.com\/it\/wp-json\/wp\/v2\/product\/10189","targetHints":{"allow":["GET"]}}],"collection":[{"href":"https:\/\/sabanadelamartours.com\/it\/wp-json\/wp\/v2\/product"}],"about":[{"href":"https:\/\/sabanadelamartours.com\/it\/wp-json\/wp\/v2\/types\/product"}],"version-history":[{"count":1,"href":"https:\/\/sabanadelamartours.com\/it\/wp-json\/wp\/v2\/product\/10189\/revisions"}],"predecessor-version":[{"id":18416,"href":"https:\/\/sabanadelamartours.com\/it\/wp-json\/wp\/v2\/product\/10189\/revisions\/18416"}],"wp:featuredmedia":[{"embeddable":true,"href":"https:\/\/sabanadelamartours.com\/it\/wp-json\/wp\/v2\/media\/10489"}],"wp:attachment":[{"href":"https:\/\/sabanadelamartours.com\/it\/wp-json\/wp\/v2\/media?parent=10189"}],"wp:term":[{"taxonomy":"product_brand","embeddable":true,"href":"https:\/\/sabanadelamartours.com\/it\/wp-json\/wp\/v2\/product_brand?post=10189"},{"taxonomy":"product_cat","embeddable":true,"href":"https:\/\/sabanadelamartours.com\/it\/wp-json\/wp\/v2\/product_cat?post=10189"},{"taxonomy":"product_tag","embeddable":true,"href":"https:\/\/sabanadelamartours.com\/it\/wp-json\/wp\/v2\/product_tag?post=10189"}],"curies":[{"name":"wp","href":"https:\/\/api.w.org\/{rel}","templated":true}]}}