{"id":10192,"date":"2025-12-18T09:26:35","date_gmt":"2025-12-18T09:26:35","guid":{"rendered":"https:\/\/sabanadelamartours.com\/?post_type=product&#038;p=10192"},"modified":"2026-01-05T04:29:53","modified_gmt":"2026-01-05T04:29:53","slug":"tour-della-citta-di-puerto-plata-con-pranzo-sul-monte-isabel","status":"publish","type":"product","link":"https:\/\/sabanadelamartours.com\/it\/tour\/tour-della-citta-di-puerto-plata-con-pranzo-sul-monte-isabel\/","title":{"rendered":"Puerto Plata: Tour della citt\u00e0 con il Monte Isabel e pranzo"},"content":{"rendered":"<p>Puerto Plata: Tour della citt\u00e0 con il Monte Isabel e pranzo<\/p>\n<p>Esplorate Puerto Plata in questa versione completa del tour della citt\u00e0! Trascorrerete con noi circa 6-7 ore, alla scoperta della vera Repubblica Dominicana. Le nostre guide parlano inglese, tedesco, francese, polacco e spagnolo.<\/p>\n<p>Provate l'esperienza di salire in cima al famoso Monte Isabel e godetevi la vista a volo d'uccello sulla costa e sulla citt\u00e0 di Puerto Plata. Fate una piacevole passeggiata nell'esotico Parco Nazionale del Picco di Isabela. Godetevi la natura vibrante in un giardino botanico.<\/p>\n<p>Scoprite poi la citt\u00e0 coloniale: Il Parco dell'Indipendenza con la Cattedrale di San Filippo e le antiche case di legno colorate che la circondano, la famosa Via degli Ombrelli e la Via Rosa Dona Blanca. Assaggiate il cocco fresco da un venditore ambulante! Lasciatevi un po' di tempo libero per una tazza di caff\u00e8 dominicano o una birra fresca. Se lo desiderate, qui potete trovare qualche souvenir. Esplorate la Fortezza di San Filippo lungo la baia del porto e date un'occhiata alle barche da pesca sul viale del Malecon.<\/p>\n<p>Nel pomeriggio si consuma un pranzo tipico dominicano: pesce o carne con riso e fagioli. Si chiama \u201cbandera dominicana\u201d. Se siete vegetariani o vegani, organizzeremo qualcosa di diverso per voi. Le bevande analcoliche durante il pasto sono incluse.<\/p>\n<p>Dopo il pasto visiterete la fabbrica Macorix House of Rum dove potrete assaggiare molti tipi di rum e liquori di canna da zucchero. Vi far\u00e0 sentire le vibrazioni dei Caraibi \ud83d\ude42<\/p>\n<p>La Repubblica Dominicana \u00e8 nota per essere il maggior produttore mondiale di cacao biologico. Visiterete la fabbrica di cioccolato biologico di Puerto Plata dove potrete assaggiarlo.<\/p>\n<p>Infine, possiamo fare un salto al supermercato per fare un po' di shopping dominicano: rum, caff\u00e8, cacao, ecc. a prezzi accessibili.<\/p>\n<p>Alla fine del tour sarete sorpresi di quante cose si possono fare con il tour della citt\u00e0 di Puerto Plata \ud83d\ude42 Sar\u00e0 una giornata che vi lascer\u00e0 grandi ricordi della Repubblica Dominicana! Non c'\u00e8 tempo da perdere, prendete tutto.<\/p>","protected":false},"excerpt":{"rendered":"<div data-track=\"overview\" data-v-83a2b402=\"\">\n<section id=\"activity-overview\" class=\"activity-overview\" data-component=\"overview\" data-v-83a2b402=\"\" data-v-f3236c42=\"\">\n<p class=\"activity-overview__content\" data-test-id=\"activity-overview-content\" data-v-f3236c42=\"\">Esplorate Puerto Plata con questo tour della citt\u00e0, godetevi una cavalcata fino alla cima del Monte Isabel, osservate una vista dall'alto della costa e attraversate l'esotico Parco Nazionale, prima di gustare un pranzo tipico.<\/p>\n<\/section>\n<\/div>\n<div data-track=\"key-details\" data-v-83a2b402=\"\"><\/div>","protected":false},"featured_media":10568,"template":"","meta":[],"product_brand":[],"product_cat":[97],"product_tag":[101,102],"class_list":{"0":"post-10192","1":"product","2":"type-product","3":"status-publish","4":"has-post-thumbnail","6":"product_cat-dominican-republic","7":"product_tag-excursion","8":"product_tag-tour","10":"first","11":"instock","12":"sale","13":"shipping-taxable","14":"product-type-external"},"_links":{"self":[{"href":"https:\/\/sabanadelamartours.com\/it\/wp-json\/wp\/v2\/product\/10192","targetHints":{"allow":["GET"]}}],"collection":[{"href":"https:\/\/sabanadelamartours.com\/it\/wp-json\/wp\/v2\/product"}],"about":[{"href":"https:\/\/sabanadelamartours.com\/it\/wp-json\/wp\/v2\/types\/product"}],"version-history":[{"count":1,"href":"https:\/\/sabanadelamartours.com\/it\/wp-json\/wp\/v2\/product\/10192\/revisions"}],"predecessor-version":[{"id":18418,"href":"https:\/\/sabanadelamartours.com\/it\/wp-json\/wp\/v2\/product\/10192\/revisions\/18418"}],"wp:featuredmedia":[{"embeddable":true,"href":"https:\/\/sabanadelamartours.com\/it\/wp-json\/wp\/v2\/media\/10568"}],"wp:attachment":[{"href":"https:\/\/sabanadelamartours.com\/it\/wp-json\/wp\/v2\/media?parent=10192"}],"wp:term":[{"taxonomy":"product_brand","embeddable":true,"href":"https:\/\/sabanadelamartours.com\/it\/wp-json\/wp\/v2\/product_brand?post=10192"},{"taxonomy":"product_cat","embeddable":true,"href":"https:\/\/sabanadelamartours.com\/it\/wp-json\/wp\/v2\/product_cat?post=10192"},{"taxonomy":"product_tag","embeddable":true,"href":"https:\/\/sabanadelamartours.com\/it\/wp-json\/wp\/v2\/product_tag?post=10192"}],"curies":[{"name":"wp","href":"https:\/\/api.w.org\/{rel}","templated":true}]}}