{"id":10193,"date":"2025-12-18T09:26:35","date_gmt":"2025-12-18T09:26:35","guid":{"rendered":"https:\/\/sabanadelamartours.com\/?post_type=product&#038;p=10193"},"modified":"2026-01-05T04:30:45","modified_gmt":"2026-01-05T04:30:45","slug":"punta-cana-zipline-seggiovia-buggy-cavallo-avventura","status":"publish","type":"product","link":"https:\/\/sabanadelamartours.com\/it\/tour\/punta-cana-zipline-seggiovia-buggy-cavallo-avventura\/","title":{"rendered":"Punta Cana: Avventura in zipline, seggiovia, buggy e a cavallo"},"content":{"rendered":"<h1 class=\"activity__title js-title\" data-track=\"activity-title\" data-test-id=\"activity-title\" data-v-c050e4d7=\"\"><span style=\"font-size: 12pt\">Punta Cana: Avventura in zipline, seggiovia, buggy e a cavallo<\/span><\/h1>\n<p>Visitate il parco La Hacienda e godetevi il pick-up presso il vostro hotel. Sorvolate la giungla su veloci zipline, godetevi un safari a Punta Cana e provate il brivido di un salto veloce.<\/p>\n<p>Scivolate nella giungla con le zipline lunghe 2 km che raggiungono una velocit\u00e0 di 70 km\/h e un'altezza di 160 m, godetevi la giungla selvaggia ad alta velocit\u00e0 dalle zipline, con un salto in caduta libera di 20 metri.<\/p>\n<p>Guidate i buggy sulle strade estreme di un circuito privato, che garantisce la massima sicurezza con un'esperienza estrema, in modo che i bambini, cos\u00ec come gli adulti, possano goderne appieno.<\/p>\n<p>Fate il bagno nel fiume dall'acqua cristallina e cavalcate in mezzo alla giungla con cavalli calmi e agili per ammirare la fauna selvatica.<\/p>\n<p>Salite sull'unica seggiovia della Repubblica Dominicana che vi far\u00e0 godere delle migliori viste del parco e, infine, scoprite la cultura del Paese con un safari. Imparate a conoscere la cultura dominicana e locale. Assaggiate la mamajuana, il caff\u00e8 appena fatto e un ricco buffet tradizionale.<\/p>\n<p>Per i pi\u00f9 piccoli il Parco La Hacienda \u00e8 adatto alle famiglie. I bambini possono divertirsi al miniclub, dove saranno sorvegliati da un'\u00e9quipe eccezionale e dove potranno fare tante attivit\u00e0 divertenti mentre aspettano che i pi\u00f9 grandi finiscano le loro attivit\u00e0.<\/p>\n<p>Scegliete l'opzione VIP privata per usufruire di un trasferimento privato dall'hotel, dell'accesso a La Hacienda, dei servizi di una guida e di un fotografo, di bevande e snack, di un pranzo a buffet e di fotografie digitali del vostro soggiorno a La Hacienda. L'opzione Standard include un trasferimento di gruppo, un pranzo a buffet e l'accesso a La Hacienda.<\/p>","protected":false},"excerpt":{"rendered":"<div data-track=\"overview\" data-v-83a2b402=\"\">\n<section id=\"activity-overview\" class=\"activity-overview\" data-component=\"overview\" data-v-83a2b402=\"\" data-v-f3236c42=\"\">\n<p class=\"activity-overview__content\" data-test-id=\"activity-overview-content\" data-v-f3236c42=\"\">Scoprite l'emozionante parco La Hacienda a Punta Cana con un biglietto prenotato. Guidate un buggy su strade estreme, tuffatevi in un fiume naturale, andate a cavallo nella giungla e scivolate lungo la zip line.<\/p>\n<\/section>\n<\/div>\n<div data-track=\"key-details\" data-v-83a2b402=\"\"><\/div>","protected":false},"featured_media":10576,"template":"","meta":[],"product_brand":[],"product_cat":[97],"product_tag":[101,102],"class_list":{"0":"post-10193","1":"product","2":"type-product","3":"status-publish","4":"has-post-thumbnail","6":"product_cat-dominican-republic","7":"product_tag-excursion","8":"product_tag-tour","10":"first","11":"instock","12":"sale","13":"shipping-taxable","14":"product-type-external"},"_links":{"self":[{"href":"https:\/\/sabanadelamartours.com\/it\/wp-json\/wp\/v2\/product\/10193","targetHints":{"allow":["GET"]}}],"collection":[{"href":"https:\/\/sabanadelamartours.com\/it\/wp-json\/wp\/v2\/product"}],"about":[{"href":"https:\/\/sabanadelamartours.com\/it\/wp-json\/wp\/v2\/types\/product"}],"version-history":[{"count":1,"href":"https:\/\/sabanadelamartours.com\/it\/wp-json\/wp\/v2\/product\/10193\/revisions"}],"predecessor-version":[{"id":18419,"href":"https:\/\/sabanadelamartours.com\/it\/wp-json\/wp\/v2\/product\/10193\/revisions\/18419"}],"wp:featuredmedia":[{"embeddable":true,"href":"https:\/\/sabanadelamartours.com\/it\/wp-json\/wp\/v2\/media\/10576"}],"wp:attachment":[{"href":"https:\/\/sabanadelamartours.com\/it\/wp-json\/wp\/v2\/media?parent=10193"}],"wp:term":[{"taxonomy":"product_brand","embeddable":true,"href":"https:\/\/sabanadelamartours.com\/it\/wp-json\/wp\/v2\/product_brand?post=10193"},{"taxonomy":"product_cat","embeddable":true,"href":"https:\/\/sabanadelamartours.com\/it\/wp-json\/wp\/v2\/product_cat?post=10193"},{"taxonomy":"product_tag","embeddable":true,"href":"https:\/\/sabanadelamartours.com\/it\/wp-json\/wp\/v2\/product_tag?post=10193"}],"curies":[{"name":"wp","href":"https:\/\/api.w.org\/{rel}","templated":true}]}}