{"id":10417,"date":"2025-12-18T09:34:02","date_gmt":"2025-12-18T09:34:02","guid":{"rendered":"https:\/\/sabanadelamartours.com\/?post_type=product&#038;p=10417"},"modified":"2026-02-09T04:37:35","modified_gmt":"2026-02-09T04:37:35","slug":"avventura-in-buggies-a-bayahibe-tra-grotte-e-spiagge-della-giungla","status":"publish","type":"product","link":"https:\/\/sabanadelamartours.com\/it\/tour\/avventura-in-buggies-a-bayahibe-tra-grotte-e-spiagge-della-giungla\/","title":{"rendered":"Avventura in buggies a Bayahibe tra giungla, grotte e spiagge"},"content":{"rendered":"<p><strong>Avventura in buggies a Bayahibe tra giungla, grotte e spiagge<\/strong><\/p>\n<p>Preparatevi per un'avventura indimenticabile con il nostro tour in buggy a Bayahibe, La Romana!<\/p>\n<p>Questa emozionante escursione in fuoristrada vi immerger\u00e0 nella bellezza mozzafiato di lussureggianti paesaggi tropicali, permettendovi di provare l'ebbrezza di navigare attraverso tortuose strade sterrate e serpeggianti sentieri nella giungla.<\/p>\n<p>Attraversando questo splendido terreno, avrete l'opportunit\u00e0 di scoprire intriganti grotte nascoste, che offrono l'occasione perfetta per una breve esplorazione e un legame pi\u00f9 profondo con la natura. Inoltre, avrete la possibilit\u00e0 di fare una pausa in una spiaggia appartata e incontaminata, dove potrete rilassarvi, prendere il sole e rigenerarvi in mezzo allo splendido scenario costiero.<\/p>\n<p>Questo tour \u00e8 stato progettato per offrire una combinazione impareggiabile di emozioni adrenaliniche, meraviglie naturali incontaminate e viste panoramiche mozzafiato, che lo rendono la scelta ideale per gli amanti del brivido e per chi \u00e8 alla ricerca di un'esperienza davvero unica e coinvolgente nel cuore dei Caraibi.<\/p>\n<p>Bayahibe, la citt\u00e0 funge anche da porta d'accesso al vicino Parque Nacional del Este, un'area protetta rinomata per i suoi diversi ecosistemi, tra cui spiagge incontaminate, foreste lussureggianti e grotte affascinanti. Inoltre, Bayahibe offre una serie di attivit\u00e0 come lo snorkeling, le immersioni e le gite in barca, fornendo ai visitatori ampie opportunit\u00e0 di esplorare le bellezze naturali della regione.<\/p>","protected":false},"excerpt":{"rendered":"<div data-track=\"overview\" data-v-83a2b402=\"\">\n<section id=\"activity-overview\" class=\"activity-overview\" data-component=\"overview\" data-v-83a2b402=\"\" data-v-f3236c42=\"\">\n<p class=\"activity-overview__content\" data-test-id=\"activity-overview-content\" data-v-f3236c42=\"\">1. Provate il brivido di guidare i buggy fuoristrada attraverso i paesaggi tropicali di Bayahibe. 2. Esplorate i sentieri della giungla, le grotte nascoste e le spiagge paradisiache in un'avventura indimenticabile.<\/p>\n<\/section>\n<\/div>\n<div data-track=\"key-details\" data-v-83a2b402=\"\"><\/div>","protected":false},"featured_media":10752,"template":"","meta":[],"product_brand":[],"product_cat":[97],"product_tag":[101,102],"class_list":{"0":"post-10417","1":"product","2":"type-product","3":"status-publish","4":"has-post-thumbnail","6":"product_cat-dominican-republic","7":"product_tag-excursion","8":"product_tag-tour","10":"first","11":"instock","12":"sale","13":"shipping-taxable","14":"product-type-external"},"_links":{"self":[{"href":"https:\/\/sabanadelamartours.com\/it\/wp-json\/wp\/v2\/product\/10417","targetHints":{"allow":["GET"]}}],"collection":[{"href":"https:\/\/sabanadelamartours.com\/it\/wp-json\/wp\/v2\/product"}],"about":[{"href":"https:\/\/sabanadelamartours.com\/it\/wp-json\/wp\/v2\/types\/product"}],"version-history":[{"count":2,"href":"https:\/\/sabanadelamartours.com\/it\/wp-json\/wp\/v2\/product\/10417\/revisions"}],"predecessor-version":[{"id":18837,"href":"https:\/\/sabanadelamartours.com\/it\/wp-json\/wp\/v2\/product\/10417\/revisions\/18837"}],"wp:featuredmedia":[{"embeddable":true,"href":"https:\/\/sabanadelamartours.com\/it\/wp-json\/wp\/v2\/media\/10752"}],"wp:attachment":[{"href":"https:\/\/sabanadelamartours.com\/it\/wp-json\/wp\/v2\/media?parent=10417"}],"wp:term":[{"taxonomy":"product_brand","embeddable":true,"href":"https:\/\/sabanadelamartours.com\/it\/wp-json\/wp\/v2\/product_brand?post=10417"},{"taxonomy":"product_cat","embeddable":true,"href":"https:\/\/sabanadelamartours.com\/it\/wp-json\/wp\/v2\/product_cat?post=10417"},{"taxonomy":"product_tag","embeddable":true,"href":"https:\/\/sabanadelamartours.com\/it\/wp-json\/wp\/v2\/product_tag?post=10417"}],"curies":[{"name":"wp","href":"https:\/\/api.w.org\/{rel}","templated":true}]}}