{"id":10613,"date":"2025-12-18T09:40:52","date_gmt":"2025-12-18T09:40:52","guid":{"rendered":"https:\/\/sabanadelamartours.com\/?post_type=product&#038;p=10613"},"modified":"2026-01-05T05:06:34","modified_gmt":"2026-01-05T05:06:34","slug":"-16","status":"publish","type":"product","link":"https:\/\/sabanadelamartours.com\/it\/tour\/-16\/","title":{"rendered":"Punta Cana: Samana Cayo Levantado \/ Visita alla balena"},"content":{"rendered":"<p>tra le 7:00 e le 8:00, verremo a prendervi al vostro hotel di punta pana e ci dirigeremo a saman\u00e1. una volta arrivati, saliremo a bordo di un autobus che ci porter\u00e0 a fare un tour panoramico della citt\u00e0 di Santa B\u00e1rbara de Saman\u00e1. Dall'autobus si potranno ammirare le affascinanti case colorate di questa citt\u00e0 e i paesaggi tropicali che la circondano. Successivamente, ci recheremo in un'hacienda, da dove cammineremo fino a raggiungere la cascata El Lim\u00f3n. Se preferite, potete fare questo tour anche a cavallo. Una volta arrivati, potrete fare il bagno nella piscina di acqua turchese che si forma sotto la cascata. Al ritorno dalla cascata, ci recheremo nel centro di Saman\u00e1 per recuperare le forze con un delizioso pranzo a buffet che comprender\u00e0 pesce fresco, fagioli, riso e altri cibi tradizionali. Successivamente, ci imbarcheremo su un catamarano per raggiungere Cayo Levantado. Questo ambiente idilliaco sar\u00e0 il luogo perfetto per gustare una pi\u00f1a colada, cin cin! Infine, torneremo sulla costa per prendere il minibus e partire per Punta Cana. L'arrivo in hotel \u00e8 previsto tra le 19:00 e le 19:30.<\/p>","protected":false},"excerpt":{"rendered":"<div data-track=\"overview\" data-v-83a2b402=\"\">\n<section id=\"activity-overview\" class=\"activity-overview\" data-component=\"overview\" data-v-83a2b402=\"\" data-v-f3236c42=\"\">\n<p class=\"activity-overview__content\" data-test-id=\"activity-overview-content\" data-v-f3236c42=\"\">Esplorate un comune paradisiaco pieno di palme e acque cristalline con questa escursione a Saman\u00e1 da Punta Cana. Non potete mancare!<\/p>\n<\/section>\n<\/div>\n<div data-track=\"key-details\" data-v-83a2b402=\"\"><\/div>","protected":false},"featured_media":10894,"template":"","meta":[],"product_brand":[],"product_cat":[97],"product_tag":[101,102],"class_list":{"0":"post-10613","1":"product","2":"type-product","3":"status-publish","4":"has-post-thumbnail","6":"product_cat-dominican-republic","7":"product_tag-excursion","8":"product_tag-tour","10":"first","11":"instock","12":"shipping-taxable","13":"product-type-external"},"_links":{"self":[{"href":"https:\/\/sabanadelamartours.com\/it\/wp-json\/wp\/v2\/product\/10613","targetHints":{"allow":["GET"]}}],"collection":[{"href":"https:\/\/sabanadelamartours.com\/it\/wp-json\/wp\/v2\/product"}],"about":[{"href":"https:\/\/sabanadelamartours.com\/it\/wp-json\/wp\/v2\/types\/product"}],"version-history":[{"count":1,"href":"https:\/\/sabanadelamartours.com\/it\/wp-json\/wp\/v2\/product\/10613\/revisions"}],"predecessor-version":[{"id":18439,"href":"https:\/\/sabanadelamartours.com\/it\/wp-json\/wp\/v2\/product\/10613\/revisions\/18439"}],"wp:featuredmedia":[{"embeddable":true,"href":"https:\/\/sabanadelamartours.com\/it\/wp-json\/wp\/v2\/media\/10894"}],"wp:attachment":[{"href":"https:\/\/sabanadelamartours.com\/it\/wp-json\/wp\/v2\/media?parent=10613"}],"wp:term":[{"taxonomy":"product_brand","embeddable":true,"href":"https:\/\/sabanadelamartours.com\/it\/wp-json\/wp\/v2\/product_brand?post=10613"},{"taxonomy":"product_cat","embeddable":true,"href":"https:\/\/sabanadelamartours.com\/it\/wp-json\/wp\/v2\/product_cat?post=10613"},{"taxonomy":"product_tag","embeddable":true,"href":"https:\/\/sabanadelamartours.com\/it\/wp-json\/wp\/v2\/product_tag?post=10613"}],"curies":[{"name":"wp","href":"https:\/\/api.w.org\/{rel}","templated":true}]}}