{"id":10677,"date":"2025-12-18T09:43:10","date_gmt":"2025-12-18T09:43:10","guid":{"rendered":"https:\/\/sabanadelamartours.com\/?post_type=product&#038;p=10677"},"modified":"2026-02-09T05:01:13","modified_gmt":"2026-02-09T05:01:13","slug":"-22","status":"publish","type":"product","link":"https:\/\/sabanadelamartours.com\/it\/tour\/-22\/","title":{"rendered":"Amber Cove - Taino Bay Tour in super buggy a 4 posti"},"content":{"rendered":"<p><strong>Amber Cove - Taino Bay Tour in super buggy a 4 posti<\/strong><\/p>\n<p>Dopo essere venuti a prendervi ad Amber Cove o a Taino Bay, guideremo per 2 minuti da Amber Cove e per 12 minuti da Taino Bay fino alla stazione dei Super Buggy.<\/p>\n<p>L\u00ec, riceverete un briefing sulla sicurezza e l'equipaggiamento prima di intraprendere un tour attraverso la campagna, i villaggi dominicani e le bellissime spiagge per 75 minuti. Faremo una sosta in una fabbrica di sigari per assaggiare i bicchierini di MamaJuana e la cioccolata calda al caff\u00e8 per 15 minuti, seguita da una sosta di 15 minuti in spiaggia per un tuffo veloce. Il tour si concluder\u00e0 con una sosta al porto delle navi da crociera di Amber Cove o Taino Bay.<\/p>\n<p>Amber Cove e Taino Bay sono entrambi popolari porti per navi da crociera situati nella Repubblica Dominicana. Sono noti per i loro ambienti pittoreschi e fungono da punti di accesso per i turisti che vogliono esplorare la cultura locale, le bellissime spiagge e le altre attrazioni della regione. Entrambi i porti offrono ai visitatori varie escursioni e attivit\u00e0, dalle visite panoramiche alle avventure acquatiche.<\/p>\n<p>Puerto Plata \u00e8 una grande citt\u00e0 con alcune delle attrazioni pi\u00f9 importanti del paese, tra cui questa.<\/p>","protected":false},"excerpt":{"rendered":"<div data-track=\"overview\" data-v-83a2b402=\"\">\n<section id=\"activity-overview\" class=\"activity-overview\" data-component=\"overview\" data-v-83a2b402=\"\" data-v-f3236c42=\"\">\n<p class=\"activity-overview__content\" data-test-id=\"activity-overview-content\" data-v-f3236c42=\"\">Esplorate la vera Repubblica Dominicana. Scoprite i nostri villaggi di campagna. Godetevi la nostra bellissima spiaggia.<\/p>\n<\/section>\n<\/div>\n<div data-track=\"key-details\" data-v-83a2b402=\"\"><\/div>","protected":false},"featured_media":10983,"template":"","meta":[],"product_brand":[],"product_cat":[97],"product_tag":[101,102],"class_list":{"0":"post-10677","1":"product","2":"type-product","3":"status-publish","4":"has-post-thumbnail","6":"product_cat-dominican-republic","7":"product_tag-excursion","8":"product_tag-tour","10":"first","11":"instock","12":"sale","13":"shipping-taxable","14":"product-type-external"},"_links":{"self":[{"href":"https:\/\/sabanadelamartours.com\/it\/wp-json\/wp\/v2\/product\/10677","targetHints":{"allow":["GET"]}}],"collection":[{"href":"https:\/\/sabanadelamartours.com\/it\/wp-json\/wp\/v2\/product"}],"about":[{"href":"https:\/\/sabanadelamartours.com\/it\/wp-json\/wp\/v2\/types\/product"}],"version-history":[{"count":2,"href":"https:\/\/sabanadelamartours.com\/it\/wp-json\/wp\/v2\/product\/10677\/revisions"}],"predecessor-version":[{"id":18845,"href":"https:\/\/sabanadelamartours.com\/it\/wp-json\/wp\/v2\/product\/10677\/revisions\/18845"}],"wp:featuredmedia":[{"embeddable":true,"href":"https:\/\/sabanadelamartours.com\/it\/wp-json\/wp\/v2\/media\/10983"}],"wp:attachment":[{"href":"https:\/\/sabanadelamartours.com\/it\/wp-json\/wp\/v2\/media?parent=10677"}],"wp:term":[{"taxonomy":"product_brand","embeddable":true,"href":"https:\/\/sabanadelamartours.com\/it\/wp-json\/wp\/v2\/product_brand?post=10677"},{"taxonomy":"product_cat","embeddable":true,"href":"https:\/\/sabanadelamartours.com\/it\/wp-json\/wp\/v2\/product_cat?post=10677"},{"taxonomy":"product_tag","embeddable":true,"href":"https:\/\/sabanadelamartours.com\/it\/wp-json\/wp\/v2\/product_tag?post=10677"}],"curies":[{"name":"wp","href":"https:\/\/api.w.org\/{rel}","templated":true}]}}