{"id":10828,"date":"2025-12-18T09:48:51","date_gmt":"2025-12-18T09:48:51","guid":{"rendered":"https:\/\/sabanadelamartours.com\/?post_type=product&#038;p=10828"},"modified":"2026-01-10T15:58:38","modified_gmt":"2026-01-10T15:58:38","slug":"-35","status":"publish","type":"product","link":"https:\/\/sabanadelamartours.com\/it\/tour\/-35\/","title":{"rendered":"Incredibili escursioni in buggy a Punta Cana con pick up dall'hotel"},"content":{"rendered":"<p>Dopo essere venuti a prendervi in hotel, ci dirigeremo verso l'interno di Punta Cana. Circondati da piantagioni di caff\u00e8 e cacao, vi spiegheremo il percorso che seguiremo e tutto ci\u00f2 che dovete sapere per guidare un buggy.<\/p>\n<p>Accenderemo i motori e inizieremo un percorso emozionante attraverso sentieri coperti di fango, piantagioni di caff\u00e8 e colline. Attraverseremo il letto di un fiume e proveremo l'emozione di avanzare nel cross-country.<\/p>\n<p>La prima tappa sar\u00e0 la spiaggia di Macao. Lontano dai grandi alberghi e dalle zone pi\u00f9 turistiche, questo paradiso ci accoglier\u00e0 con la sua sabbia chiara e le sue acque cristalline. Chi desidera fare un bagno? Avremo tempo per passeggiare e immergerci nel mare dei Caraibi.<\/p>\n<p>Continueremo il percorso in buggy verso le cosiddette Sorgenti Indigene. L\u00ec scopriremo uno dei cenotes pi\u00f9 idilliaci di Punta Cana. Scenderemo dai veicoli e avremo mezz'ora di tempo per esplorare questa piscina sotterranea. Nuotiamo nelle sue acque turchesi!<\/p>\n<p>Infine, lasceremo le carrozze e vi riaccompagneremo al vostro alloggio per concludere l'escursione dopo quattro ore di esperienza.<\/p>","protected":false},"excerpt":{"rendered":"<div data-track=\"overview\" data-v-83a2b402=\"\">\n<section id=\"activity-overview\" class=\"activity-overview\" data-component=\"overview\" data-v-83a2b402=\"\" data-v-f3236c42=\"\">\n<p class=\"activity-overview__content\" data-test-id=\"activity-overview-content\" data-v-f3236c42=\"\">Emozioni in buggy: Vivete l'esperienza estrema del buggy, con la vostra famiglia e i vostri amici a Punta Cana, provate l'adrenalina di un buggy attraverso la grotta della spiaggia di Macao.<\/p>\n<\/section>\n<\/div>\n<div data-track=\"key-details\" data-v-83a2b402=\"\"><\/div>","protected":false},"featured_media":10725,"template":"","meta":[],"product_brand":[],"product_cat":[97],"product_tag":[101,102],"class_list":{"0":"post-10828","1":"product","2":"type-product","3":"status-publish","4":"has-post-thumbnail","6":"product_cat-dominican-republic","7":"product_tag-excursion","8":"product_tag-tour","10":"first","11":"instock","12":"shipping-taxable","13":"product-type-external"},"_links":{"self":[{"href":"https:\/\/sabanadelamartours.com\/it\/wp-json\/wp\/v2\/product\/10828","targetHints":{"allow":["GET"]}}],"collection":[{"href":"https:\/\/sabanadelamartours.com\/it\/wp-json\/wp\/v2\/product"}],"about":[{"href":"https:\/\/sabanadelamartours.com\/it\/wp-json\/wp\/v2\/types\/product"}],"version-history":[{"count":1,"href":"https:\/\/sabanadelamartours.com\/it\/wp-json\/wp\/v2\/product\/10828\/revisions"}],"predecessor-version":[{"id":18431,"href":"https:\/\/sabanadelamartours.com\/it\/wp-json\/wp\/v2\/product\/10828\/revisions\/18431"}],"wp:featuredmedia":[{"embeddable":true,"href":"https:\/\/sabanadelamartours.com\/it\/wp-json\/wp\/v2\/media\/10725"}],"wp:attachment":[{"href":"https:\/\/sabanadelamartours.com\/it\/wp-json\/wp\/v2\/media?parent=10828"}],"wp:term":[{"taxonomy":"product_brand","embeddable":true,"href":"https:\/\/sabanadelamartours.com\/it\/wp-json\/wp\/v2\/product_brand?post=10828"},{"taxonomy":"product_cat","embeddable":true,"href":"https:\/\/sabanadelamartours.com\/it\/wp-json\/wp\/v2\/product_cat?post=10828"},{"taxonomy":"product_tag","embeddable":true,"href":"https:\/\/sabanadelamartours.com\/it\/wp-json\/wp\/v2\/product_tag?post=10828"}],"curies":[{"name":"wp","href":"https:\/\/api.w.org\/{rel}","templated":true}]}}