{"id":11203,"date":"2025-12-18T10:03:55","date_gmt":"2025-12-18T10:03:55","guid":{"rendered":"https:\/\/sabanadelamartours.com\/?post_type=product&#038;p=11203"},"modified":"2026-02-09T05:15:44","modified_gmt":"2026-02-09T05:15:44","slug":"trasferimento-vip-tra-laeroporto-di-punta-cana-e-gli-hotel-di-bayahibe","status":"publish","type":"product","link":"https:\/\/sabanadelamartours.com\/it\/tour\/trasferimento-vip-tra-laeroporto-di-punta-cana-e-gli-hotel-di-bayahibe\/","title":{"rendered":"Trasferimento VIP tra l'aeroporto di Punta Cana e gli hotel di Bayahibe"},"content":{"rendered":"<p>Trasferimento VIP tra l'aeroporto di Punta Cana e gli hotel di Bayahibe<\/p>\n<p>Prenotate il trasferimento che preferite senza complicazioni, ci occuperemo di accompagnarvi durante il vostro tour in Repubblica Dominicana, non dovete preoccuparvi, siamo esperti in trasferimenti e questo vi aiuta a ricevere il servizio che meritate dalla mano di un professionista, rendiamo i vostri viaggi pi\u00f9 sicuri e rilassanti, basta prenotare in anticipo per avere il servizio programmato e l'autista pronto a venirvi a prendere all'aeroporto di vostra scelta in Repubblica Dominicana, a Diamond siamo pronti per il vostro arrivo.<\/p>\n<p>Informazioni su Bayahibe:<\/p>\n<p>Bayah\u00edbe \u00e8 una pittoresca cittadina della Repubblica Dominicana che vanta una ricca storia e una vivace scena turistica. Situata a circa 10 miglia a est di La Romana, sulla costa del Mar dei Caraibi, Bayah\u00edbe fu fondata nel 1874 come villaggio di pescatori da Juan Brito e dalla sua famiglia proveniente da Porto Rico. Oggi \u00e8 una meta ambita dai viaggiatori che vogliono sperimentare le sue bellezze naturali e il suo fascino storico.<\/p>\n<p>Informazioni su Punta Cana:<\/p>\n<p>Punta Cana \u00e8 una localit\u00e0 turistica nella regione pi\u00f9 orientale della Repubblica Dominicana. \u00c8 stata incorporata politicamente come \u201ccomune di Ver\u00f3n-Punta Cana\u201d nel 2006 ed \u00e8 soggetta al comune di Hig\u00fcey (provincia di La Altagracia). Secondo il censimento del 2022, questo comune o distretto aveva una popolazione di 138.919 abitanti.<\/p>\n<p>&nbsp;<\/p>\n<p>&nbsp;<\/p>","protected":false},"excerpt":{"rendered":"<div data-track=\"overview\" data-v-83a2b402=\"\">\n<section id=\"activity-overview\" class=\"activity-overview\" data-component=\"overview\" data-v-83a2b402=\"\" data-v-f3236c42=\"\">\n<p class=\"activity-overview__content\" data-test-id=\"activity-overview-content\" data-v-f3236c42=\"\">Prenotate il vostro trasferimento in anticipo, noi di diamond transportation ci occupiamo di offrirvi un servizio economico e confortevole.<\/p>\n<\/section>\n<\/div>\n<div data-track=\"key-details\" data-v-83a2b402=\"\"><\/div>","protected":false},"featured_media":11459,"template":"","meta":[],"product_brand":[],"product_cat":[97],"product_tag":[101,102],"class_list":{"0":"post-11203","1":"product","2":"type-product","3":"status-publish","4":"has-post-thumbnail","6":"product_cat-dominican-republic","7":"product_tag-excursion","8":"product_tag-tour","10":"first","11":"instock","12":"sale","13":"shipping-taxable","14":"product-type-external"},"_links":{"self":[{"href":"https:\/\/sabanadelamartours.com\/it\/wp-json\/wp\/v2\/product\/11203","targetHints":{"allow":["GET"]}}],"collection":[{"href":"https:\/\/sabanadelamartours.com\/it\/wp-json\/wp\/v2\/product"}],"about":[{"href":"https:\/\/sabanadelamartours.com\/it\/wp-json\/wp\/v2\/types\/product"}],"version-history":[{"count":1,"href":"https:\/\/sabanadelamartours.com\/it\/wp-json\/wp\/v2\/product\/11203\/revisions"}],"predecessor-version":[{"id":18471,"href":"https:\/\/sabanadelamartours.com\/it\/wp-json\/wp\/v2\/product\/11203\/revisions\/18471"}],"wp:featuredmedia":[{"embeddable":true,"href":"https:\/\/sabanadelamartours.com\/it\/wp-json\/wp\/v2\/media\/11459"}],"wp:attachment":[{"href":"https:\/\/sabanadelamartours.com\/it\/wp-json\/wp\/v2\/media?parent=11203"}],"wp:term":[{"taxonomy":"product_brand","embeddable":true,"href":"https:\/\/sabanadelamartours.com\/it\/wp-json\/wp\/v2\/product_brand?post=11203"},{"taxonomy":"product_cat","embeddable":true,"href":"https:\/\/sabanadelamartours.com\/it\/wp-json\/wp\/v2\/product_cat?post=11203"},{"taxonomy":"product_tag","embeddable":true,"href":"https:\/\/sabanadelamartours.com\/it\/wp-json\/wp\/v2\/product_tag?post=11203"}],"curies":[{"name":"wp","href":"https:\/\/api.w.org\/{rel}","templated":true}]}}