{"id":11215,"date":"2025-12-18T10:04:23","date_gmt":"2025-12-18T10:04:23","guid":{"rendered":"https:\/\/sabanadelamartours.com\/?post_type=product&#038;p=11215"},"modified":"2026-02-09T05:16:48","modified_gmt":"2026-02-09T05:16:48","slug":"safari-in-jeep-a-puerto-plata-e-tour-delle-cascate-di-damajagua","status":"publish","type":"product","link":"https:\/\/sabanadelamartours.com\/it\/tour\/safari-in-jeep-a-puerto-plata-e-tour-delle-cascate-di-damajagua\/","title":{"rendered":"Puerto Plata: Safari in jeep e tour delle cascate di Damajagua"},"content":{"rendered":"<h1 class=\"activity__title js-title\" data-track=\"activity-title\" data-test-id=\"activity-title\" data-v-c050e4d7=\"\"><span style=\"font-size: 12pt;\">Puerto Plata: Safari in jeep e tour delle cascate di Damajagua<\/span><\/h1>\n<p>Partecipate a un safari guidato in jeep nella foresta pluviale vicino a Puerto Plata. Saltate e scivolate lungo le famose 27 cascate di Damajagua.<\/p>\n<p>Iniziate la vostra avventura con un prelievo dal vostro alloggio a Puerto Plata. Poi, sedetevi, rilassatevi e godetevi il safari in jeep alle cascate di Damajagua.<\/p>\n<p>Per prima cosa, vi sar\u00e0 data una rapida dimostrazione di come si producono il caff\u00e8 e il cioccolato nella Repubblica Dominicana. Poi, seguite la vostra guida fino alle cascate di Damajagua.<\/p>\n<p>Ammirate le viste panoramiche mentre esplorate le epiche cascate, i canyon e le piscine azzurre.<\/p>\n<p>Sentite i peli sulla nuca mentre saltate, scivolate, nuotate attraverso le rinfrescanti cascate e godete di una giornata ricca di azione.<\/p>\n<div id=\"descriptionTab\" class=\"content\" aria-labelledby=\"drawer_descriptionTab\">\n<div class=\"core-styles\">\n<p>Le cascate di Damajagua, il gioiello della corona di Puerto Plata, offrono una giornata di escursioni attraverso una fitta foresta, attraversando passerelle e passando accanto a numerose specie di flora prima di raggiungere la cima di una collina rocciosa dove inizierete a scendere saltando o scivolando gi\u00f9 per una serie di cascate - indossando elmetti e attrezzatura di sicurezza - scivolando gi\u00f9 per scivoli ammortizzati o saltando in profonde piscine turchesi.<\/p>\n<p>La maggior parte delle escursioni porta solo attraverso sette cascate, poich\u00e9 il raggiungimento della ventisettesima \u00e8 riservato agli avventurieri pi\u00f9 attivi e in forma. Gestito da guide locali che vivono all'interno della comunit\u00e0, le tariffe d'ingresso al parco vanno a beneficio di tutti i residenti, il che lo rende un vantaggio per tutti. Il parco si trova a circa un'ora dalla citt\u00e0 di Puerto Plata. Superati i 27 Charcos de Damajagua, potrete affrontare qualsiasi altra avventura nella RD!<\/p>\n<\/div>\n<\/div>\n<p>&nbsp;<\/p>","protected":false},"excerpt":{"rendered":"<div data-track=\"overview\" data-v-83a2b402=\"\">\n<section id=\"activity-overview\" class=\"activity-overview\" data-component=\"overview\" data-v-83a2b402=\"\" data-v-f3236c42=\"\">\n<p class=\"activity-overview__content\" data-test-id=\"activity-overview-content\" data-v-f3236c42=\"\">Partecipate a un safari guidato in jeep nella foresta tropicale vicino a Puerto Plata per esplorare le cascate di Damajagua.<\/p>\n<\/section>\n<\/div>\n<div data-track=\"key-details\" data-v-83a2b402=\"\"><\/div>","protected":false},"featured_media":11471,"template":"","meta":[],"product_brand":[],"product_cat":[97],"product_tag":[101,102],"class_list":{"0":"post-11215","1":"product","2":"type-product","3":"status-publish","4":"has-post-thumbnail","6":"product_cat-dominican-republic","7":"product_tag-excursion","8":"product_tag-tour","10":"first","11":"instock","12":"sale","13":"shipping-taxable","14":"product-type-external"},"_links":{"self":[{"href":"https:\/\/sabanadelamartours.com\/it\/wp-json\/wp\/v2\/product\/11215","targetHints":{"allow":["GET"]}}],"collection":[{"href":"https:\/\/sabanadelamartours.com\/it\/wp-json\/wp\/v2\/product"}],"about":[{"href":"https:\/\/sabanadelamartours.com\/it\/wp-json\/wp\/v2\/types\/product"}],"version-history":[{"count":1,"href":"https:\/\/sabanadelamartours.com\/it\/wp-json\/wp\/v2\/product\/11215\/revisions"}],"predecessor-version":[{"id":18472,"href":"https:\/\/sabanadelamartours.com\/it\/wp-json\/wp\/v2\/product\/11215\/revisions\/18472"}],"wp:featuredmedia":[{"embeddable":true,"href":"https:\/\/sabanadelamartours.com\/it\/wp-json\/wp\/v2\/media\/11471"}],"wp:attachment":[{"href":"https:\/\/sabanadelamartours.com\/it\/wp-json\/wp\/v2\/media?parent=11215"}],"wp:term":[{"taxonomy":"product_brand","embeddable":true,"href":"https:\/\/sabanadelamartours.com\/it\/wp-json\/wp\/v2\/product_brand?post=11215"},{"taxonomy":"product_cat","embeddable":true,"href":"https:\/\/sabanadelamartours.com\/it\/wp-json\/wp\/v2\/product_cat?post=11215"},{"taxonomy":"product_tag","embeddable":true,"href":"https:\/\/sabanadelamartours.com\/it\/wp-json\/wp\/v2\/product_tag?post=11215"}],"curies":[{"name":"wp","href":"https:\/\/api.w.org\/{rel}","templated":true}]}}