{"id":11232,"date":"2025-12-18T10:04:57","date_gmt":"2025-12-18T10:04:57","guid":{"rendered":"https:\/\/sabanadelamartours.com\/?post_type=product&#038;p=11232"},"modified":"2026-01-05T17:00:25","modified_gmt":"2026-01-05T17:00:25","slug":"avventure-ziplines-monkeyland","status":"publish","type":"product","link":"https:\/\/sabanadelamartours.com\/it\/tour\/avventure-ziplines-monkeyland\/","title":{"rendered":"Punta Cana: Avventure Ziplines e ingresso a Monkeyland"},"content":{"rendered":"<div class=\"woocommerce-product-details__short-description\">\n<div data-track=\"overview\" data-v-83a2b402=\"\">\n<section id=\"activity-overview\" class=\"activity-overview\" data-component=\"overview\" data-v-83a2b402=\"\" data-v-f3236c42=\"\">\n<p data-test-id=\"activity-overview-content\" data-v-f3236c42=\"\">Punta Cana: Avventure Ziplines e ingresso a Monkeyland<\/p>\n<p class=\"activity-overview__content\" data-test-id=\"activity-overview-content\" data-v-f3236c42=\"\">Provate una delle zipline pi\u00f9 lunghe dei Caraibi, volando fianco a fianco con il vostro partner, e poi visitate Monkeyland per interagire con le scimmiette scoiattolo e dar loro da mangiare.<\/p>\n<\/section>\n<\/div>\n<\/div>\n<p>Le guide esperte del canopy vi insegneranno tutto ci\u00f2 che c'\u00e8 da sapere sulle zipline e sull'attrezzatura prima di trasferirvi al Welcome Center, dove si terr\u00e0 un briefing sulla sicurezza. Quando raggiungerete la prima piattaforma, sarete pronti ad affrontare la sfida di volare da una piattaforma all'altra.<\/p>\n<p>Sarete attaccati in sicurezza ai cavi a doppia linea, la pi\u00f9 lunga delle quali si estende per 800 metri. Il tour combinato comprende 8 zipline, tra cui le 2 linee pi\u00f9 lunghe dei Caraibi che si estendono per 2 km tra le montagne. Sfidate il vostro partner mentre viaggiate su cavi affiancati!<\/p>\n<p>Questa escursione di un'intera giornata (9 ore) comprende anche una visita a Monkeyland, dove \u00e8 possibile interagire con le simpatiche scimmie scoiattolo. Immerso nelle montagne di Anamuya, Monkeyland offre la possibilit\u00e0 di osservare le scimmie nel loro ambiente naturale.<\/p>\n<p>In questo ambiente di 5 acri, le scimmie si fidano totalmente dell'uomo. Scenderanno dagli alberi per sedersi sulla vostra spalla e mangiare dalla vostra mano. Tenete presente, per\u00f2, che amano tutto ci\u00f2 che luccica e vorranno controllare gioielli e occhiali da sole!<\/p>\n<p>In seguito, durante la visita alla Coconut House, imparerete come le noci di cocco diventano olio di cocco e avrete anche la possibilit\u00e0 di assaggiare prodotti biologici locali.<\/p>","protected":false},"excerpt":{"rendered":"<div data-track=\"overview\" data-v-83a2b402=\"\">\n<section id=\"activity-overview\" class=\"activity-overview\" data-component=\"overview\" data-v-83a2b402=\"\" data-v-f3236c42=\"\">\n<p class=\"activity-overview__content\" data-test-id=\"activity-overview-content\" data-v-f3236c42=\"\">Provate una delle zipline pi\u00f9 lunghe dei Caraibi, volando fianco a fianco con il vostro partner, e poi visitate Monkeyland per interagire con le scimmiette scoiattolo e dar loro da mangiare.<\/p>\n<\/section>\n<\/div>\n<div data-track=\"key-details\" data-v-83a2b402=\"\"><\/div>","protected":false},"featured_media":11520,"template":"","meta":[],"product_brand":[],"product_cat":[97],"product_tag":[101,102],"class_list":{"0":"post-11232","1":"product","2":"type-product","3":"status-publish","4":"has-post-thumbnail","6":"product_cat-dominican-republic","7":"product_tag-excursion","8":"product_tag-tour","10":"first","11":"instock","12":"sale","13":"shipping-taxable","14":"product-type-external"},"_links":{"self":[{"href":"https:\/\/sabanadelamartours.com\/it\/wp-json\/wp\/v2\/product\/11232","targetHints":{"allow":["GET"]}}],"collection":[{"href":"https:\/\/sabanadelamartours.com\/it\/wp-json\/wp\/v2\/product"}],"about":[{"href":"https:\/\/sabanadelamartours.com\/it\/wp-json\/wp\/v2\/types\/product"}],"version-history":[{"count":1,"href":"https:\/\/sabanadelamartours.com\/it\/wp-json\/wp\/v2\/product\/11232\/revisions"}],"predecessor-version":[{"id":18474,"href":"https:\/\/sabanadelamartours.com\/it\/wp-json\/wp\/v2\/product\/11232\/revisions\/18474"}],"wp:featuredmedia":[{"embeddable":true,"href":"https:\/\/sabanadelamartours.com\/it\/wp-json\/wp\/v2\/media\/11520"}],"wp:attachment":[{"href":"https:\/\/sabanadelamartours.com\/it\/wp-json\/wp\/v2\/media?parent=11232"}],"wp:term":[{"taxonomy":"product_brand","embeddable":true,"href":"https:\/\/sabanadelamartours.com\/it\/wp-json\/wp\/v2\/product_brand?post=11232"},{"taxonomy":"product_cat","embeddable":true,"href":"https:\/\/sabanadelamartours.com\/it\/wp-json\/wp\/v2\/product_cat?post=11232"},{"taxonomy":"product_tag","embeddable":true,"href":"https:\/\/sabanadelamartours.com\/it\/wp-json\/wp\/v2\/product_tag?post=11232"}],"curies":[{"name":"wp","href":"https:\/\/api.w.org\/{rel}","templated":true}]}}