{"id":11275,"date":"2025-12-18T10:06:31","date_gmt":"2025-12-18T10:06:31","guid":{"rendered":"https:\/\/sabanadelamartours.com\/?post_type=product&#038;p=11275"},"modified":"2026-02-09T05:21:45","modified_gmt":"2026-02-09T05:21:45","slug":"-49","status":"publish","type":"product","link":"https:\/\/sabanadelamartours.com\/it\/tour\/-49\/","title":{"rendered":"Santo Domingo: Escursione di un giorno al Parco Nazionale di Los Haitises"},"content":{"rendered":"<p>Questo tour senza precedenti vi offre la possibilit\u00e0 di scoprire la pi\u00f9 grande riserva naturale della Repubblica Dominicana. Assistete al gioiello dell'ecoturismo nei Caraibi.<\/p>\n<p>Quanti parchi nazionali ha la Repubblica Dominicana? Dove si trova il Parco nazionale Los Haitises? Qual \u00e8 il significato di Haitises? Che tipo di natura si pu\u00f2 trovare a Los Haitises? Qual \u00e8 il legame tra il film Jurassic Park e Los Haitises? Perch\u00e9 si dovrebbe andare presto a Los Haitises? .<\/p>\n<p>Scoprirete lo splendido scenario naturale da sogno delle foreste marine e di mangrovie della Baia di San Lorenzo. Un'indimenticabile giornata di avventura che vi far\u00e0 immergere nella vera essenza di ci\u00f2 che la Repubblica Dominicana ha da offrire.<\/p>\n<section class=\"full-description activity-experience__item\" data-test-id=\"activity-full-description\" data-v-2760aec9=\"\" data-v-5835c99c=\"\">\n<div class=\"activity-accordion-item\" data-v-5835c99c=\"\">\n<div class=\"activity-accordion-item__content--hidden activity-accordion-item__content\">\n<section class=\"toggle-content\" data-v-5835c99c=\"\" data-v-59485d64=\"\">\n<div class=\"toggle-content__content toggle-content__content--expanded\" data-v-59485d64=\"\">\n<div data-test-id=\"activity-full-description-text\" data-v-5835c99c=\"\">Preparatevi a vivere la Repubblica Dominicana da una prospettiva diversa. Una guida carismatica locale vi sveler\u00e0 fatti interessanti sul Parco Nazionale Los Haitises.<\/div>\n<\/div>\n<\/section>\n<\/div>\n<\/div>\n<\/section>\n<section class=\"activity-includes activity-experience__item\" data-test-id=\"activity-includes-section\" data-v-2760aec9=\"\" data-v-7976cbc6=\"\">\n<div class=\"activity-accordion-item\" data-v-7976cbc6=\"\">\n<div class=\"activity-accordion-item-header\"><\/div>\n<\/div>\n<\/section>","protected":false},"excerpt":{"rendered":"<div data-track=\"overview\" data-v-83a2b402=\"\">\n<section id=\"activity-overview\" class=\"activity-overview\" data-component=\"overview\" data-v-83a2b402=\"\" data-v-f3236c42=\"\">\n<p class=\"activity-overview__content\" data-test-id=\"activity-overview-content\" data-v-f3236c42=\"\">Fate un viaggio nella pi\u00f9 grande riserva naturale della Repubblica Dominicana. Esplorate grotte uniche con spiagge bellissime, ammirate le lussureggianti foreste di mangrovie in barca e visitate l'appartata cittadina di Sabana de La Mar.<\/p>\n<\/section>\n<\/div>\n<div data-track=\"key-details\" data-v-83a2b402=\"\"><\/div>","protected":false},"featured_media":11574,"template":"","meta":[],"product_brand":[],"product_cat":[97],"product_tag":[101,102],"class_list":{"0":"post-11275","1":"product","2":"type-product","3":"status-publish","4":"has-post-thumbnail","6":"product_cat-dominican-republic","7":"product_tag-excursion","8":"product_tag-tour","10":"first","11":"instock","12":"shipping-taxable","13":"product-type-external"},"_links":{"self":[{"href":"https:\/\/sabanadelamartours.com\/it\/wp-json\/wp\/v2\/product\/11275","targetHints":{"allow":["GET"]}}],"collection":[{"href":"https:\/\/sabanadelamartours.com\/it\/wp-json\/wp\/v2\/product"}],"about":[{"href":"https:\/\/sabanadelamartours.com\/it\/wp-json\/wp\/v2\/types\/product"}],"version-history":[{"count":1,"href":"https:\/\/sabanadelamartours.com\/it\/wp-json\/wp\/v2\/product\/11275\/revisions"}],"predecessor-version":[{"id":18482,"href":"https:\/\/sabanadelamartours.com\/it\/wp-json\/wp\/v2\/product\/11275\/revisions\/18482"}],"wp:featuredmedia":[{"embeddable":true,"href":"https:\/\/sabanadelamartours.com\/it\/wp-json\/wp\/v2\/media\/11574"}],"wp:attachment":[{"href":"https:\/\/sabanadelamartours.com\/it\/wp-json\/wp\/v2\/media?parent=11275"}],"wp:term":[{"taxonomy":"product_brand","embeddable":true,"href":"https:\/\/sabanadelamartours.com\/it\/wp-json\/wp\/v2\/product_brand?post=11275"},{"taxonomy":"product_cat","embeddable":true,"href":"https:\/\/sabanadelamartours.com\/it\/wp-json\/wp\/v2\/product_cat?post=11275"},{"taxonomy":"product_tag","embeddable":true,"href":"https:\/\/sabanadelamartours.com\/it\/wp-json\/wp\/v2\/product_tag?post=11275"}],"curies":[{"name":"wp","href":"https:\/\/api.w.org\/{rel}","templated":true}]}}