{"id":11392,"date":"2025-12-18T10:11:00","date_gmt":"2025-12-18T10:11:00","guid":{"rendered":"https:\/\/sabanadelamartours.com\/?post_type=product&#038;p=11392"},"modified":"2025-12-18T10:21:51","modified_gmt":"2025-12-18T10:21:51","slug":"-58","status":"publish","type":"product","link":"https:\/\/sabanadelamartours.com\/it\/tour\/-58\/","title":{"rendered":""},"content":{"rendered":"<p>Esplorate la capitale della Repubblica Dominicana con questo tour privato di un giorno intero di Santo Domingo. Percorrete le storiche strade coloniali con la vostra amichevole guida locale e ammirate alcuni dei monumenti pi\u00f9 antichi del Nuovo Mondo in quella che \u00e8 considerata la pi\u00f9 antica citt\u00e0 europea dell'emisfero occidentale. Passeggiate a piedi attraverso l'iconica Zona Coloniale, oppure optate per un'opzione di un'intera giornata per vedere altri punti salienti della citt\u00e0. Tour turistico privato di Santo Domingo Fate un tour a piedi della Zona Coloniale per vedere i suoi monumenti del XVI secolo Scoprite la lunga storia della citt\u00e0 con una guida privata Visitate attrazioni come il Museo Alcazar de Colon, il Pantheon Nazionale e la Cattedrale Primate d'America Scegliete il tour di un'intera giornata per esplorare le attrazioni al di fuori della Zona Coloniale, come il Malecon e il Faro di Colombo Pranzo incluso nel tour di un'intera giornata Trasporto in hotel incluso.<\/p>","protected":false},"excerpt":{"rendered":"<div data-track=\"overview\" data-v-83a2b402=\"\">\n<section id=\"activity-overview\" class=\"activity-overview\" data-component=\"overview\" data-v-83a2b402=\"\" data-v-f3236c42=\"\">\n<p class=\"activity-overview__content\" data-test-id=\"activity-overview-content\" data-v-f3236c42=\"\">Esplorate la capitale della Repubblica Dominicana<\/p>\n<\/section>\n<\/div>\n<div data-track=\"key-details\" data-v-83a2b402=\"\"><\/div>","protected":false},"featured_media":11691,"template":"","meta":[],"product_brand":[],"product_cat":[97],"product_tag":[101,102],"class_list":{"0":"post-11392","1":"product","2":"type-product","3":"status-publish","4":"has-post-thumbnail","6":"product_cat-dominican-republic","7":"product_tag-excursion","8":"product_tag-tour","10":"first","11":"instock","12":"shipping-taxable","13":"product-type-external"},"_links":{"self":[{"href":"https:\/\/sabanadelamartours.com\/it\/wp-json\/wp\/v2\/product\/11392","targetHints":{"allow":["GET"]}}],"collection":[{"href":"https:\/\/sabanadelamartours.com\/it\/wp-json\/wp\/v2\/product"}],"about":[{"href":"https:\/\/sabanadelamartours.com\/it\/wp-json\/wp\/v2\/types\/product"}],"version-history":[{"count":0,"href":"https:\/\/sabanadelamartours.com\/it\/wp-json\/wp\/v2\/product\/11392\/revisions"}],"wp:featuredmedia":[{"embeddable":true,"href":"https:\/\/sabanadelamartours.com\/it\/wp-json\/wp\/v2\/media\/11691"}],"wp:attachment":[{"href":"https:\/\/sabanadelamartours.com\/it\/wp-json\/wp\/v2\/media?parent=11392"}],"wp:term":[{"taxonomy":"product_brand","embeddable":true,"href":"https:\/\/sabanadelamartours.com\/it\/wp-json\/wp\/v2\/product_brand?post=11392"},{"taxonomy":"product_cat","embeddable":true,"href":"https:\/\/sabanadelamartours.com\/it\/wp-json\/wp\/v2\/product_cat?post=11392"},{"taxonomy":"product_tag","embeddable":true,"href":"https:\/\/sabanadelamartours.com\/it\/wp-json\/wp\/v2\/product_tag?post=11392"}],"curies":[{"name":"wp","href":"https:\/\/api.w.org\/{rel}","templated":true}]}}