{"id":11401,"date":"2025-12-18T10:11:36","date_gmt":"2025-12-18T10:11:36","guid":{"rendered":"https:\/\/sabanadelamartours.com\/?post_type=product&#038;p=11401"},"modified":"2025-12-18T10:22:16","modified_gmt":"2025-12-18T10:22:16","slug":"-59","status":"publish","type":"product","link":"https:\/\/sabanadelamartours.com\/it\/tour\/-59\/","title":{"rendered":""},"content":{"rendered":"<p>Scoprite la ricca storia e la vibrante cultura della Repubblica Dominicana con il nostro tour di Santo Domingo di una giornata intera, partendo da Punta Cana. Questa coinvolgente esperienza di 9-10 ore combina il trasporto a piedi e in autobus, offrendo un'esplorazione completa della capitale del Paese.<\/p>\n<p>Il viaggio inizia con un comodo prelievo dagli hotel e dai resort di Punta Cana, che prepara il terreno per una giornata all'insegna dell'avventura. Visiterete luoghi emblematici come Los Tres Ojos, uno splendido sistema di grotte sotterranee con lagune cristalline, e il Faro a Col\u00f3n, un faro monumentale dedicato a Cristoforo Colombo. Esplorate la Casa de Col\u00f3n (Casa di Colombo) e passeggiate nello storico Parque Col\u00f3n e nel Parque Duarte, nel cuore della Zona Colonial, patrimonio mondiale dell'UNESCO.<\/p>\n<p>Ammirate lo splendore architettonico dell'Alc\u00e1zar de Col\u00f3n e della Catedral Primada de Am\u00e9rica, la pi\u00f9 antica cattedrale del Nuovo Mondo. Godetevi un delizioso pranzo al ristorante Mugado nella Zona Colonial, assaporando i sapori tradizionali dominicani. Il tour include anche una visita a una fabbrica di Larimar, dove potrete conoscere e acquistare questa bellissima e rara gemma blu, unica della Repubblica Dominicana.<\/p>\n<p>Offerto in spagnolo, inglese, francese e portoghese, questo tour \u00e8 perfetto per gli appassionati di storia, per gli amanti della cultura e per chiunque voglia vivere l'essenza di Santo Domingo.<\/p>","protected":false},"excerpt":{"rendered":"<div data-track=\"overview\" data-v-83a2b402=\"\">\n<section id=\"activity-overview\" class=\"activity-overview\" data-component=\"overview\" data-v-83a2b402=\"\" data-v-f3236c42=\"\">\n<p class=\"activity-overview__content\" data-test-id=\"activity-overview-content\" data-v-f3236c42=\"\">Esplorate la ricca storia e la vibrante cultura di Santo Domingo con un tour della citt\u00e0 di 9-10 ore da Punta Cana, che combina il trasporto a piedi e in autobus per un'esperienza completa della Repubblica Dominicana.<\/p>\n<\/section>\n<\/div>\n<div data-track=\"key-details\" data-v-83a2b402=\"\"><\/div>","protected":false},"featured_media":11702,"template":"","meta":[],"product_brand":[],"product_cat":[97],"product_tag":[101,102],"class_list":{"0":"post-11401","1":"product","2":"type-product","3":"status-publish","4":"has-post-thumbnail","6":"product_cat-dominican-republic","7":"product_tag-excursion","8":"product_tag-tour","10":"first","11":"instock","12":"sale","13":"shipping-taxable","14":"product-type-external"},"_links":{"self":[{"href":"https:\/\/sabanadelamartours.com\/it\/wp-json\/wp\/v2\/product\/11401","targetHints":{"allow":["GET"]}}],"collection":[{"href":"https:\/\/sabanadelamartours.com\/it\/wp-json\/wp\/v2\/product"}],"about":[{"href":"https:\/\/sabanadelamartours.com\/it\/wp-json\/wp\/v2\/types\/product"}],"version-history":[{"count":0,"href":"https:\/\/sabanadelamartours.com\/it\/wp-json\/wp\/v2\/product\/11401\/revisions"}],"wp:featuredmedia":[{"embeddable":true,"href":"https:\/\/sabanadelamartours.com\/it\/wp-json\/wp\/v2\/media\/11702"}],"wp:attachment":[{"href":"https:\/\/sabanadelamartours.com\/it\/wp-json\/wp\/v2\/media?parent=11401"}],"wp:term":[{"taxonomy":"product_brand","embeddable":true,"href":"https:\/\/sabanadelamartours.com\/it\/wp-json\/wp\/v2\/product_brand?post=11401"},{"taxonomy":"product_cat","embeddable":true,"href":"https:\/\/sabanadelamartours.com\/it\/wp-json\/wp\/v2\/product_cat?post=11401"},{"taxonomy":"product_tag","embeddable":true,"href":"https:\/\/sabanadelamartours.com\/it\/wp-json\/wp\/v2\/product_tag?post=11401"}],"curies":[{"name":"wp","href":"https:\/\/api.w.org\/{rel}","templated":true}]}}