{"id":11464,"date":"2025-12-18T10:13:37","date_gmt":"2025-12-18T10:13:37","guid":{"rendered":"https:\/\/sabanadelamartours.com\/?post_type=product&#038;p=11464"},"modified":"2026-02-14T07:04:16","modified_gmt":"2026-02-14T07:04:16","slug":"-64","status":"publish","type":"product","link":"https:\/\/sabanadelamartours.com\/it\/tour\/-64\/","title":{"rendered":"4Ruote su strada"},"content":{"rendered":"<p>Sarete prelevati al punto d'incontro e vi dirigerete verso la localit\u00e0 da 15 a 25 minuti dalla localit\u00e0 principale. Vi verr\u00e0 fornito un ATV e un breve orientamento sulla sicurezza in modo che possiate sentirvi a vostro agio e guidare in sicurezza.<\/p>\n<p>Seguirete la vostra guida ATV in un tour emozionante che vi porter\u00e0 attraverso la campagna e gli impressionanti paesaggi di Puerto Plata,<\/p>\n<p>Durante l'escursione, avrete l'opportunit\u00e0 di fermarvi per scattare foto e godervi il panorama. \u00c8 previsto anche un po' di tempo in spiaggia, per circa 20 minuti.<\/p>\n<p>Per questa escursione non sono ammessi sandali o infradito.<\/p>\n<p>\u00c8 necessario portare con s\u00e9 un fazzoletto per coprire la bocca dalla polvere, oppure pu\u00f2 essere acquistato in loco a 5 euro al paio.<\/p>\n<div class=\"toggle-content__content toggle-content__content--expanded toggle-content__content--packable\" data-v-59485d64=\"\">\n<div data-test-id=\"activity-full-description-text\" data-v-5835c99c=\"\">I bambini devono avere dagli 8 anni in su e condivideranno un ATV doppio con un adulto; naturalmente l'adulto guider\u00e0.<\/div>\n<\/div>\n<div class=\"toggle-content__label-placeholder\" data-v-59485d64=\"\"><\/div>","protected":false},"excerpt":{"rendered":"<div data-track=\"overview\" data-v-83a2b402=\"\">\n<section id=\"activity-overview\" class=\"activity-overview\" data-component=\"overview\" data-v-83a2b402=\"\" data-v-f3236c42=\"\">\n<p class=\"activity-overview__content\" data-test-id=\"activity-overview-content\" data-v-f3236c42=\"\">Un'emozionante avventura in ATV. Guidate il vostro veicolo fuoristrada, noto anche come quad. Tempo in spiaggia.<\/p>\n<\/section>\n<\/div>\n<div data-track=\"key-details\" data-v-83a2b402=\"\"><\/div>","protected":false},"featured_media":11754,"template":"","meta":[],"product_brand":[],"product_cat":[97],"product_tag":[101,102],"class_list":{"0":"post-11464","1":"product","2":"type-product","3":"status-publish","4":"has-post-thumbnail","6":"product_cat-dominican-republic","7":"product_tag-excursion","8":"product_tag-tour","10":"first","11":"instock","12":"shipping-taxable","13":"product-type-external"},"_links":{"self":[{"href":"https:\/\/sabanadelamartours.com\/it\/wp-json\/wp\/v2\/product\/11464","targetHints":{"allow":["GET"]}}],"collection":[{"href":"https:\/\/sabanadelamartours.com\/it\/wp-json\/wp\/v2\/product"}],"about":[{"href":"https:\/\/sabanadelamartours.com\/it\/wp-json\/wp\/v2\/types\/product"}],"version-history":[{"count":1,"href":"https:\/\/sabanadelamartours.com\/it\/wp-json\/wp\/v2\/product\/11464\/revisions"}],"predecessor-version":[{"id":18495,"href":"https:\/\/sabanadelamartours.com\/it\/wp-json\/wp\/v2\/product\/11464\/revisions\/18495"}],"wp:featuredmedia":[{"embeddable":true,"href":"https:\/\/sabanadelamartours.com\/it\/wp-json\/wp\/v2\/media\/11754"}],"wp:attachment":[{"href":"https:\/\/sabanadelamartours.com\/it\/wp-json\/wp\/v2\/media?parent=11464"}],"wp:term":[{"taxonomy":"product_brand","embeddable":true,"href":"https:\/\/sabanadelamartours.com\/it\/wp-json\/wp\/v2\/product_brand?post=11464"},{"taxonomy":"product_cat","embeddable":true,"href":"https:\/\/sabanadelamartours.com\/it\/wp-json\/wp\/v2\/product_cat?post=11464"},{"taxonomy":"product_tag","embeddable":true,"href":"https:\/\/sabanadelamartours.com\/it\/wp-json\/wp\/v2\/product_tag?post=11464"}],"curies":[{"name":"wp","href":"https:\/\/api.w.org\/{rel}","templated":true}]}}